{"id":2567,"date":"2014-04-17T14:42:36","date_gmt":"2014-04-17T12:42:36","guid":{"rendered":"http:\/\/www.cascinabricchetto.it\/?page_id=2567"},"modified":"2024-06-02T13:27:33","modified_gmt":"2024-06-02T11:27:33","slug":"esperienze-sensoriali","status":"publish","type":"page","link":"https:\/\/www.cascinabricchetto.it\/it\/esperienze\/esperienze-sensoriali\/","title":{"rendered":"Esperienze sensoriali"},"content":{"rendered":"<div  data-transition=\"slide\" data-overall_style=\"classic\" data-flexible-height=\"\" data-animate-in-effect=\"none\" data-fullscreen=\"false\" data-button-sizing=\"large\" data-button-styling=\"btn_with_count\" data-autorotate=\"3000\" data-parallax=\"false\" data-parallax-disable-mobile=\"\" data-caption-trans=\"fade_in_from_bottom\" data-parallax-style=\"bg_only\" data-bg-animation=\"none\" data-full-width=\"false\" class=\"nectar-slider-wrap \" id=\"nectar-slider-instance-1\"><div class=\"swiper-container\"  data-tho=\"auto\" data-tco=\"auto\" data-pho=\"auto\" data-pco=\"auto\" data-loop=\"true\" data-height=\"650\" data-min-height=\"\" data-arrows=\"false\" data-bullets=\"true\" data-bullet_style=\"scale\" data-bullet_position=\"bottom\" data-desktop-swipe=\"false\" data-settings=\"\"> <div class=\"swiper-wrapper\"><div class=\"swiper-slide\" data-desktop-content-width=\"auto\" data-tablet-content-width=\"auto\" data-bg-alignment=\"center\" data-color-scheme=\"light\" data-x-pos=\"left\" data-y-pos=\"middle\" ><div class=\"slide-bg-wrap\"><div class=\"image-bg\" style=\"background-image: url(https:\/\/www.cascinabricchetto.it\/wp-content\/uploads\/2023\/11\/IMG_1314-L.jpg);\"> &nbsp; <\/div><\/div><div class=\"video-texture \"> <span class=\"ie-fix\"><\/span> <\/div><\/div> <!--\/swiper-slide--><div class=\"swiper-slide\" data-desktop-content-width=\"auto\" data-tablet-content-width=\"auto\" data-bg-alignment=\"center\" data-color-scheme=\"light\" data-x-pos=\"left\" data-y-pos=\"middle\" ><div class=\"slide-bg-wrap\"><div class=\"image-bg\" style=\"background-image: url(https:\/\/www.cascinabricchetto.it\/wp-content\/uploads\/2023\/11\/P7100107Loto-grande.jpg);\"> &nbsp; <\/div><\/div><div class=\"video-texture \"> <span class=\"ie-fix\"><\/span> <\/div><\/div> <!--\/swiper-slide--><div class=\"swiper-slide\" data-desktop-content-width=\"auto\" data-tablet-content-width=\"auto\" data-bg-alignment=\"center\" data-color-scheme=\"light\" data-x-pos=\"left\" data-y-pos=\"middle\" ><div class=\"slide-bg-wrap\"><div class=\"image-bg\" style=\"background-image: url(https:\/\/www.cascinabricchetto.it\/wp-content\/uploads\/2023\/11\/P2170429.jpg);\"> &nbsp; <\/div><\/div><div class=\"video-texture \"> <span class=\"ie-fix\"><\/span> <\/div><\/div> <!--\/swiper-slide--><div class=\"swiper-slide\" data-desktop-content-width=\"auto\" data-tablet-content-width=\"auto\" data-bg-alignment=\"center\" data-color-scheme=\"light\" data-x-pos=\"left\" data-y-pos=\"middle\" ><div class=\"slide-bg-wrap\"><div class=\"image-bg\" style=\"background-image: url(https:\/\/www.cascinabricchetto.it\/wp-content\/uploads\/2023\/11\/P2170440.jpg);\"> &nbsp; <\/div><\/div><div class=\"video-texture \"> <span class=\"ie-fix\"><\/span> <\/div><\/div> <!--\/swiper-slide--><div class=\"swiper-slide\" data-desktop-content-width=\"auto\" data-tablet-content-width=\"auto\" data-bg-alignment=\"center\" data-color-scheme=\"light\" data-x-pos=\"left\" data-y-pos=\"middle\" ><div class=\"slide-bg-wrap\"><div class=\"image-bg\" style=\"background-image: url(https:\/\/www.cascinabricchetto.it\/wp-content\/uploads\/2023\/11\/5862696185_0c643656bb_amarene.jpg);\"> &nbsp; <\/div><\/div><div class=\"video-texture \"> <span class=\"ie-fix\"><\/span> <\/div><\/div> <!--\/swiper-slide--><div class=\"swiper-slide\" data-desktop-content-width=\"auto\" data-tablet-content-width=\"auto\" data-bg-alignment=\"center\" data-color-scheme=\"light\" data-x-pos=\"left\" data-y-pos=\"middle\" ><div class=\"slide-bg-wrap\"><div class=\"image-bg\" style=\"background-image: url(https:\/\/www.cascinabricchetto.it\/wp-content\/uploads\/2023\/11\/5845037111_a2b7df718f_o.jpg);\"> &nbsp; <\/div><\/div><div class=\"video-texture \"> <span class=\"ie-fix\"><\/span> <\/div><\/div> <!--\/swiper-slide--><div class=\"swiper-slide\" data-desktop-content-width=\"auto\" data-tablet-content-width=\"auto\" data-bg-alignment=\"center\" data-color-scheme=\"light\" data-x-pos=\"left\" data-y-pos=\"middle\" ><div class=\"slide-bg-wrap\"><div class=\"image-bg\" style=\"background-image: url(https:\/\/www.cascinabricchetto.it\/wp-content\/uploads\/2023\/11\/5792680231_14e4c5752b_o.jpg);\"> &nbsp; <\/div><\/div><div class=\"video-texture \"> <span class=\"ie-fix\"><\/span> <\/div><\/div> <!--\/swiper-slide--><div class=\"swiper-slide\" data-desktop-content-width=\"auto\" data-tablet-content-width=\"auto\" data-bg-alignment=\"center\" data-color-scheme=\"light\" data-x-pos=\"left\" data-y-pos=\"middle\" ><div class=\"slide-bg-wrap\"><div class=\"image-bg\" style=\"background-image: url(https:\/\/www.cascinabricchetto.it\/wp-content\/uploads\/2023\/11\/DSC_0477.jpg);\"> &nbsp; <\/div><\/div><div class=\"video-texture \"> <span class=\"ie-fix\"><\/span> <\/div><\/div> <!--\/swiper-slide--><div class=\"swiper-slide\" data-desktop-content-width=\"auto\" data-tablet-content-width=\"auto\" data-bg-alignment=\"center\" data-color-scheme=\"light\" data-x-pos=\"left\" data-y-pos=\"middle\" ><div class=\"slide-bg-wrap\"><div class=\"image-bg\" style=\"background-image: url(https:\/\/www.cascinabricchetto.it\/wp-content\/uploads\/2023\/11\/IMG_1345-L.jpg);\"> &nbsp; <\/div><\/div><div class=\"video-texture \"> <span class=\"ie-fix\"><\/span> <\/div><\/div> <!--\/swiper-slide--><div class=\"swiper-slide\" data-desktop-content-width=\"auto\" data-tablet-content-width=\"auto\" data-bg-alignment=\"center\" data-color-scheme=\"light\" data-x-pos=\"left\" data-y-pos=\"middle\" ><div class=\"slide-bg-wrap\"><div class=\"image-bg\" style=\"background-image: url(https:\/\/www.cascinabricchetto.it\/wp-content\/uploads\/2023\/11\/IMG_1349-L.jpg);\"> &nbsp; <\/div><\/div><div class=\"video-texture \"> <span class=\"ie-fix\"><\/span> <\/div><\/div> <!--\/swiper-slide--><div class=\"swiper-slide\" data-desktop-content-width=\"auto\" data-tablet-content-width=\"auto\" data-bg-alignment=\"center\" data-color-scheme=\"light\" data-x-pos=\"left\" data-y-pos=\"middle\" ><div class=\"slide-bg-wrap\"><div class=\"image-bg\" style=\"background-image: url(https:\/\/www.cascinabricchetto.it\/wp-content\/uploads\/2023\/11\/7041433793_97568e728f_bpesco-di-Gino.jpg);\"> &nbsp; <\/div><\/div><div class=\"video-texture \"> <span class=\"ie-fix\"><\/span> <\/div><\/div> <!--\/swiper-slide--><div class=\"swiper-slide\" data-desktop-content-width=\"auto\" data-tablet-content-width=\"auto\" data-bg-alignment=\"center\" data-color-scheme=\"light\" data-x-pos=\"left\" data-y-pos=\"middle\" ><div class=\"slide-bg-wrap\"><div class=\"image-bg\" style=\"background-image: url(https:\/\/www.cascinabricchetto.it\/wp-content\/uploads\/2023\/11\/P7120110-Loto.jpg);\"> &nbsp; <\/div><\/div><div class=\"video-texture \"> <span class=\"ie-fix\"><\/span> <\/div><\/div> <!--\/swiper-slide--><div class=\"swiper-slide\" data-desktop-content-width=\"auto\" data-tablet-content-width=\"auto\" data-bg-alignment=\"center\" data-color-scheme=\"light\" data-x-pos=\"left\" data-y-pos=\"middle\" ><div class=\"slide-bg-wrap\"><div class=\"image-bg\" style=\"background-image: url(https:\/\/www.cascinabricchetto.it\/wp-content\/uploads\/2023\/11\/5653020182_4850522dff_o-rosa-canina.jpg);\"> &nbsp; <\/div><\/div><div class=\"video-texture \"> <span class=\"ie-fix\"><\/span> <\/div><\/div> <!--\/swiper-slide--><div class=\"swiper-slide\" data-desktop-content-width=\"auto\" data-tablet-content-width=\"auto\" data-bg-alignment=\"center\" data-color-scheme=\"light\" data-x-pos=\"left\" data-y-pos=\"middle\" ><div class=\"slide-bg-wrap\"><div class=\"image-bg\" style=\"background-image: url(https:\/\/www.cascinabricchetto.it\/wp-content\/uploads\/2023\/11\/5817366003_e050ecd02a_o.jpg);\"> &nbsp; <\/div><\/div><div class=\"video-texture \"> <span class=\"ie-fix\"><\/span> <\/div><\/div> <!--\/swiper-slide--><div class=\"swiper-slide\" data-desktop-content-width=\"auto\" data-tablet-content-width=\"auto\" data-bg-alignment=\"center\" data-color-scheme=\"light\" data-x-pos=\"left\" data-y-pos=\"middle\" ><div class=\"slide-bg-wrap\"><div class=\"image-bg\" style=\"background-image: url(https:\/\/www.cascinabricchetto.it\/wp-content\/uploads\/2023\/11\/PICT7311.jpg);\"> &nbsp; <\/div><\/div><div class=\"video-texture \"> <span class=\"ie-fix\"><\/span> <\/div><\/div> <!--\/swiper-slide--><div class=\"swiper-slide\" data-desktop-content-width=\"auto\" data-tablet-content-width=\"auto\" data-bg-alignment=\"center\" data-color-scheme=\"light\" data-x-pos=\"left\" data-y-pos=\"middle\" ><div class=\"slide-bg-wrap\"><div class=\"image-bg\" style=\"background-image: url(https:\/\/www.cascinabricchetto.it\/wp-content\/uploads\/2023\/11\/DSC_6626.jpg);\"> &nbsp; <\/div><\/div><div class=\"video-texture \"> <span class=\"ie-fix\"><\/span> <\/div><\/div> <!--\/swiper-slide--><div class=\"swiper-slide\" data-desktop-content-width=\"auto\" data-tablet-content-width=\"auto\" data-bg-alignment=\"center\" data-color-scheme=\"light\" data-x-pos=\"left\" data-y-pos=\"middle\" ><div class=\"slide-bg-wrap\"><div class=\"image-bg\" style=\"background-image: url(https:\/\/www.cascinabricchetto.it\/wp-content\/uploads\/2023\/11\/PICT7278.jpg);\"> &nbsp; <\/div><\/div><div class=\"video-texture \"> <span class=\"ie-fix\"><\/span> <\/div><\/div> <!--\/swiper-slide--><div class=\"swiper-slide\" data-desktop-content-width=\"auto\" data-tablet-content-width=\"auto\" data-bg-alignment=\"center\" data-color-scheme=\"light\" data-x-pos=\"left\" data-y-pos=\"middle\" ><div class=\"slide-bg-wrap\"><div class=\"image-bg\" style=\"background-image: url(https:\/\/www.cascinabricchetto.it\/wp-content\/uploads\/2023\/11\/P2030253-Neve-ghiaccioli-portico.jpg);\"> &nbsp; <\/div><\/div><div class=\"video-texture \"> <span class=\"ie-fix\"><\/span> <\/div><\/div> <!--\/swiper-slide--><div class=\"swiper-slide\" data-desktop-content-width=\"auto\" data-tablet-content-width=\"auto\" data-bg-alignment=\"center\" data-color-scheme=\"light\" data-x-pos=\"left\" data-y-pos=\"middle\" ><div class=\"slide-bg-wrap\"><div class=\"image-bg\" style=\"background-image: url(https:\/\/www.cascinabricchetto.it\/wp-content\/uploads\/2023\/11\/Gladiolo-selvatico.jpg);\"> &nbsp; <\/div><\/div><div class=\"video-texture \"> <span class=\"ie-fix\"><\/span> <\/div><\/div> <!--\/swiper-slide--><div class=\"swiper-slide\" data-desktop-content-width=\"auto\" data-tablet-content-width=\"auto\" data-bg-alignment=\"center\" data-color-scheme=\"light\" data-x-pos=\"left\" data-y-pos=\"middle\" ><div class=\"slide-bg-wrap\"><div class=\"image-bg\" style=\"background-image: url(https:\/\/www.cascinabricchetto.it\/wp-content\/uploads\/2023\/11\/Vigneti-primavera-1-0165.jpg);\"> &nbsp; <\/div><\/div><div class=\"video-texture \"> <span class=\"ie-fix\"><\/span> <\/div><\/div> <!--\/swiper-slide--><div class=\"swiper-slide\" data-desktop-content-width=\"auto\" data-tablet-content-width=\"auto\" data-bg-alignment=\"center\" data-color-scheme=\"light\" data-x-pos=\"left\" data-y-pos=\"middle\" ><div class=\"slide-bg-wrap\"><div class=\"image-bg\" style=\"background-image: url(https:\/\/www.cascinabricchetto.it\/wp-content\/uploads\/2023\/11\/Orchis-purpurea-1-077.jpg);\"> &nbsp; <\/div><\/div><div class=\"video-texture \"> <span class=\"ie-fix\"><\/span> <\/div><\/div> <!--\/swiper-slide--><div class=\"swiper-slide\" data-desktop-content-width=\"auto\" data-tablet-content-width=\"auto\" data-bg-alignment=\"center\" data-color-scheme=\"light\" data-x-pos=\"left\" data-y-pos=\"middle\" ><div class=\"slide-bg-wrap\"><div class=\"image-bg\" style=\"background-image: url(https:\/\/www.cascinabricchetto.it\/wp-content\/uploads\/2023\/11\/Salix-caprea-2-0161.jpg);\"> &nbsp; <\/div><\/div><div class=\"video-texture \"> <span class=\"ie-fix\"><\/span> <\/div><\/div> <!--\/swiper-slide--><div class=\"swiper-slide\" data-desktop-content-width=\"auto\" data-tablet-content-width=\"auto\" data-bg-alignment=\"center\" data-color-scheme=\"light\" data-x-pos=\"left\" data-y-pos=\"middle\" ><div class=\"slide-bg-wrap\"><div class=\"image-bg\" style=\"background-image: url(https:\/\/www.cascinabricchetto.it\/wp-content\/uploads\/2023\/11\/P7120119-Bignonia1.jpg);\"> &nbsp; <\/div><\/div><div class=\"video-texture \"> <span class=\"ie-fix\"><\/span> <\/div><\/div> <!--\/swiper-slide--><\/div><div class=\"container normal-container slider-pagination-wrap\"><div class=\"slider-pagination\"><\/div><\/div><div class=\"nectar-slider-loading \"> <span class=\"loading-icon none\">   <\/span> <\/div> <\/div> \n\t\t\t\t\t\n\t\t\t\t\t<\/div>\n\n\n\n<h3 class=\"wp-block-heading\">I suoni<\/h3>\n\n\n\n<p>Il silenzio come scoperta di una dimensione quasi perduta, ricca di sfumature e gravida di possibilit\u00e0.<br>Il vento nella sua gamma infinita di variazioni, dalle pi\u00f9 rabbiose alle pi\u00f9 tenere.<br>Il fuoco del camino che si accende, arde, sonnecchia, e arde nuovamente.<br>Il canto degli uccelli che Vi sveglia in una mattina di sole o d\u00e0 voce alla notte.<br>La pioggia, la neve, la grandine &#8230;&#8230;&#8230;&#8230;&#8230;, se<br>volete scoprirli o riscoprirli la &#8220;Cascina Bricchetto&#8221; \u00e8 il luogo giusto!<\/p>\n\n\n\n<h3 class=\"wp-block-heading\">I colori<\/h3>\n\n\n\n<p>Conoscete i colori particolari di ogni stagione?<br>Conoscete i colori del paesaggio che emerge dal &#8220;mare di nebbia&#8221;?<br>Conoscete il colore dei vigneti nel mese di maggio?<br>Conoscete i colori del sottobosco in inverno?<\/p>\n\n\n\n<h3 class=\"wp-block-heading\">Gli odori<\/h3>\n\n\n\n<p>Conoscete gli odori delle stagioni?<br>Conoscete l&#8217;odore della neve?<br>Conoscete l&#8217;odore della nebbia?<br>Conoscete l&#8217;odore della pioggia?<br>Conoscete l&#8217;odore del fumo del fuoco di legna?<\/p>\n\n\n\n<h3 class=\"wp-block-heading\">I piaceri<\/h3>\n\n\n\n<p>La conversazione e lo scambio di emozioni favorito dalla bellezza circostante.<br>La scoperta di sapori antichi ed autentici, a volte cos\u00ec decisi da lasciare perplessi, a volte cos\u00ec delicati da richiedere grande concentrazione.<br>La lettura di un libro, magari per scoprire o riscoprire i grandi scrittori di queste terre.<br>L&#8217;emozione di scrivere, disegnare o sognare guardando da una delle tante finestre questo paesaggio di infinita bellezza.<br>L&#8217;emozione di una carezza ai tronchi degli alberi.<br>L&#8217;emozione di camminare a piedi nudi nell&#8217;erba.<\/p>\n\n\n\n<p>Se volete scoprirli o riscoprirli la &#8220;Cascina Bricchetto&#8221; \u00e8 il luogo giusto.<\/p>\n\n\n\n<p><em>Giovanna Oliveri \u00e8 a disposizione per organizzare esperienze culinarie, visite con degustazione a cantine di produzione dei nostri superbi vini, a piccoli produttori di formaggi, salumi, dolci tipici.<\/em><\/p>\n\n\n\n<p><\/p>\n","protected":false},"excerpt":{"rendered":"<p>I suoni Il silenzio come scoperta di una dimensione quasi perduta, ricca di sfumature e gravida di possibilit\u00e0.Il vento nella sua gamma infinita di variazioni, dalle pi\u00f9 rabbiose alle pi\u00f9&#8230;<\/p>\n","protected":false},"author":1,"featured_media":0,"parent":29097,"menu_order":0,"comment_status":"closed","ping_status":"closed","template":"","meta":{"footnotes":""},"class_list":["post-2567","page","type-page","status-publish"],"yoast_head":"<!-- This site is optimized with the Yoast SEO plugin v23.9 - https:\/\/yoast.com\/wordpress\/plugins\/seo\/ -->\n<title>Esperienze sensoriali - Suoni, odori, colori e Piaceri<\/title>\n<meta name=\"description\" content=\"Immergiti nel verde delle colline delle Langhe. Assaggia e degusta i migliori vini e formaggi. Tocca con mano la natura, e lasciati incantare da albe e tramonti in un panorama mozzafiato\" \/>\n<meta name=\"robots\" content=\"index, follow, max-snippet:-1, max-image-preview:large, max-video-preview:-1\" \/>\n<link rel=\"canonical\" href=\"https:\/\/www.cascinabricchetto.it\/it\/esperienze\/esperienze-sensoriali\/\" \/>\n<meta property=\"og:locale\" content=\"it_IT\" \/>\n<meta property=\"og:type\" content=\"article\" \/>\n<meta property=\"og:title\" content=\"Esperienze sensoriali - Suoni, odori, colori e Piaceri\" \/>\n<meta property=\"og:description\" content=\"Immergiti nel verde delle colline delle Langhe. Assaggia e degusta i migliori vini e formaggi. Tocca con mano la natura, e lasciati incantare da albe e tramonti in un panorama mozzafiato\" \/>\n<meta property=\"og:url\" content=\"https:\/\/www.cascinabricchetto.it\/it\/esperienze\/esperienze-sensoriali\/\" \/>\n<meta property=\"og:site_name\" content=\"Cascina Bricchetto\" \/>\n<meta property=\"article:modified_time\" content=\"2024-06-02T11:27:33+00:00\" \/>\n<meta name=\"twitter:card\" content=\"summary_large_image\" \/>\n<meta name=\"twitter:label1\" content=\"Tempo di lettura stimato\" \/>\n\t<meta name=\"twitter:data1\" content=\"1 minuto\" \/>\n<script type=\"application\/ld+json\" class=\"yoast-schema-graph\">{\"@context\":\"https:\/\/schema.org\",\"@graph\":[{\"@type\":\"WebPage\",\"@id\":\"https:\/\/www.cascinabricchetto.it\/it\/esperienze\/esperienze-sensoriali\/\",\"url\":\"https:\/\/www.cascinabricchetto.it\/it\/esperienze\/esperienze-sensoriali\/\",\"name\":\"Esperienze sensoriali - Suoni, odori, colori e Piaceri\",\"isPartOf\":{\"@id\":\"https:\/\/www.cascinabricchetto.it\/it\/#website\"},\"datePublished\":\"2014-04-17T12:42:36+00:00\",\"dateModified\":\"2024-06-02T11:27:33+00:00\",\"description\":\"Immergiti nel verde delle colline delle Langhe. Assaggia e degusta i migliori vini e formaggi. Tocca con mano la natura, e lasciati incantare da albe e tramonti in un panorama mozzafiato\",\"breadcrumb\":{\"@id\":\"https:\/\/www.cascinabricchetto.it\/it\/esperienze\/esperienze-sensoriali\/#breadcrumb\"},\"inLanguage\":\"it-IT\",\"potentialAction\":[{\"@type\":\"ReadAction\",\"target\":[\"https:\/\/www.cascinabricchetto.it\/it\/esperienze\/esperienze-sensoriali\/\"]}]},{\"@type\":\"BreadcrumbList\",\"@id\":\"https:\/\/www.cascinabricchetto.it\/it\/esperienze\/esperienze-sensoriali\/#breadcrumb\",\"itemListElement\":[{\"@type\":\"ListItem\",\"position\":1,\"name\":\"Home\",\"item\":\"https:\/\/www.cascinabricchetto.it\/it\/\"},{\"@type\":\"ListItem\",\"position\":2,\"name\":\"Langhe, dove siamo\",\"item\":\"https:\/\/www.cascinabricchetto.it\/it\/langhe-piedmont-where-we-are\/\"},{\"@type\":\"ListItem\",\"position\":3,\"name\":\"Esperienze sensoriali\"}]},{\"@type\":\"WebSite\",\"@id\":\"https:\/\/www.cascinabricchetto.it\/it\/#website\",\"url\":\"https:\/\/www.cascinabricchetto.it\/it\/\",\"name\":\"Cascina Bricchetto\",\"description\":\"\",\"potentialAction\":[{\"@type\":\"SearchAction\",\"target\":{\"@type\":\"EntryPoint\",\"urlTemplate\":\"https:\/\/www.cascinabricchetto.it\/it\/?s={search_term_string}\"},\"query-input\":{\"@type\":\"PropertyValueSpecification\",\"valueRequired\":true,\"valueName\":\"search_term_string\"}}],\"inLanguage\":\"it-IT\"}]}<\/script>\n<!-- \/ Yoast SEO plugin. -->","yoast_head_json":{"title":"Esperienze sensoriali - Suoni, odori, colori e Piaceri","description":"Immergiti nel verde delle colline delle Langhe. Assaggia e degusta i migliori vini e formaggi. Tocca con mano la natura, e lasciati incantare da albe e tramonti in un panorama mozzafiato","robots":{"index":"index","follow":"follow","max-snippet":"max-snippet:-1","max-image-preview":"max-image-preview:large","max-video-preview":"max-video-preview:-1"},"canonical":"https:\/\/www.cascinabricchetto.it\/it\/esperienze\/esperienze-sensoriali\/","og_locale":"it_IT","og_type":"article","og_title":"Esperienze sensoriali - Suoni, odori, colori e Piaceri","og_description":"Immergiti nel verde delle colline delle Langhe. Assaggia e degusta i migliori vini e formaggi. Tocca con mano la natura, e lasciati incantare da albe e tramonti in un panorama mozzafiato","og_url":"https:\/\/www.cascinabricchetto.it\/it\/esperienze\/esperienze-sensoriali\/","og_site_name":"Cascina Bricchetto","article_modified_time":"2024-06-02T11:27:33+00:00","twitter_card":"summary_large_image","twitter_misc":{"Tempo di lettura stimato":"1 minuto"},"schema":{"@context":"https:\/\/schema.org","@graph":[{"@type":"WebPage","@id":"https:\/\/www.cascinabricchetto.it\/it\/esperienze\/esperienze-sensoriali\/","url":"https:\/\/www.cascinabricchetto.it\/it\/esperienze\/esperienze-sensoriali\/","name":"Esperienze sensoriali - Suoni, odori, colori e Piaceri","isPartOf":{"@id":"https:\/\/www.cascinabricchetto.it\/it\/#website"},"datePublished":"2014-04-17T12:42:36+00:00","dateModified":"2024-06-02T11:27:33+00:00","description":"Immergiti nel verde delle colline delle Langhe. Assaggia e degusta i migliori vini e formaggi. Tocca con mano la natura, e lasciati incantare da albe e tramonti in un panorama mozzafiato","breadcrumb":{"@id":"https:\/\/www.cascinabricchetto.it\/it\/esperienze\/esperienze-sensoriali\/#breadcrumb"},"inLanguage":"it-IT","potentialAction":[{"@type":"ReadAction","target":["https:\/\/www.cascinabricchetto.it\/it\/esperienze\/esperienze-sensoriali\/"]}]},{"@type":"BreadcrumbList","@id":"https:\/\/www.cascinabricchetto.it\/it\/esperienze\/esperienze-sensoriali\/#breadcrumb","itemListElement":[{"@type":"ListItem","position":1,"name":"Home","item":"https:\/\/www.cascinabricchetto.it\/it\/"},{"@type":"ListItem","position":2,"name":"Langhe, dove siamo","item":"https:\/\/www.cascinabricchetto.it\/it\/langhe-piedmont-where-we-are\/"},{"@type":"ListItem","position":3,"name":"Esperienze sensoriali"}]},{"@type":"WebSite","@id":"https:\/\/www.cascinabricchetto.it\/it\/#website","url":"https:\/\/www.cascinabricchetto.it\/it\/","name":"Cascina Bricchetto","description":"","potentialAction":[{"@type":"SearchAction","target":{"@type":"EntryPoint","urlTemplate":"https:\/\/www.cascinabricchetto.it\/it\/?s={search_term_string}"},"query-input":{"@type":"PropertyValueSpecification","valueRequired":true,"valueName":"search_term_string"}}],"inLanguage":"it-IT"}]}},"_links":{"self":[{"href":"https:\/\/www.cascinabricchetto.it\/it\/wp-json\/wp\/v2\/pages\/2567","targetHints":{"allow":["GET"]}}],"collection":[{"href":"https:\/\/www.cascinabricchetto.it\/it\/wp-json\/wp\/v2\/pages"}],"about":[{"href":"https:\/\/www.cascinabricchetto.it\/it\/wp-json\/wp\/v2\/types\/page"}],"author":[{"embeddable":true,"href":"https:\/\/www.cascinabricchetto.it\/it\/wp-json\/wp\/v2\/users\/1"}],"replies":[{"embeddable":true,"href":"https:\/\/www.cascinabricchetto.it\/it\/wp-json\/wp\/v2\/comments?post=2567"}],"version-history":[{"count":3,"href":"https:\/\/www.cascinabricchetto.it\/it\/wp-json\/wp\/v2\/pages\/2567\/revisions"}],"predecessor-version":[{"id":27081,"href":"https:\/\/www.cascinabricchetto.it\/it\/wp-json\/wp\/v2\/pages\/2567\/revisions\/27081"}],"up":[{"embeddable":true,"href":"https:\/\/www.cascinabricchetto.it\/it\/wp-json\/wp\/v2\/pages\/29097"}],"wp:attachment":[{"href":"https:\/\/www.cascinabricchetto.it\/it\/wp-json\/wp\/v2\/media?parent=2567"}],"curies":[{"name":"wp","href":"https:\/\/api.w.org\/{rel}","templated":true}]}}