{"id":2556,"date":"2014-04-14T16:18:10","date_gmt":"2014-04-14T14:18:10","guid":{"rendered":"http:\/\/www.cascinabricchetto.it\/?page_id=2556"},"modified":"2024-01-22T10:46:16","modified_gmt":"2024-01-22T09:46:16","slug":"la-cascina","status":"publish","type":"page","link":"https:\/\/www.cascinabricchetto.it\/it\/la-cascina\/","title":{"rendered":"La cascina"},"content":{"rendered":"\n<p><strong>La Cascina<\/strong> \u00e8 situata nel Comune di Trezzo Tinella (Cuneo), a circa 10 km da <strong>Alba<\/strong> e 3 km da <strong>Barbaresco<\/strong>. \u00c8 in pietra di Langa, forse la pi\u00f9 antica del paese (1700 circa), calda d&#8217;inverno e fresca d&#8217;estate; situata all&#8217;apice di una collina circondata da vigne e boschetti, ad un&#8217;altitudine di circa 550 metri, offre due Case, ricavate nel corpo centrale dell&#8217;antico cascinale.<\/p>\n\n\n\n<figure class=\"wp-block-image is-resized\"><img loading=\"lazy\" decoding=\"async\" width=\"960\" height=\"380\" src=\"https:\/\/www.cascinabricchetto.it\/wp-content\/uploads\/2024\/01\/cascina-langhe.jpg\" alt=\"\" class=\"wp-image-26797\" style=\"width:1500px\" srcset=\"https:\/\/www.cascinabricchetto.it\/wp-content\/uploads\/2024\/01\/cascina-langhe.jpg 960w, https:\/\/www.cascinabricchetto.it\/wp-content\/uploads\/2024\/01\/cascina-langhe-300x119.jpg 300w, https:\/\/www.cascinabricchetto.it\/wp-content\/uploads\/2024\/01\/cascina-langhe-768x304.jpg 768w\" sizes=\"auto, (max-width: 960px) 100vw, 960px\" \/><\/figure>\n\n\n\n<p>Gli ospiti hanno a disposizione i prati circostanti, una zona alberata con essenze locali quali: carpini, maggiociondoli, nespoli, aceri neri e bianchi, un pergolato e, previo accordo, frutta e verdura prodotte nel fondo di propriet\u00e0. Il tradizionale \u201cPortico\u201d in pietra di Langa si articola in due grandi terrazze coperte situate una a sud con vista mozzafiato fino alle Alpi Marittime e Cozie e l\u2019altra a Nord con vista sulle colline e al gruppo del M. Rosa, le terrazze sono arredate con tavoli, seggiole, poltroncine e poltrone, barbecue, al centro una area di parcheggio auto. Di fronte al Portico un prato per prendere il sole e per gli ospiti pi\u00f9 piccoli c\u2019\u00e8 la vasca della sabbia, molti giocattoli, altalene, dondolo e farfalla-piscina.<\/p>\n\n\n\n<p>Il <strong>panorama \u00e8 straordinario<\/strong>; una serie di colline dominate dal Monviso e dal massiccio del Monte Rosa. Le colline sono ammantate da vigneti e noccioleti pregiati, da aree seminative e boschive, che evidenziano sia la bellezza naturale del territorio che quella frutto del lavoro costante e paziente dell&#8217;uomo.<\/p>\n\n\n\n<p>La Cascina Bricchetto \u00e8 al centro del &#8220;Strada romantica delle Langhe e del Roero&#8221;, gli ospiti potranno fare splendide passeggiate, anche accompagnati da guide turistiche o da appassionati che li aiuteranno a scoprire la flora endemica e la fauna selvatica.<\/p>\n\n\n\n<p>Il tradizionale<strong> \u201cPortico\u201d in pietra di Langa<\/strong> si articola in due grandi terrazze coperte situate una a sud con vista mozzafiato fino alle Alpi Marittime e Cozie e l\u2019altra a Nord&nbsp; con vista sulle colline fino al gruppo del M. Rosa, le terrazze sono arredate con tavoli, seggiole, poltroncine e poltrone, barbecue, al centro&nbsp; una area di parcheggio auto.<\/p>\n\n\n\n<figure class=\"wp-block-video\"><video controls src=\"https:\/\/www.cascinabricchetto.it\/wp-content\/uploads\/2023\/08\/fromTheTopHome.webm\"><\/video><\/figure>\n","protected":false},"excerpt":{"rendered":"<p>La Cascina \u00e8 situata nel Comune di Trezzo Tinella (Cuneo), a circa 10 km da Alba e 3 km da Barbaresco. \u00c8 in pietra di Langa, forse la pi\u00f9 antica&#8230;<\/p>\n","protected":false},"author":1,"featured_media":26370,"parent":0,"menu_order":0,"comment_status":"closed","ping_status":"closed","template":"","meta":{"footnotes":""},"class_list":["post-2556","page","type-page","status-publish","has-post-thumbnail"],"yoast_head":"<!-- This site is optimized with the Yoast SEO plugin v23.9 - https:\/\/yoast.com\/wordpress\/plugins\/seo\/ -->\n<title>La cascina - Cascina Bricchetto<\/title>\n<meta name=\"robots\" content=\"index, follow, max-snippet:-1, max-image-preview:large, max-video-preview:-1\" \/>\n<link rel=\"canonical\" href=\"https:\/\/www.cascinabricchetto.it\/it\/la-cascina\/\" \/>\n<meta property=\"og:locale\" content=\"it_IT\" \/>\n<meta property=\"og:type\" content=\"article\" \/>\n<meta property=\"og:title\" content=\"La cascina - Cascina Bricchetto\" \/>\n<meta property=\"og:description\" content=\"La Cascina \u00e8 situata nel Comune di Trezzo Tinella (Cuneo), a circa 10 km da Alba e 3 km da Barbaresco. \u00c8 in pietra di Langa, forse la pi\u00f9 antica...\" \/>\n<meta property=\"og:url\" content=\"https:\/\/www.cascinabricchetto.it\/it\/la-cascina\/\" \/>\n<meta property=\"og:site_name\" content=\"Cascina Bricchetto\" \/>\n<meta property=\"article:modified_time\" content=\"2024-01-22T09:46:16+00:00\" \/>\n<meta property=\"og:image\" content=\"https:\/\/www.cascinabricchetto.it\/wp-content\/uploads\/2023\/11\/slide-new1.jpg\" \/>\n\t<meta property=\"og:image:width\" content=\"1440\" \/>\n\t<meta property=\"og:image:height\" content=\"500\" \/>\n\t<meta property=\"og:image:type\" content=\"image\/jpeg\" \/>\n<meta name=\"twitter:card\" content=\"summary_large_image\" \/>\n<meta name=\"twitter:label1\" content=\"Tempo di lettura stimato\" \/>\n\t<meta name=\"twitter:data1\" content=\"2 minuti\" \/>\n<script type=\"application\/ld+json\" class=\"yoast-schema-graph\">{\"@context\":\"https:\/\/schema.org\",\"@graph\":[{\"@type\":\"WebPage\",\"@id\":\"https:\/\/www.cascinabricchetto.it\/it\/la-cascina\/\",\"url\":\"https:\/\/www.cascinabricchetto.it\/it\/la-cascina\/\",\"name\":\"La cascina - Cascina Bricchetto\",\"isPartOf\":{\"@id\":\"https:\/\/www.cascinabricchetto.it\/it\/#website\"},\"primaryImageOfPage\":{\"@id\":\"https:\/\/www.cascinabricchetto.it\/it\/la-cascina\/#primaryimage\"},\"image\":{\"@id\":\"https:\/\/www.cascinabricchetto.it\/it\/la-cascina\/#primaryimage\"},\"thumbnailUrl\":\"https:\/\/www.cascinabricchetto.it\/wp-content\/uploads\/2023\/11\/slide-new1.jpg\",\"datePublished\":\"2014-04-14T14:18:10+00:00\",\"dateModified\":\"2024-01-22T09:46:16+00:00\",\"breadcrumb\":{\"@id\":\"https:\/\/www.cascinabricchetto.it\/it\/la-cascina\/#breadcrumb\"},\"inLanguage\":\"it-IT\",\"potentialAction\":[{\"@type\":\"ReadAction\",\"target\":[\"https:\/\/www.cascinabricchetto.it\/it\/la-cascina\/\"]}]},{\"@type\":\"ImageObject\",\"inLanguage\":\"it-IT\",\"@id\":\"https:\/\/www.cascinabricchetto.it\/it\/la-cascina\/#primaryimage\",\"url\":\"https:\/\/www.cascinabricchetto.it\/wp-content\/uploads\/2023\/11\/slide-new1.jpg\",\"contentUrl\":\"https:\/\/www.cascinabricchetto.it\/wp-content\/uploads\/2023\/11\/slide-new1.jpg\",\"width\":1440,\"height\":500},{\"@type\":\"BreadcrumbList\",\"@id\":\"https:\/\/www.cascinabricchetto.it\/it\/la-cascina\/#breadcrumb\",\"itemListElement\":[{\"@type\":\"ListItem\",\"position\":1,\"name\":\"Home\",\"item\":\"https:\/\/www.cascinabricchetto.it\/it\/\"},{\"@type\":\"ListItem\",\"position\":2,\"name\":\"La cascina\"}]},{\"@type\":\"WebSite\",\"@id\":\"https:\/\/www.cascinabricchetto.it\/it\/#website\",\"url\":\"https:\/\/www.cascinabricchetto.it\/it\/\",\"name\":\"Cascina Bricchetto\",\"description\":\"\",\"potentialAction\":[{\"@type\":\"SearchAction\",\"target\":{\"@type\":\"EntryPoint\",\"urlTemplate\":\"https:\/\/www.cascinabricchetto.it\/it\/?s={search_term_string}\"},\"query-input\":{\"@type\":\"PropertyValueSpecification\",\"valueRequired\":true,\"valueName\":\"search_term_string\"}}],\"inLanguage\":\"it-IT\"}]}<\/script>\n<!-- \/ Yoast SEO plugin. -->","yoast_head_json":{"title":"La cascina - Cascina Bricchetto","robots":{"index":"index","follow":"follow","max-snippet":"max-snippet:-1","max-image-preview":"max-image-preview:large","max-video-preview":"max-video-preview:-1"},"canonical":"https:\/\/www.cascinabricchetto.it\/it\/la-cascina\/","og_locale":"it_IT","og_type":"article","og_title":"La cascina - Cascina Bricchetto","og_description":"La Cascina \u00e8 situata nel Comune di Trezzo Tinella (Cuneo), a circa 10 km da Alba e 3 km da Barbaresco. \u00c8 in pietra di Langa, forse la pi\u00f9 antica...","og_url":"https:\/\/www.cascinabricchetto.it\/it\/la-cascina\/","og_site_name":"Cascina Bricchetto","article_modified_time":"2024-01-22T09:46:16+00:00","og_image":[{"width":1440,"height":500,"url":"https:\/\/www.cascinabricchetto.it\/wp-content\/uploads\/2023\/11\/slide-new1.jpg","type":"image\/jpeg"}],"twitter_card":"summary_large_image","twitter_misc":{"Tempo di lettura stimato":"2 minuti"},"schema":{"@context":"https:\/\/schema.org","@graph":[{"@type":"WebPage","@id":"https:\/\/www.cascinabricchetto.it\/it\/la-cascina\/","url":"https:\/\/www.cascinabricchetto.it\/it\/la-cascina\/","name":"La cascina - Cascina Bricchetto","isPartOf":{"@id":"https:\/\/www.cascinabricchetto.it\/it\/#website"},"primaryImageOfPage":{"@id":"https:\/\/www.cascinabricchetto.it\/it\/la-cascina\/#primaryimage"},"image":{"@id":"https:\/\/www.cascinabricchetto.it\/it\/la-cascina\/#primaryimage"},"thumbnailUrl":"https:\/\/www.cascinabricchetto.it\/wp-content\/uploads\/2023\/11\/slide-new1.jpg","datePublished":"2014-04-14T14:18:10+00:00","dateModified":"2024-01-22T09:46:16+00:00","breadcrumb":{"@id":"https:\/\/www.cascinabricchetto.it\/it\/la-cascina\/#breadcrumb"},"inLanguage":"it-IT","potentialAction":[{"@type":"ReadAction","target":["https:\/\/www.cascinabricchetto.it\/it\/la-cascina\/"]}]},{"@type":"ImageObject","inLanguage":"it-IT","@id":"https:\/\/www.cascinabricchetto.it\/it\/la-cascina\/#primaryimage","url":"https:\/\/www.cascinabricchetto.it\/wp-content\/uploads\/2023\/11\/slide-new1.jpg","contentUrl":"https:\/\/www.cascinabricchetto.it\/wp-content\/uploads\/2023\/11\/slide-new1.jpg","width":1440,"height":500},{"@type":"BreadcrumbList","@id":"https:\/\/www.cascinabricchetto.it\/it\/la-cascina\/#breadcrumb","itemListElement":[{"@type":"ListItem","position":1,"name":"Home","item":"https:\/\/www.cascinabricchetto.it\/it\/"},{"@type":"ListItem","position":2,"name":"La cascina"}]},{"@type":"WebSite","@id":"https:\/\/www.cascinabricchetto.it\/it\/#website","url":"https:\/\/www.cascinabricchetto.it\/it\/","name":"Cascina Bricchetto","description":"","potentialAction":[{"@type":"SearchAction","target":{"@type":"EntryPoint","urlTemplate":"https:\/\/www.cascinabricchetto.it\/it\/?s={search_term_string}"},"query-input":{"@type":"PropertyValueSpecification","valueRequired":true,"valueName":"search_term_string"}}],"inLanguage":"it-IT"}]}},"_links":{"self":[{"href":"https:\/\/www.cascinabricchetto.it\/it\/wp-json\/wp\/v2\/pages\/2556","targetHints":{"allow":["GET"]}}],"collection":[{"href":"https:\/\/www.cascinabricchetto.it\/it\/wp-json\/wp\/v2\/pages"}],"about":[{"href":"https:\/\/www.cascinabricchetto.it\/it\/wp-json\/wp\/v2\/types\/page"}],"author":[{"embeddable":true,"href":"https:\/\/www.cascinabricchetto.it\/it\/wp-json\/wp\/v2\/users\/1"}],"replies":[{"embeddable":true,"href":"https:\/\/www.cascinabricchetto.it\/it\/wp-json\/wp\/v2\/comments?post=2556"}],"version-history":[{"count":3,"href":"https:\/\/www.cascinabricchetto.it\/it\/wp-json\/wp\/v2\/pages\/2556\/revisions"}],"predecessor-version":[{"id":26829,"href":"https:\/\/www.cascinabricchetto.it\/it\/wp-json\/wp\/v2\/pages\/2556\/revisions\/26829"}],"wp:featuredmedia":[{"embeddable":true,"href":"https:\/\/www.cascinabricchetto.it\/it\/wp-json\/wp\/v2\/media\/26370"}],"wp:attachment":[{"href":"https:\/\/www.cascinabricchetto.it\/it\/wp-json\/wp\/v2\/media?parent=2556"}],"curies":[{"name":"wp","href":"https:\/\/api.w.org\/{rel}","templated":true}]}}