{"id":2862,"date":"2015-02-06T12:41:56","date_gmt":"2015-02-06T11:41:56","guid":{"rendered":"http:\/\/www.cascinabricchetto.it\/ou-somme-nous\/walls-montelupo-albese-tale-wolf\/"},"modified":"2024-01-07T23:19:43","modified_gmt":"2024-01-07T22:19:43","slug":"walls-montelupo-albese-tale-wolf","status":"publish","type":"page","link":"https:\/\/www.cascinabricchetto.it\/fr\/langhe-piemont-ou-sommes-nous\/walls-montelupo-albese-tale-wolf\/","title":{"rendered":"Fresques Murales \u00e0 Montelupo Albese:\u00a0 les fables du loup"},"content":{"rendered":"<p>Montelupo, village suggestif des langhes, est une petite bourgade , (les habitants sont \u00e0 peine plus de cinq cent) juch\u00e9e sur une colline au sommet de laquelle on peut admirer de magnifiques panorama. Si, jusqu\u2019il y a peu, les visiteurs admiraient \u00e0 partir du belv\u00e9d\u00e8re de la place cette vue splendide, tant de jour que de nuit , et s\u2019ils aimaient jouir de la bonne cuisine, aujourd\u2019hui, ils sont nombreux \u00e0 \u00eatre aussi attir\u00e9s par l\u2019atmosph\u00e8re fabuleuse transmise par les fresques murales de Montelupo Albese.<\/p>\n<h3>Les fables du loup<\/h3>\n<p><img loading=\"lazy\" decoding=\"async\" class=\"alignleft\" src=\"https:\/\/www.cascinabricchetto.it\/wp-content\/uploads\/2023\/11\/IMG.jpg\" alt=\"\" width=\"232\" height=\"283\" \/>Le nom du village , \u201cMontelupo\u201d d\u00e9rive probablement d\u2019une l\u00e9gende selon laquelle le lieu \u00e9tait habit\u00e9 des loups.<\/p>\n<p>Les fables se d\u00e9voilent sur les murs des maisons suivant un long parcours qui conduit de la route provinciale \u00e0 la place du Ch\u00e2teau.\u00a0 La narration est en \u00e9volution constante, au moins une nouvelle fable s\u2019ajoute chaque ann\u00e9e, et actuellement, 13 artistes italiens ont illustr\u00e9 les fables sur les murs des maisons.<\/p>\n<p><strong>Les titres:<\/strong> La pecora Chiaretta ( <em>la Brebis Clairette<\/em>), Il principe Ivan e l\u2019uccello di fuoco ( <em>le Prince Ivan et<\/em> <em>l\u2019oiseau de feu<\/em>), Il lupo fifone ( <em>le loup peureux<\/em>), Il lupo e i 7 capretti (<em>le loup et les 7 chevreaux<\/em> )\u00a0\u00a0\u00a0\u00a0\u00a0\u00a0\u00a0\u00a0\u00a0\u00a0\u00a0\u00a0\u00a0\u00a0\u00a0\u00a0\u00a0\u00a0\u00a0\u00a0\u00a0\u00a0\u00a0\u00a0\u00a0\u00a0 Terzo porcellino, (<em>le troisi\u00e8me petit cochon<\/em>) Il lupo e la cicogna ( <em>le loup et la cigogne<\/em>), Il lupo e il cane (<em>le<\/em> <em>loup et le chien<\/em>), Il lupo di Gubbio (<em>le loup de Gubbio<\/em>), Comare la volpe\u00a0 e compare il lupo,( <em>Le renard parait et le loup apparait<\/em> ) Cappuccetto rosso (<em>le petit chaperon rouge<\/em>), Il leone, il lupo e la volpe (<em>le lion, , le loup et le renard<\/em>), I love Montlov <em>(j\u2019aime Montlov<\/em>) , Lupi e cerbiatti (<em>les loups et les chevreuils<\/em>)<\/p>\n<h3>Info<\/h3>\n<p>Municipalit\u00e9 de Montelupo Albese <strong>+39 0173\/617117<\/strong><\/p>\n<p>&nbsp;<\/p>\n<p>&nbsp;<\/p>\n<p>&nbsp;<\/p>\n","protected":false},"excerpt":{"rendered":"<p>Montelupo, village suggestif des langhes, est une petite bourgade , (les habitants sont \u00e0 peine plus de cinq cent) juch\u00e9e sur une colline au sommet de laquelle on peut admirer&#8230;<\/p>\n","protected":false},"author":1,"featured_media":25322,"parent":2615,"menu_order":0,"comment_status":"closed","ping_status":"closed","template":"","meta":{"footnotes":""},"class_list":["post-2862","page","type-page","status-publish","has-post-thumbnail"],"yoast_head":"<!-- This site is optimized with the Yoast SEO plugin v23.9 - https:\/\/yoast.com\/wordpress\/plugins\/seo\/ -->\n<title>Fresques Murales \u00e0 Montelupo Albese:\u00a0 les fables du loup - Cascina Bricchetto<\/title>\n<meta name=\"robots\" content=\"index, follow, max-snippet:-1, max-image-preview:large, max-video-preview:-1\" \/>\n<link rel=\"canonical\" href=\"https:\/\/www.cascinabricchetto.it\/fr\/langhe-piemont-ou-sommes-nous\/walls-montelupo-albese-tale-wolf\/\" \/>\n<meta property=\"og:locale\" content=\"fr_FR\" \/>\n<meta property=\"og:type\" content=\"article\" \/>\n<meta property=\"og:title\" content=\"Fresques Murales \u00e0 Montelupo Albese:\u00a0 les fables du loup - Cascina Bricchetto\" \/>\n<meta property=\"og:description\" content=\"Montelupo, village suggestif des langhes, est une petite bourgade , (les habitants sont \u00e0 peine plus de cinq cent) juch\u00e9e sur une colline au sommet de laquelle on peut admirer...\" \/>\n<meta property=\"og:url\" content=\"https:\/\/www.cascinabricchetto.it\/fr\/langhe-piemont-ou-sommes-nous\/walls-montelupo-albese-tale-wolf\/\" \/>\n<meta property=\"og:site_name\" content=\"Cascina Bricchetto\" \/>\n<meta property=\"article:modified_time\" content=\"2024-01-07T22:19:43+00:00\" \/>\n<meta property=\"og:image\" content=\"https:\/\/www.cascinabricchetto.it\/wp-content\/uploads\/2023\/11\/La-pecora-Chiaretta.jpg\" \/>\n\t<meta property=\"og:image:width\" content=\"1440\" \/>\n\t<meta property=\"og:image:height\" content=\"1080\" \/>\n\t<meta property=\"og:image:type\" content=\"image\/jpeg\" \/>\n<meta name=\"twitter:card\" content=\"summary_large_image\" \/>\n<meta name=\"twitter:label1\" content=\"Dur\u00e9e de lecture estim\u00e9e\" \/>\n\t<meta name=\"twitter:data1\" content=\"1 minute\" \/>\n<script type=\"application\/ld+json\" class=\"yoast-schema-graph\">{\"@context\":\"https:\/\/schema.org\",\"@graph\":[{\"@type\":\"WebPage\",\"@id\":\"https:\/\/www.cascinabricchetto.it\/fr\/langhe-piemont-ou-sommes-nous\/walls-montelupo-albese-tale-wolf\/\",\"url\":\"https:\/\/www.cascinabricchetto.it\/fr\/langhe-piemont-ou-sommes-nous\/walls-montelupo-albese-tale-wolf\/\",\"name\":\"Fresques Murales \u00e0 Montelupo Albese:\u00a0 les fables du loup - Cascina Bricchetto\",\"isPartOf\":{\"@id\":\"https:\/\/www.cascinabricchetto.it\/fr\/#website\"},\"primaryImageOfPage\":{\"@id\":\"https:\/\/www.cascinabricchetto.it\/fr\/langhe-piemont-ou-sommes-nous\/walls-montelupo-albese-tale-wolf\/#primaryimage\"},\"image\":{\"@id\":\"https:\/\/www.cascinabricchetto.it\/fr\/langhe-piemont-ou-sommes-nous\/walls-montelupo-albese-tale-wolf\/#primaryimage\"},\"thumbnailUrl\":\"https:\/\/www.cascinabricchetto.it\/wp-content\/uploads\/2023\/11\/La-pecora-Chiaretta.jpg\",\"datePublished\":\"2015-02-06T11:41:56+00:00\",\"dateModified\":\"2024-01-07T22:19:43+00:00\",\"breadcrumb\":{\"@id\":\"https:\/\/www.cascinabricchetto.it\/fr\/langhe-piemont-ou-sommes-nous\/walls-montelupo-albese-tale-wolf\/#breadcrumb\"},\"inLanguage\":\"fr-FR\",\"potentialAction\":[{\"@type\":\"ReadAction\",\"target\":[\"https:\/\/www.cascinabricchetto.it\/fr\/langhe-piemont-ou-sommes-nous\/walls-montelupo-albese-tale-wolf\/\"]}]},{\"@type\":\"ImageObject\",\"inLanguage\":\"fr-FR\",\"@id\":\"https:\/\/www.cascinabricchetto.it\/fr\/langhe-piemont-ou-sommes-nous\/walls-montelupo-albese-tale-wolf\/#primaryimage\",\"url\":\"https:\/\/www.cascinabricchetto.it\/wp-content\/uploads\/2023\/11\/La-pecora-Chiaretta.jpg\",\"contentUrl\":\"https:\/\/www.cascinabricchetto.it\/wp-content\/uploads\/2023\/11\/La-pecora-Chiaretta.jpg\",\"width\":1440,\"height\":1080},{\"@type\":\"BreadcrumbList\",\"@id\":\"https:\/\/www.cascinabricchetto.it\/fr\/langhe-piemont-ou-sommes-nous\/walls-montelupo-albese-tale-wolf\/#breadcrumb\",\"itemListElement\":[{\"@type\":\"ListItem\",\"position\":1,\"name\":\"Home\",\"item\":\"https:\/\/www.cascinabricchetto.it\/fr\/\"},{\"@type\":\"ListItem\",\"position\":2,\"name\":\"Langhe, o\u00f9 sommes nous\",\"item\":\"https:\/\/www.cascinabricchetto.it\/fr\/langhe-piedmont-where-we-are\/\"},{\"@type\":\"ListItem\",\"position\":3,\"name\":\"Fresques Murales \u00e0 Montelupo Albese:\u00a0 les fables du loup\"}]},{\"@type\":\"WebSite\",\"@id\":\"https:\/\/www.cascinabricchetto.it\/fr\/#website\",\"url\":\"https:\/\/www.cascinabricchetto.it\/fr\/\",\"name\":\"Cascina Bricchetto\",\"description\":\"\",\"potentialAction\":[{\"@type\":\"SearchAction\",\"target\":{\"@type\":\"EntryPoint\",\"urlTemplate\":\"https:\/\/www.cascinabricchetto.it\/fr\/?s={search_term_string}\"},\"query-input\":{\"@type\":\"PropertyValueSpecification\",\"valueRequired\":true,\"valueName\":\"search_term_string\"}}],\"inLanguage\":\"fr-FR\"}]}<\/script>\n<!-- \/ Yoast SEO plugin. -->","yoast_head_json":{"title":"Fresques Murales \u00e0 Montelupo Albese:\u00a0 les fables du loup - Cascina Bricchetto","robots":{"index":"index","follow":"follow","max-snippet":"max-snippet:-1","max-image-preview":"max-image-preview:large","max-video-preview":"max-video-preview:-1"},"canonical":"https:\/\/www.cascinabricchetto.it\/fr\/langhe-piemont-ou-sommes-nous\/walls-montelupo-albese-tale-wolf\/","og_locale":"fr_FR","og_type":"article","og_title":"Fresques Murales \u00e0 Montelupo Albese:\u00a0 les fables du loup - Cascina Bricchetto","og_description":"Montelupo, village suggestif des langhes, est une petite bourgade , (les habitants sont \u00e0 peine plus de cinq cent) juch\u00e9e sur une colline au sommet de laquelle on peut admirer...","og_url":"https:\/\/www.cascinabricchetto.it\/fr\/langhe-piemont-ou-sommes-nous\/walls-montelupo-albese-tale-wolf\/","og_site_name":"Cascina Bricchetto","article_modified_time":"2024-01-07T22:19:43+00:00","og_image":[{"width":1440,"height":1080,"url":"https:\/\/www.cascinabricchetto.it\/wp-content\/uploads\/2023\/11\/La-pecora-Chiaretta.jpg","type":"image\/jpeg"}],"twitter_card":"summary_large_image","twitter_misc":{"Dur\u00e9e de lecture estim\u00e9e":"1 minute"},"schema":{"@context":"https:\/\/schema.org","@graph":[{"@type":"WebPage","@id":"https:\/\/www.cascinabricchetto.it\/fr\/langhe-piemont-ou-sommes-nous\/walls-montelupo-albese-tale-wolf\/","url":"https:\/\/www.cascinabricchetto.it\/fr\/langhe-piemont-ou-sommes-nous\/walls-montelupo-albese-tale-wolf\/","name":"Fresques Murales \u00e0 Montelupo Albese:\u00a0 les fables du loup - Cascina Bricchetto","isPartOf":{"@id":"https:\/\/www.cascinabricchetto.it\/fr\/#website"},"primaryImageOfPage":{"@id":"https:\/\/www.cascinabricchetto.it\/fr\/langhe-piemont-ou-sommes-nous\/walls-montelupo-albese-tale-wolf\/#primaryimage"},"image":{"@id":"https:\/\/www.cascinabricchetto.it\/fr\/langhe-piemont-ou-sommes-nous\/walls-montelupo-albese-tale-wolf\/#primaryimage"},"thumbnailUrl":"https:\/\/www.cascinabricchetto.it\/wp-content\/uploads\/2023\/11\/La-pecora-Chiaretta.jpg","datePublished":"2015-02-06T11:41:56+00:00","dateModified":"2024-01-07T22:19:43+00:00","breadcrumb":{"@id":"https:\/\/www.cascinabricchetto.it\/fr\/langhe-piemont-ou-sommes-nous\/walls-montelupo-albese-tale-wolf\/#breadcrumb"},"inLanguage":"fr-FR","potentialAction":[{"@type":"ReadAction","target":["https:\/\/www.cascinabricchetto.it\/fr\/langhe-piemont-ou-sommes-nous\/walls-montelupo-albese-tale-wolf\/"]}]},{"@type":"ImageObject","inLanguage":"fr-FR","@id":"https:\/\/www.cascinabricchetto.it\/fr\/langhe-piemont-ou-sommes-nous\/walls-montelupo-albese-tale-wolf\/#primaryimage","url":"https:\/\/www.cascinabricchetto.it\/wp-content\/uploads\/2023\/11\/La-pecora-Chiaretta.jpg","contentUrl":"https:\/\/www.cascinabricchetto.it\/wp-content\/uploads\/2023\/11\/La-pecora-Chiaretta.jpg","width":1440,"height":1080},{"@type":"BreadcrumbList","@id":"https:\/\/www.cascinabricchetto.it\/fr\/langhe-piemont-ou-sommes-nous\/walls-montelupo-albese-tale-wolf\/#breadcrumb","itemListElement":[{"@type":"ListItem","position":1,"name":"Home","item":"https:\/\/www.cascinabricchetto.it\/fr\/"},{"@type":"ListItem","position":2,"name":"Langhe, o\u00f9 sommes nous","item":"https:\/\/www.cascinabricchetto.it\/fr\/langhe-piedmont-where-we-are\/"},{"@type":"ListItem","position":3,"name":"Fresques Murales \u00e0 Montelupo Albese:\u00a0 les fables du loup"}]},{"@type":"WebSite","@id":"https:\/\/www.cascinabricchetto.it\/fr\/#website","url":"https:\/\/www.cascinabricchetto.it\/fr\/","name":"Cascina Bricchetto","description":"","potentialAction":[{"@type":"SearchAction","target":{"@type":"EntryPoint","urlTemplate":"https:\/\/www.cascinabricchetto.it\/fr\/?s={search_term_string}"},"query-input":{"@type":"PropertyValueSpecification","valueRequired":true,"valueName":"search_term_string"}}],"inLanguage":"fr-FR"}]}},"_links":{"self":[{"href":"https:\/\/www.cascinabricchetto.it\/fr\/wp-json\/wp\/v2\/pages\/2862","targetHints":{"allow":["GET"]}}],"collection":[{"href":"https:\/\/www.cascinabricchetto.it\/fr\/wp-json\/wp\/v2\/pages"}],"about":[{"href":"https:\/\/www.cascinabricchetto.it\/fr\/wp-json\/wp\/v2\/types\/page"}],"author":[{"embeddable":true,"href":"https:\/\/www.cascinabricchetto.it\/fr\/wp-json\/wp\/v2\/users\/1"}],"replies":[{"embeddable":true,"href":"https:\/\/www.cascinabricchetto.it\/fr\/wp-json\/wp\/v2\/comments?post=2862"}],"version-history":[{"count":1,"href":"https:\/\/www.cascinabricchetto.it\/fr\/wp-json\/wp\/v2\/pages\/2862\/revisions"}],"predecessor-version":[{"id":26789,"href":"https:\/\/www.cascinabricchetto.it\/fr\/wp-json\/wp\/v2\/pages\/2862\/revisions\/26789"}],"up":[{"embeddable":true,"href":"https:\/\/www.cascinabricchetto.it\/fr\/wp-json\/wp\/v2\/pages\/2615"}],"wp:featuredmedia":[{"embeddable":true,"href":"https:\/\/www.cascinabricchetto.it\/fr\/wp-json\/wp\/v2\/media\/25322"}],"wp:attachment":[{"href":"https:\/\/www.cascinabricchetto.it\/fr\/wp-json\/wp\/v2\/media?parent=2862"}],"curies":[{"name":"wp","href":"https:\/\/api.w.org\/{rel}","templated":true}]}}