{"id":2754,"date":"2014-08-23T16:09:30","date_gmt":"2014-08-23T14:09:30","guid":{"rendered":"http:\/\/www.cascinabricchetto.it\/ou-somme-nous\/langhe-monferrato-and-roero-world-heritage\/"},"modified":"2024-01-07T23:16:18","modified_gmt":"2024-01-07T22:16:18","slug":"langhe-monferrato-and-roero-world-heritage","status":"publish","type":"page","link":"https:\/\/www.cascinabricchetto.it\/fr\/langhe-piemont-ou-sommes-nous\/langhe-monferrato-and-roero-world-heritage\/","title":{"rendered":"Les Langhes, Monferrato et Roero \u00a0\u201cPatrimoine de l\u2019humanit\u00e9\u201d"},"content":{"rendered":"<p class=\"p1\">La reconnaissance de l\u2019<strong>UNESCO<\/strong> c\u00e9l\u00e8bre l\u2019extraordinaire continuum (environ 50 km) de ce territoire vitivinicole, naturellement riche en particularit\u00e9s qui distinguent les diff\u00e9rents aspects de chaque territoire\u00a0: modalit\u00e9 de culture et vins produits, paysages et architecture, traditions et gastronomie, \u00a0culture, \u00e9v\u00e8nements religieux et la\u00efques\u2026<\/p>\n<p class=\"p1\">Nous ne pouvons donc manquer de proposer \u00e0 nos visiteurs de \u00ab\u00a0jeter un coup d\u2019\u0153il\u00a0\u00bb \u00e0 <strong>Monferrato<\/strong> et au <strong>Roero<\/strong>.<\/p>\n<h4 class=\"p1\">Une journ\u00e9e \u00e0 Monferrato:<\/h4>\n<p class=\"p1\">Visite d\u2019un ch\u00e2teau m\u00e9di\u00e9val, promenade dans les vignes et d\u00e9gustation (en compagnie des producteurs) dans deux caves \u00e0 vin \u00a0de la r\u00e9gion, notamment du Barbera d\u2019Asti. D\u00e9jeuner typique au restaurant.<\/p>\n<h4 class=\"p1\">Une journ\u00e9e au Roero:<\/h4>\n<p class=\"p1\">Un Garde moniteur vous accompagnera le long d\u2019un ou plusieurs sentiers de l\u2019\u201cEcomuseo delle rocche\u201d.<\/p>\n<blockquote>\n<p class=\"p1\"><span class=\"s1\">L\u2019<\/span>ECOMUSEE DU ROCCHE DEL ROERO cr\u00e9\u00e9 en 2003 ,r\u00e9unit en un seul mus\u00e9e \u00e0 ciel ouvert les huit communes n\u00e9es apr\u00e8s l\u2019an mille sur la faille des \u00a0\u00ab\u00a0Rocche\u00a0\u00bb\u00a0 . De Cisterna \u00e0 Pocapaglia, la succession de bourgs, \u00a0tours et ch\u00e2teaux perch\u00e9s sur l\u2019arr\u00eate des collines forment un unique territoire, caract\u00e9ris\u00e9 par \u00a0une flore unique, et par la coexistence de \u00a0micro climats secs et humides. Les \u00ab\u00a0Rocche\u00a0\u00bb sont un ph\u00e9nom\u00e8ne g\u00e9ologique d\u2019\u00e9rosion de la portion centrale du Roero, pr\u00e9sentant des ravins de plusieurs centaines de m\u00e8tres.<\/p>\n<\/blockquote>\n<p class=\"p1\">Collation abondante \u00e0 la \u00a0ferme, visite-d\u00e9gustation (en compagnie du producteur) d\u2019une cave \u00e0 vin \u00a0de la r\u00e9gion, notamment l\u2019 Arneis.<\/p>\n<p class=\"p1\">Le programme de la \u00a0journ\u00e9e peut \u00eatre adapt\u00e9, en fonction des int\u00e9r\u00eats particuliers des participants. On peut par exemple pr\u00e9voir la visite d\u2019un village du territoire consid\u00e9r\u00e9, ou participer \u00e0 un \u00e9v\u00e8nement particulier, ou encore visiter un mus\u00e9e.<\/p>\n","protected":false},"excerpt":{"rendered":"<p>La reconnaissance de l\u2019UNESCO c\u00e9l\u00e8bre l\u2019extraordinaire continuum (environ 50 km) de ce territoire vitivinicole, naturellement riche en particularit\u00e9s qui distinguent les diff\u00e9rents aspects de chaque territoire\u00a0: modalit\u00e9 de culture et&#8230;<\/p>\n","protected":false},"author":1,"featured_media":24090,"parent":2615,"menu_order":0,"comment_status":"open","ping_status":"open","template":"","meta":{"footnotes":""},"class_list":["post-2754","page","type-page","status-publish","has-post-thumbnail"],"yoast_head":"<!-- This site is optimized with the Yoast SEO plugin v23.9 - https:\/\/yoast.com\/wordpress\/plugins\/seo\/ -->\n<title>Les Langhes, Monferrato et Roero \u00a0\u201cPatrimoine de l\u2019humanit\u00e9\u201d - Cascina Bricchetto<\/title>\n<meta name=\"robots\" content=\"index, follow, max-snippet:-1, max-image-preview:large, max-video-preview:-1\" \/>\n<link rel=\"canonical\" href=\"https:\/\/www.cascinabricchetto.it\/fr\/langhe-piemont-ou-sommes-nous\/langhe-monferrato-and-roero-world-heritage\/\" \/>\n<meta property=\"og:locale\" content=\"fr_FR\" \/>\n<meta property=\"og:type\" content=\"article\" \/>\n<meta property=\"og:title\" content=\"Les Langhes, Monferrato et Roero \u00a0\u201cPatrimoine de l\u2019humanit\u00e9\u201d - Cascina Bricchetto\" \/>\n<meta property=\"og:description\" content=\"La reconnaissance de l\u2019UNESCO c\u00e9l\u00e8bre l\u2019extraordinaire continuum (environ 50 km) de ce territoire vitivinicole, naturellement riche en particularit\u00e9s qui distinguent les diff\u00e9rents aspects de chaque territoire\u00a0: modalit\u00e9 de culture et...\" \/>\n<meta property=\"og:url\" content=\"https:\/\/www.cascinabricchetto.it\/fr\/langhe-piemont-ou-sommes-nous\/langhe-monferrato-and-roero-world-heritage\/\" \/>\n<meta property=\"og:site_name\" content=\"Cascina Bricchetto\" \/>\n<meta property=\"article:modified_time\" content=\"2024-01-07T22:16:18+00:00\" \/>\n<meta property=\"og:image\" content=\"https:\/\/www.cascinabricchetto.it\/wp-content\/uploads\/2023\/11\/5830428870_b6d789c4b8_o-21.jpg\" \/>\n\t<meta property=\"og:image:width\" content=\"1280\" \/>\n\t<meta property=\"og:image:height\" content=\"644\" \/>\n\t<meta property=\"og:image:type\" content=\"image\/jpeg\" \/>\n<meta name=\"twitter:card\" content=\"summary_large_image\" \/>\n<meta name=\"twitter:label1\" content=\"Dur\u00e9e de lecture estim\u00e9e\" \/>\n\t<meta name=\"twitter:data1\" content=\"1 minute\" \/>\n<script type=\"application\/ld+json\" class=\"yoast-schema-graph\">{\"@context\":\"https:\/\/schema.org\",\"@graph\":[{\"@type\":\"WebPage\",\"@id\":\"https:\/\/www.cascinabricchetto.it\/fr\/langhe-piemont-ou-sommes-nous\/langhe-monferrato-and-roero-world-heritage\/\",\"url\":\"https:\/\/www.cascinabricchetto.it\/fr\/langhe-piemont-ou-sommes-nous\/langhe-monferrato-and-roero-world-heritage\/\",\"name\":\"Les Langhes, Monferrato et Roero \u00a0\u201cPatrimoine de l\u2019humanit\u00e9\u201d - Cascina Bricchetto\",\"isPartOf\":{\"@id\":\"https:\/\/www.cascinabricchetto.it\/fr\/#website\"},\"primaryImageOfPage\":{\"@id\":\"https:\/\/www.cascinabricchetto.it\/fr\/langhe-piemont-ou-sommes-nous\/langhe-monferrato-and-roero-world-heritage\/#primaryimage\"},\"image\":{\"@id\":\"https:\/\/www.cascinabricchetto.it\/fr\/langhe-piemont-ou-sommes-nous\/langhe-monferrato-and-roero-world-heritage\/#primaryimage\"},\"thumbnailUrl\":\"https:\/\/www.cascinabricchetto.it\/wp-content\/uploads\/2023\/11\/5830428870_b6d789c4b8_o-21.jpg\",\"datePublished\":\"2014-08-23T14:09:30+00:00\",\"dateModified\":\"2024-01-07T22:16:18+00:00\",\"breadcrumb\":{\"@id\":\"https:\/\/www.cascinabricchetto.it\/fr\/langhe-piemont-ou-sommes-nous\/langhe-monferrato-and-roero-world-heritage\/#breadcrumb\"},\"inLanguage\":\"fr-FR\",\"potentialAction\":[{\"@type\":\"ReadAction\",\"target\":[\"https:\/\/www.cascinabricchetto.it\/fr\/langhe-piemont-ou-sommes-nous\/langhe-monferrato-and-roero-world-heritage\/\"]}]},{\"@type\":\"ImageObject\",\"inLanguage\":\"fr-FR\",\"@id\":\"https:\/\/www.cascinabricchetto.it\/fr\/langhe-piemont-ou-sommes-nous\/langhe-monferrato-and-roero-world-heritage\/#primaryimage\",\"url\":\"https:\/\/www.cascinabricchetto.it\/wp-content\/uploads\/2023\/11\/5830428870_b6d789c4b8_o-21.jpg\",\"contentUrl\":\"https:\/\/www.cascinabricchetto.it\/wp-content\/uploads\/2023\/11\/5830428870_b6d789c4b8_o-21.jpg\",\"width\":1280,\"height\":644},{\"@type\":\"BreadcrumbList\",\"@id\":\"https:\/\/www.cascinabricchetto.it\/fr\/langhe-piemont-ou-sommes-nous\/langhe-monferrato-and-roero-world-heritage\/#breadcrumb\",\"itemListElement\":[{\"@type\":\"ListItem\",\"position\":1,\"name\":\"Home\",\"item\":\"https:\/\/www.cascinabricchetto.it\/fr\/\"},{\"@type\":\"ListItem\",\"position\":2,\"name\":\"Langhe, o\u00f9 sommes nous\",\"item\":\"https:\/\/www.cascinabricchetto.it\/fr\/langhe-piedmont-where-we-are\/\"},{\"@type\":\"ListItem\",\"position\":3,\"name\":\"Les Langhes, Monferrato et Roero \u00a0\u201cPatrimoine de l\u2019humanit\u00e9\u201d\"}]},{\"@type\":\"WebSite\",\"@id\":\"https:\/\/www.cascinabricchetto.it\/fr\/#website\",\"url\":\"https:\/\/www.cascinabricchetto.it\/fr\/\",\"name\":\"Cascina Bricchetto\",\"description\":\"\",\"potentialAction\":[{\"@type\":\"SearchAction\",\"target\":{\"@type\":\"EntryPoint\",\"urlTemplate\":\"https:\/\/www.cascinabricchetto.it\/fr\/?s={search_term_string}\"},\"query-input\":{\"@type\":\"PropertyValueSpecification\",\"valueRequired\":true,\"valueName\":\"search_term_string\"}}],\"inLanguage\":\"fr-FR\"}]}<\/script>\n<!-- \/ Yoast SEO plugin. -->","yoast_head_json":{"title":"Les Langhes, Monferrato et Roero \u00a0\u201cPatrimoine de l\u2019humanit\u00e9\u201d - Cascina Bricchetto","robots":{"index":"index","follow":"follow","max-snippet":"max-snippet:-1","max-image-preview":"max-image-preview:large","max-video-preview":"max-video-preview:-1"},"canonical":"https:\/\/www.cascinabricchetto.it\/fr\/langhe-piemont-ou-sommes-nous\/langhe-monferrato-and-roero-world-heritage\/","og_locale":"fr_FR","og_type":"article","og_title":"Les Langhes, Monferrato et Roero \u00a0\u201cPatrimoine de l\u2019humanit\u00e9\u201d - Cascina Bricchetto","og_description":"La reconnaissance de l\u2019UNESCO c\u00e9l\u00e8bre l\u2019extraordinaire continuum (environ 50 km) de ce territoire vitivinicole, naturellement riche en particularit\u00e9s qui distinguent les diff\u00e9rents aspects de chaque territoire\u00a0: modalit\u00e9 de culture et...","og_url":"https:\/\/www.cascinabricchetto.it\/fr\/langhe-piemont-ou-sommes-nous\/langhe-monferrato-and-roero-world-heritage\/","og_site_name":"Cascina Bricchetto","article_modified_time":"2024-01-07T22:16:18+00:00","og_image":[{"width":1280,"height":644,"url":"https:\/\/www.cascinabricchetto.it\/wp-content\/uploads\/2023\/11\/5830428870_b6d789c4b8_o-21.jpg","type":"image\/jpeg"}],"twitter_card":"summary_large_image","twitter_misc":{"Dur\u00e9e de lecture estim\u00e9e":"1 minute"},"schema":{"@context":"https:\/\/schema.org","@graph":[{"@type":"WebPage","@id":"https:\/\/www.cascinabricchetto.it\/fr\/langhe-piemont-ou-sommes-nous\/langhe-monferrato-and-roero-world-heritage\/","url":"https:\/\/www.cascinabricchetto.it\/fr\/langhe-piemont-ou-sommes-nous\/langhe-monferrato-and-roero-world-heritage\/","name":"Les Langhes, Monferrato et Roero \u00a0\u201cPatrimoine de l\u2019humanit\u00e9\u201d - Cascina Bricchetto","isPartOf":{"@id":"https:\/\/www.cascinabricchetto.it\/fr\/#website"},"primaryImageOfPage":{"@id":"https:\/\/www.cascinabricchetto.it\/fr\/langhe-piemont-ou-sommes-nous\/langhe-monferrato-and-roero-world-heritage\/#primaryimage"},"image":{"@id":"https:\/\/www.cascinabricchetto.it\/fr\/langhe-piemont-ou-sommes-nous\/langhe-monferrato-and-roero-world-heritage\/#primaryimage"},"thumbnailUrl":"https:\/\/www.cascinabricchetto.it\/wp-content\/uploads\/2023\/11\/5830428870_b6d789c4b8_o-21.jpg","datePublished":"2014-08-23T14:09:30+00:00","dateModified":"2024-01-07T22:16:18+00:00","breadcrumb":{"@id":"https:\/\/www.cascinabricchetto.it\/fr\/langhe-piemont-ou-sommes-nous\/langhe-monferrato-and-roero-world-heritage\/#breadcrumb"},"inLanguage":"fr-FR","potentialAction":[{"@type":"ReadAction","target":["https:\/\/www.cascinabricchetto.it\/fr\/langhe-piemont-ou-sommes-nous\/langhe-monferrato-and-roero-world-heritage\/"]}]},{"@type":"ImageObject","inLanguage":"fr-FR","@id":"https:\/\/www.cascinabricchetto.it\/fr\/langhe-piemont-ou-sommes-nous\/langhe-monferrato-and-roero-world-heritage\/#primaryimage","url":"https:\/\/www.cascinabricchetto.it\/wp-content\/uploads\/2023\/11\/5830428870_b6d789c4b8_o-21.jpg","contentUrl":"https:\/\/www.cascinabricchetto.it\/wp-content\/uploads\/2023\/11\/5830428870_b6d789c4b8_o-21.jpg","width":1280,"height":644},{"@type":"BreadcrumbList","@id":"https:\/\/www.cascinabricchetto.it\/fr\/langhe-piemont-ou-sommes-nous\/langhe-monferrato-and-roero-world-heritage\/#breadcrumb","itemListElement":[{"@type":"ListItem","position":1,"name":"Home","item":"https:\/\/www.cascinabricchetto.it\/fr\/"},{"@type":"ListItem","position":2,"name":"Langhe, o\u00f9 sommes nous","item":"https:\/\/www.cascinabricchetto.it\/fr\/langhe-piedmont-where-we-are\/"},{"@type":"ListItem","position":3,"name":"Les Langhes, Monferrato et Roero \u00a0\u201cPatrimoine de l\u2019humanit\u00e9\u201d"}]},{"@type":"WebSite","@id":"https:\/\/www.cascinabricchetto.it\/fr\/#website","url":"https:\/\/www.cascinabricchetto.it\/fr\/","name":"Cascina Bricchetto","description":"","potentialAction":[{"@type":"SearchAction","target":{"@type":"EntryPoint","urlTemplate":"https:\/\/www.cascinabricchetto.it\/fr\/?s={search_term_string}"},"query-input":{"@type":"PropertyValueSpecification","valueRequired":true,"valueName":"search_term_string"}}],"inLanguage":"fr-FR"}]}},"_links":{"self":[{"href":"https:\/\/www.cascinabricchetto.it\/fr\/wp-json\/wp\/v2\/pages\/2754","targetHints":{"allow":["GET"]}}],"collection":[{"href":"https:\/\/www.cascinabricchetto.it\/fr\/wp-json\/wp\/v2\/pages"}],"about":[{"href":"https:\/\/www.cascinabricchetto.it\/fr\/wp-json\/wp\/v2\/types\/page"}],"author":[{"embeddable":true,"href":"https:\/\/www.cascinabricchetto.it\/fr\/wp-json\/wp\/v2\/users\/1"}],"replies":[{"embeddable":true,"href":"https:\/\/www.cascinabricchetto.it\/fr\/wp-json\/wp\/v2\/comments?post=2754"}],"version-history":[{"count":1,"href":"https:\/\/www.cascinabricchetto.it\/fr\/wp-json\/wp\/v2\/pages\/2754\/revisions"}],"predecessor-version":[{"id":26770,"href":"https:\/\/www.cascinabricchetto.it\/fr\/wp-json\/wp\/v2\/pages\/2754\/revisions\/26770"}],"up":[{"embeddable":true,"href":"https:\/\/www.cascinabricchetto.it\/fr\/wp-json\/wp\/v2\/pages\/2615"}],"wp:featuredmedia":[{"embeddable":true,"href":"https:\/\/www.cascinabricchetto.it\/fr\/wp-json\/wp\/v2\/media\/24090"}],"wp:attachment":[{"href":"https:\/\/www.cascinabricchetto.it\/fr\/wp-json\/wp\/v2\/media?parent=2754"}],"curies":[{"name":"wp","href":"https:\/\/api.w.org\/{rel}","templated":true}]}}