{"id":2742,"date":"2014-08-23T15:49:27","date_gmt":"2014-08-23T13:49:27","guid":{"rendered":"http:\/\/www.cascinabricchetto.it\/?page_id=2742"},"modified":"2024-01-07T23:16:16","modified_gmt":"2024-01-07T22:16:16","slug":"paysages-sentiers-et-flore","status":"publish","type":"page","link":"https:\/\/www.cascinabricchetto.it\/fr\/langhe-piemont-ou-sommes-nous\/paysages-sentiers-et-flore\/","title":{"rendered":"Paysages, sentiers et flore"},"content":{"rendered":"<p class=\"p1\">Les touristes qui arrivent dans les\u00a0<strong>Langhes<\/strong> et au <strong>Roero<\/strong> sont presque toujours attir\u00e9s par la tradition eno-gastronomique (grands vins, truffes, recettes c\u00e9l\u00e8bres, et saveurs inimitables ) \u00a0ils sont donc parfois surpris par les panoramas \u00e0 couper le souffle qui s\u2019ouvrent sur des territoires dont l\u2019int\u00e9grit\u00e9 est rest\u00e9e immuable au fil du temps\u00a0\u2026<\/p>\n<p class=\"p1\">Quelques propositions pour ajouter d\u2019autres touches passionnantes \u00e0 cette r\u00e9putation m\u00e9rit\u00e9e.<\/p>\n<h3 class=\"p1\"><b>Route romantique \u00a0des Langhes e du Roero<\/b><\/h3>\n<p class=\"p1\">Un voyage \u00a0physique et passionnant dans le territoire des Langhes et du Roero, entre pass\u00e9 et pr\u00e9sent, paysages et \u00e9vocations litt\u00e9raires<\/p>\n<p class=\"p1\">Le parcours :<\/p>\n<p class=\"p1\"><strong>Vezza d\u2019Alba<\/strong>, \u00a0<strong>Magliano Alfieri<\/strong>, <strong>Neive<\/strong>, <strong>Treiso<\/strong>, <strong>Trezzo Tinella<\/strong>, <strong>Benevello<\/strong>, <strong>Sinio<\/strong>, <strong>Cissone<\/strong>, <strong>Murazzano<\/strong>, <strong>Mombarcaro<\/strong> e <strong>Camerana<\/strong>; 11 \u00e9tapes , 30 excursions nature, 130 km de routes panoramiques et 300 pistes litt\u00e9raires.<\/p>\n<p class=\"p1\">Peut se faire \u00e0 pied ou en voiture, en entier ou partiellement, s\u2019arr\u00eatant aux points panoramiques ou dans les bois, en compagnie de Beppe Fenoglio ou de Cesare Pavese ou encore de Davide Lajolo\u2026<\/p>\n<h3 class=\"p1\"><b>Sentiers, flore, exp\u00e9riences sensorielles<\/b><\/h3>\n<p class=\"p1\">Une rencontre pr\u00e9liminaire avec le guide vous permettra d\u2019identifier les n\u00e9cessit\u00e9s de \u201cvotre sentier\u201d (du temps que vous souhaitez consacrer \u00e0 l\u2019exp\u00e9rience \u00e0 l\u2019habillement \u00a0\u00e0 pr\u00e9voir), le choix du parcours, les pauses, et les exp\u00e9riences sensorielles sp\u00e9cifiques au sentier choisi et \u00e0 la saison. L\u2019identification de diverses esp\u00e8ces botaniques et l\u2019examen de leurs caract\u00e9ristiques constituera une partie significative de l\u2019exp\u00e9rience. En outre, avec un peu de chance, vous pourrez apercevoir l\u2019un ou l\u2019autre animal sauvage tel que daim, renard, ou \u00e9cureuil\u2026<\/p>\n","protected":false},"excerpt":{"rendered":"<p>Les touristes qui arrivent dans les\u00a0Langhes et au Roero sont presque toujours attir\u00e9s par la tradition eno-gastronomique (grands vins, truffes, recettes c\u00e9l\u00e8bres, et saveurs inimitables ) \u00a0ils sont donc parfois&#8230;<\/p>\n","protected":false},"author":1,"featured_media":24746,"parent":2615,"menu_order":0,"comment_status":"closed","ping_status":"closed","template":"","meta":{"footnotes":""},"class_list":["post-2742","page","type-page","status-publish","has-post-thumbnail"],"yoast_head":"<!-- This site is optimized with the Yoast SEO plugin v23.9 - https:\/\/yoast.com\/wordpress\/plugins\/seo\/ -->\n<title>Paysages, sentiers et flore - Cascina Bricchetto<\/title>\n<meta name=\"robots\" content=\"index, follow, max-snippet:-1, max-image-preview:large, max-video-preview:-1\" \/>\n<link rel=\"canonical\" href=\"https:\/\/www.cascinabricchetto.it\/fr\/langhe-piemont-ou-sommes-nous\/paysages-sentiers-et-flore\/\" \/>\n<meta property=\"og:locale\" content=\"fr_FR\" \/>\n<meta property=\"og:type\" content=\"article\" \/>\n<meta property=\"og:title\" content=\"Paysages, sentiers et flore - Cascina Bricchetto\" \/>\n<meta property=\"og:description\" content=\"Les touristes qui arrivent dans les\u00a0Langhes et au Roero sont presque toujours attir\u00e9s par la tradition eno-gastronomique (grands vins, truffes, recettes c\u00e9l\u00e8bres, et saveurs inimitables ) \u00a0ils sont donc parfois...\" \/>\n<meta property=\"og:url\" content=\"https:\/\/www.cascinabricchetto.it\/fr\/langhe-piemont-ou-sommes-nous\/paysages-sentiers-et-flore\/\" \/>\n<meta property=\"og:site_name\" content=\"Cascina Bricchetto\" \/>\n<meta property=\"article:modified_time\" content=\"2024-01-07T22:16:16+00:00\" \/>\n<meta property=\"og:image\" content=\"https:\/\/www.cascinabricchetto.it\/wp-content\/uploads\/2023\/11\/DSCF1107-Acacia-in-fiore-2.jpg\" \/>\n\t<meta property=\"og:image:width\" content=\"1280\" \/>\n\t<meta property=\"og:image:height\" content=\"493\" \/>\n\t<meta property=\"og:image:type\" content=\"image\/jpeg\" \/>\n<meta name=\"twitter:card\" content=\"summary_large_image\" \/>\n<meta name=\"twitter:label1\" content=\"Dur\u00e9e de lecture estim\u00e9e\" \/>\n\t<meta name=\"twitter:data1\" content=\"1 minute\" \/>\n<script type=\"application\/ld+json\" class=\"yoast-schema-graph\">{\"@context\":\"https:\/\/schema.org\",\"@graph\":[{\"@type\":\"WebPage\",\"@id\":\"https:\/\/www.cascinabricchetto.it\/fr\/langhe-piemont-ou-sommes-nous\/paysages-sentiers-et-flore\/\",\"url\":\"https:\/\/www.cascinabricchetto.it\/fr\/langhe-piemont-ou-sommes-nous\/paysages-sentiers-et-flore\/\",\"name\":\"Paysages, sentiers et flore - Cascina Bricchetto\",\"isPartOf\":{\"@id\":\"https:\/\/www.cascinabricchetto.it\/fr\/#website\"},\"primaryImageOfPage\":{\"@id\":\"https:\/\/www.cascinabricchetto.it\/fr\/langhe-piemont-ou-sommes-nous\/paysages-sentiers-et-flore\/#primaryimage\"},\"image\":{\"@id\":\"https:\/\/www.cascinabricchetto.it\/fr\/langhe-piemont-ou-sommes-nous\/paysages-sentiers-et-flore\/#primaryimage\"},\"thumbnailUrl\":\"https:\/\/www.cascinabricchetto.it\/wp-content\/uploads\/2023\/11\/DSCF1107-Acacia-in-fiore-2.jpg\",\"datePublished\":\"2014-08-23T13:49:27+00:00\",\"dateModified\":\"2024-01-07T22:16:16+00:00\",\"breadcrumb\":{\"@id\":\"https:\/\/www.cascinabricchetto.it\/fr\/langhe-piemont-ou-sommes-nous\/paysages-sentiers-et-flore\/#breadcrumb\"},\"inLanguage\":\"fr-FR\",\"potentialAction\":[{\"@type\":\"ReadAction\",\"target\":[\"https:\/\/www.cascinabricchetto.it\/fr\/langhe-piemont-ou-sommes-nous\/paysages-sentiers-et-flore\/\"]}]},{\"@type\":\"ImageObject\",\"inLanguage\":\"fr-FR\",\"@id\":\"https:\/\/www.cascinabricchetto.it\/fr\/langhe-piemont-ou-sommes-nous\/paysages-sentiers-et-flore\/#primaryimage\",\"url\":\"https:\/\/www.cascinabricchetto.it\/wp-content\/uploads\/2023\/11\/DSCF1107-Acacia-in-fiore-2.jpg\",\"contentUrl\":\"https:\/\/www.cascinabricchetto.it\/wp-content\/uploads\/2023\/11\/DSCF1107-Acacia-in-fiore-2.jpg\",\"width\":1280,\"height\":493},{\"@type\":\"BreadcrumbList\",\"@id\":\"https:\/\/www.cascinabricchetto.it\/fr\/langhe-piemont-ou-sommes-nous\/paysages-sentiers-et-flore\/#breadcrumb\",\"itemListElement\":[{\"@type\":\"ListItem\",\"position\":1,\"name\":\"Home\",\"item\":\"https:\/\/www.cascinabricchetto.it\/fr\/\"},{\"@type\":\"ListItem\",\"position\":2,\"name\":\"Langhe, o\u00f9 sommes nous\",\"item\":\"https:\/\/www.cascinabricchetto.it\/fr\/langhe-piedmont-where-we-are\/\"},{\"@type\":\"ListItem\",\"position\":3,\"name\":\"Paysages, sentiers et flore\"}]},{\"@type\":\"WebSite\",\"@id\":\"https:\/\/www.cascinabricchetto.it\/fr\/#website\",\"url\":\"https:\/\/www.cascinabricchetto.it\/fr\/\",\"name\":\"Cascina Bricchetto\",\"description\":\"\",\"potentialAction\":[{\"@type\":\"SearchAction\",\"target\":{\"@type\":\"EntryPoint\",\"urlTemplate\":\"https:\/\/www.cascinabricchetto.it\/fr\/?s={search_term_string}\"},\"query-input\":{\"@type\":\"PropertyValueSpecification\",\"valueRequired\":true,\"valueName\":\"search_term_string\"}}],\"inLanguage\":\"fr-FR\"}]}<\/script>\n<!-- \/ Yoast SEO plugin. -->","yoast_head_json":{"title":"Paysages, sentiers et flore - Cascina Bricchetto","robots":{"index":"index","follow":"follow","max-snippet":"max-snippet:-1","max-image-preview":"max-image-preview:large","max-video-preview":"max-video-preview:-1"},"canonical":"https:\/\/www.cascinabricchetto.it\/fr\/langhe-piemont-ou-sommes-nous\/paysages-sentiers-et-flore\/","og_locale":"fr_FR","og_type":"article","og_title":"Paysages, sentiers et flore - Cascina Bricchetto","og_description":"Les touristes qui arrivent dans les\u00a0Langhes et au Roero sont presque toujours attir\u00e9s par la tradition eno-gastronomique (grands vins, truffes, recettes c\u00e9l\u00e8bres, et saveurs inimitables ) \u00a0ils sont donc parfois...","og_url":"https:\/\/www.cascinabricchetto.it\/fr\/langhe-piemont-ou-sommes-nous\/paysages-sentiers-et-flore\/","og_site_name":"Cascina Bricchetto","article_modified_time":"2024-01-07T22:16:16+00:00","og_image":[{"width":1280,"height":493,"url":"https:\/\/www.cascinabricchetto.it\/wp-content\/uploads\/2023\/11\/DSCF1107-Acacia-in-fiore-2.jpg","type":"image\/jpeg"}],"twitter_card":"summary_large_image","twitter_misc":{"Dur\u00e9e de lecture estim\u00e9e":"1 minute"},"schema":{"@context":"https:\/\/schema.org","@graph":[{"@type":"WebPage","@id":"https:\/\/www.cascinabricchetto.it\/fr\/langhe-piemont-ou-sommes-nous\/paysages-sentiers-et-flore\/","url":"https:\/\/www.cascinabricchetto.it\/fr\/langhe-piemont-ou-sommes-nous\/paysages-sentiers-et-flore\/","name":"Paysages, sentiers et flore - Cascina Bricchetto","isPartOf":{"@id":"https:\/\/www.cascinabricchetto.it\/fr\/#website"},"primaryImageOfPage":{"@id":"https:\/\/www.cascinabricchetto.it\/fr\/langhe-piemont-ou-sommes-nous\/paysages-sentiers-et-flore\/#primaryimage"},"image":{"@id":"https:\/\/www.cascinabricchetto.it\/fr\/langhe-piemont-ou-sommes-nous\/paysages-sentiers-et-flore\/#primaryimage"},"thumbnailUrl":"https:\/\/www.cascinabricchetto.it\/wp-content\/uploads\/2023\/11\/DSCF1107-Acacia-in-fiore-2.jpg","datePublished":"2014-08-23T13:49:27+00:00","dateModified":"2024-01-07T22:16:16+00:00","breadcrumb":{"@id":"https:\/\/www.cascinabricchetto.it\/fr\/langhe-piemont-ou-sommes-nous\/paysages-sentiers-et-flore\/#breadcrumb"},"inLanguage":"fr-FR","potentialAction":[{"@type":"ReadAction","target":["https:\/\/www.cascinabricchetto.it\/fr\/langhe-piemont-ou-sommes-nous\/paysages-sentiers-et-flore\/"]}]},{"@type":"ImageObject","inLanguage":"fr-FR","@id":"https:\/\/www.cascinabricchetto.it\/fr\/langhe-piemont-ou-sommes-nous\/paysages-sentiers-et-flore\/#primaryimage","url":"https:\/\/www.cascinabricchetto.it\/wp-content\/uploads\/2023\/11\/DSCF1107-Acacia-in-fiore-2.jpg","contentUrl":"https:\/\/www.cascinabricchetto.it\/wp-content\/uploads\/2023\/11\/DSCF1107-Acacia-in-fiore-2.jpg","width":1280,"height":493},{"@type":"BreadcrumbList","@id":"https:\/\/www.cascinabricchetto.it\/fr\/langhe-piemont-ou-sommes-nous\/paysages-sentiers-et-flore\/#breadcrumb","itemListElement":[{"@type":"ListItem","position":1,"name":"Home","item":"https:\/\/www.cascinabricchetto.it\/fr\/"},{"@type":"ListItem","position":2,"name":"Langhe, o\u00f9 sommes nous","item":"https:\/\/www.cascinabricchetto.it\/fr\/langhe-piedmont-where-we-are\/"},{"@type":"ListItem","position":3,"name":"Paysages, sentiers et flore"}]},{"@type":"WebSite","@id":"https:\/\/www.cascinabricchetto.it\/fr\/#website","url":"https:\/\/www.cascinabricchetto.it\/fr\/","name":"Cascina Bricchetto","description":"","potentialAction":[{"@type":"SearchAction","target":{"@type":"EntryPoint","urlTemplate":"https:\/\/www.cascinabricchetto.it\/fr\/?s={search_term_string}"},"query-input":{"@type":"PropertyValueSpecification","valueRequired":true,"valueName":"search_term_string"}}],"inLanguage":"fr-FR"}]}},"_links":{"self":[{"href":"https:\/\/www.cascinabricchetto.it\/fr\/wp-json\/wp\/v2\/pages\/2742","targetHints":{"allow":["GET"]}}],"collection":[{"href":"https:\/\/www.cascinabricchetto.it\/fr\/wp-json\/wp\/v2\/pages"}],"about":[{"href":"https:\/\/www.cascinabricchetto.it\/fr\/wp-json\/wp\/v2\/types\/page"}],"author":[{"embeddable":true,"href":"https:\/\/www.cascinabricchetto.it\/fr\/wp-json\/wp\/v2\/users\/1"}],"replies":[{"embeddable":true,"href":"https:\/\/www.cascinabricchetto.it\/fr\/wp-json\/wp\/v2\/comments?post=2742"}],"version-history":[{"count":1,"href":"https:\/\/www.cascinabricchetto.it\/fr\/wp-json\/wp\/v2\/pages\/2742\/revisions"}],"predecessor-version":[{"id":26769,"href":"https:\/\/www.cascinabricchetto.it\/fr\/wp-json\/wp\/v2\/pages\/2742\/revisions\/26769"}],"up":[{"embeddable":true,"href":"https:\/\/www.cascinabricchetto.it\/fr\/wp-json\/wp\/v2\/pages\/2615"}],"wp:featuredmedia":[{"embeddable":true,"href":"https:\/\/www.cascinabricchetto.it\/fr\/wp-json\/wp\/v2\/media\/24746"}],"wp:attachment":[{"href":"https:\/\/www.cascinabricchetto.it\/fr\/wp-json\/wp\/v2\/media?parent=2742"}],"curies":[{"name":"wp","href":"https:\/\/api.w.org\/{rel}","templated":true}]}}