{"id":2685,"date":"2014-04-17T14:42:36","date_gmt":"2014-04-17T12:42:36","guid":{"rendered":"http:\/\/www.cascinabricchetto.it\/?page_id=2685"},"modified":"2025-05-20T17:10:41","modified_gmt":"2025-05-20T15:10:41","slug":"experiences-sensorielles","status":"publish","type":"page","link":"https:\/\/www.cascinabricchetto.it\/fr\/experiences\/experiences-sensorielles\/","title":{"rendered":"Exp\u00e9riences sensorielles"},"content":{"rendered":"<div  data-transition=\"slide\" data-overall_style=\"classic\" data-flexible-height=\"\" data-animate-in-effect=\"none\" data-fullscreen=\"false\" data-button-sizing=\"large\" data-button-styling=\"btn_with_count\" data-autorotate=\"3000\" data-parallax=\"false\" data-parallax-disable-mobile=\"\" data-caption-trans=\"fade_in_from_bottom\" data-parallax-style=\"bg_only\" data-bg-animation=\"none\" data-full-width=\"false\" class=\"nectar-slider-wrap \" id=\"nectar-slider-instance-1\"><div class=\"swiper-container\"  data-tho=\"auto\" data-tco=\"auto\" data-pho=\"auto\" data-pco=\"auto\" data-loop=\"true\" data-height=\"650\" data-min-height=\"\" data-arrows=\"false\" data-bullets=\"true\" data-bullet_style=\"scale\" data-bullet_position=\"bottom\" data-desktop-swipe=\"false\" data-settings=\"\"> <div class=\"swiper-wrapper\"><div class=\"swiper-slide\" data-desktop-content-width=\"auto\" data-tablet-content-width=\"auto\" data-bg-alignment=\"center\" data-color-scheme=\"light\" data-x-pos=\"left\" data-y-pos=\"middle\" ><div class=\"slide-bg-wrap\"><div class=\"image-bg\" style=\"background-image: url(https:\/\/www.cascinabricchetto.it\/wp-content\/uploads\/2023\/11\/IMG_1314-L.jpg);\"> &nbsp; <\/div><\/div><div class=\"video-texture \"> <span class=\"ie-fix\"><\/span> <\/div><\/div> <!--\/swiper-slide--><div class=\"swiper-slide\" data-desktop-content-width=\"auto\" data-tablet-content-width=\"auto\" data-bg-alignment=\"center\" data-color-scheme=\"light\" data-x-pos=\"left\" data-y-pos=\"middle\" ><div class=\"slide-bg-wrap\"><div class=\"image-bg\" style=\"background-image: url(https:\/\/www.cascinabricchetto.it\/wp-content\/uploads\/2023\/11\/P7100107Loto-grande.jpg);\"> &nbsp; <\/div><\/div><div class=\"video-texture \"> <span class=\"ie-fix\"><\/span> <\/div><\/div> <!--\/swiper-slide--><div class=\"swiper-slide\" data-desktop-content-width=\"auto\" data-tablet-content-width=\"auto\" data-bg-alignment=\"center\" data-color-scheme=\"light\" data-x-pos=\"left\" data-y-pos=\"middle\" ><div class=\"slide-bg-wrap\"><div class=\"image-bg\" style=\"background-image: url(https:\/\/www.cascinabricchetto.it\/wp-content\/uploads\/2023\/11\/P2170429.jpg);\"> &nbsp; <\/div><\/div><div class=\"video-texture \"> <span class=\"ie-fix\"><\/span> <\/div><\/div> <!--\/swiper-slide--><div class=\"swiper-slide\" data-desktop-content-width=\"auto\" data-tablet-content-width=\"auto\" data-bg-alignment=\"center\" data-color-scheme=\"light\" data-x-pos=\"left\" data-y-pos=\"middle\" ><div class=\"slide-bg-wrap\"><div class=\"image-bg\" style=\"background-image: url(https:\/\/www.cascinabricchetto.it\/wp-content\/uploads\/2023\/11\/P2170440.jpg);\"> &nbsp; <\/div><\/div><div class=\"video-texture \"> <span class=\"ie-fix\"><\/span> <\/div><\/div> <!--\/swiper-slide--><div class=\"swiper-slide\" data-desktop-content-width=\"auto\" data-tablet-content-width=\"auto\" data-bg-alignment=\"center\" data-color-scheme=\"light\" data-x-pos=\"left\" data-y-pos=\"middle\" ><div class=\"slide-bg-wrap\"><div class=\"image-bg\" style=\"background-image: url(https:\/\/www.cascinabricchetto.it\/wp-content\/uploads\/2023\/11\/5862696185_0c643656bb_amarene.jpg);\"> &nbsp; <\/div><\/div><div class=\"video-texture \"> <span class=\"ie-fix\"><\/span> <\/div><\/div> <!--\/swiper-slide--><div class=\"swiper-slide\" data-desktop-content-width=\"auto\" data-tablet-content-width=\"auto\" data-bg-alignment=\"center\" data-color-scheme=\"light\" data-x-pos=\"left\" data-y-pos=\"middle\" ><div class=\"slide-bg-wrap\"><div class=\"image-bg\" style=\"background-image: url(https:\/\/www.cascinabricchetto.it\/wp-content\/uploads\/2023\/11\/5845037111_a2b7df718f_o.jpg);\"> &nbsp; <\/div><\/div><div class=\"video-texture \"> <span class=\"ie-fix\"><\/span> <\/div><\/div> <!--\/swiper-slide--><div class=\"swiper-slide\" data-desktop-content-width=\"auto\" data-tablet-content-width=\"auto\" data-bg-alignment=\"center\" data-color-scheme=\"light\" data-x-pos=\"left\" data-y-pos=\"middle\" ><div class=\"slide-bg-wrap\"><div class=\"image-bg\" style=\"background-image: url(https:\/\/www.cascinabricchetto.it\/wp-content\/uploads\/2023\/11\/5792680231_14e4c5752b_o.jpg);\"> &nbsp; <\/div><\/div><div class=\"video-texture \"> <span class=\"ie-fix\"><\/span> <\/div><\/div> <!--\/swiper-slide--><div class=\"swiper-slide\" data-desktop-content-width=\"auto\" data-tablet-content-width=\"auto\" data-bg-alignment=\"center\" data-color-scheme=\"light\" data-x-pos=\"left\" data-y-pos=\"middle\" ><div class=\"slide-bg-wrap\"><div class=\"image-bg\" style=\"background-image: url(https:\/\/www.cascinabricchetto.it\/wp-content\/uploads\/2023\/11\/DSC_0477.jpg);\"> &nbsp; <\/div><\/div><div class=\"video-texture \"> <span class=\"ie-fix\"><\/span> <\/div><\/div> <!--\/swiper-slide--><div class=\"swiper-slide\" data-desktop-content-width=\"auto\" data-tablet-content-width=\"auto\" data-bg-alignment=\"center\" data-color-scheme=\"light\" data-x-pos=\"left\" data-y-pos=\"middle\" ><div class=\"slide-bg-wrap\"><div class=\"image-bg\" style=\"background-image: url(https:\/\/www.cascinabricchetto.it\/wp-content\/uploads\/2023\/11\/IMG_1345-L.jpg);\"> &nbsp; <\/div><\/div><div class=\"video-texture \"> <span class=\"ie-fix\"><\/span> <\/div><\/div> <!--\/swiper-slide--><div class=\"swiper-slide\" data-desktop-content-width=\"auto\" data-tablet-content-width=\"auto\" data-bg-alignment=\"center\" data-color-scheme=\"light\" data-x-pos=\"left\" data-y-pos=\"middle\" ><div class=\"slide-bg-wrap\"><div class=\"image-bg\" style=\"background-image: url(https:\/\/www.cascinabricchetto.it\/wp-content\/uploads\/2023\/11\/IMG_1349-L.jpg);\"> &nbsp; <\/div><\/div><div class=\"video-texture \"> <span class=\"ie-fix\"><\/span> <\/div><\/div> <!--\/swiper-slide--><div class=\"swiper-slide\" data-desktop-content-width=\"auto\" data-tablet-content-width=\"auto\" data-bg-alignment=\"center\" data-color-scheme=\"light\" data-x-pos=\"left\" data-y-pos=\"middle\" ><div class=\"slide-bg-wrap\"><div class=\"image-bg\" style=\"background-image: url(https:\/\/www.cascinabricchetto.it\/wp-content\/uploads\/2023\/11\/7041433793_97568e728f_bpesco-di-Gino.jpg);\"> &nbsp; <\/div><\/div><div class=\"video-texture \"> <span class=\"ie-fix\"><\/span> <\/div><\/div> <!--\/swiper-slide--><div class=\"swiper-slide\" data-desktop-content-width=\"auto\" data-tablet-content-width=\"auto\" data-bg-alignment=\"center\" data-color-scheme=\"light\" data-x-pos=\"left\" data-y-pos=\"middle\" ><div class=\"slide-bg-wrap\"><div class=\"image-bg\" style=\"background-image: url(https:\/\/www.cascinabricchetto.it\/wp-content\/uploads\/2023\/11\/P7120110-Loto.jpg);\"> &nbsp; <\/div><\/div><div class=\"video-texture \"> <span class=\"ie-fix\"><\/span> <\/div><\/div> <!--\/swiper-slide--><div class=\"swiper-slide\" data-desktop-content-width=\"auto\" data-tablet-content-width=\"auto\" data-bg-alignment=\"center\" data-color-scheme=\"light\" data-x-pos=\"left\" data-y-pos=\"middle\" ><div class=\"slide-bg-wrap\"><div class=\"image-bg\" style=\"background-image: url(https:\/\/www.cascinabricchetto.it\/wp-content\/uploads\/2023\/11\/5653020182_4850522dff_o-rosa-canina.jpg);\"> &nbsp; <\/div><\/div><div class=\"video-texture \"> <span class=\"ie-fix\"><\/span> <\/div><\/div> <!--\/swiper-slide--><div class=\"swiper-slide\" data-desktop-content-width=\"auto\" data-tablet-content-width=\"auto\" data-bg-alignment=\"center\" data-color-scheme=\"light\" data-x-pos=\"left\" data-y-pos=\"middle\" ><div class=\"slide-bg-wrap\"><div class=\"image-bg\" style=\"background-image: url(https:\/\/www.cascinabricchetto.it\/wp-content\/uploads\/2023\/11\/5817366003_e050ecd02a_o.jpg);\"> &nbsp; <\/div><\/div><div class=\"video-texture \"> <span class=\"ie-fix\"><\/span> <\/div><\/div> <!--\/swiper-slide--><div class=\"swiper-slide\" data-desktop-content-width=\"auto\" data-tablet-content-width=\"auto\" data-bg-alignment=\"center\" data-color-scheme=\"light\" data-x-pos=\"left\" data-y-pos=\"middle\" ><div class=\"slide-bg-wrap\"><div class=\"image-bg\" style=\"background-image: url(https:\/\/www.cascinabricchetto.it\/wp-content\/uploads\/2023\/11\/PICT7311.jpg);\"> &nbsp; <\/div><\/div><div class=\"video-texture \"> <span class=\"ie-fix\"><\/span> <\/div><\/div> <!--\/swiper-slide--><div class=\"swiper-slide\" data-desktop-content-width=\"auto\" data-tablet-content-width=\"auto\" data-bg-alignment=\"center\" data-color-scheme=\"light\" data-x-pos=\"left\" data-y-pos=\"middle\" ><div class=\"slide-bg-wrap\"><div class=\"image-bg\" style=\"background-image: url(https:\/\/www.cascinabricchetto.it\/wp-content\/uploads\/2023\/11\/DSC_6626.jpg);\"> &nbsp; <\/div><\/div><div class=\"video-texture \"> <span class=\"ie-fix\"><\/span> <\/div><\/div> <!--\/swiper-slide--><div class=\"swiper-slide\" data-desktop-content-width=\"auto\" data-tablet-content-width=\"auto\" data-bg-alignment=\"center\" data-color-scheme=\"light\" data-x-pos=\"left\" data-y-pos=\"middle\" ><div class=\"slide-bg-wrap\"><div class=\"image-bg\" style=\"background-image: url(https:\/\/www.cascinabricchetto.it\/wp-content\/uploads\/2023\/11\/PICT7278.jpg);\"> &nbsp; <\/div><\/div><div class=\"video-texture \"> <span class=\"ie-fix\"><\/span> <\/div><\/div> <!--\/swiper-slide--><div class=\"swiper-slide\" data-desktop-content-width=\"auto\" data-tablet-content-width=\"auto\" data-bg-alignment=\"center\" data-color-scheme=\"light\" data-x-pos=\"left\" data-y-pos=\"middle\" ><div class=\"slide-bg-wrap\"><div class=\"image-bg\" style=\"background-image: url(https:\/\/www.cascinabricchetto.it\/wp-content\/uploads\/2023\/11\/P2030253-Neve-ghiaccioli-portico.jpg);\"> &nbsp; <\/div><\/div><div class=\"video-texture \"> <span class=\"ie-fix\"><\/span> <\/div><\/div> <!--\/swiper-slide--><div class=\"swiper-slide\" data-desktop-content-width=\"auto\" data-tablet-content-width=\"auto\" data-bg-alignment=\"center\" data-color-scheme=\"light\" data-x-pos=\"left\" data-y-pos=\"middle\" ><div class=\"slide-bg-wrap\"><div class=\"image-bg\" style=\"background-image: url(https:\/\/www.cascinabricchetto.it\/wp-content\/uploads\/2023\/11\/Gladiolo-selvatico.jpg);\"> &nbsp; <\/div><\/div><div class=\"video-texture \"> <span class=\"ie-fix\"><\/span> <\/div><\/div> <!--\/swiper-slide--><div class=\"swiper-slide\" data-desktop-content-width=\"auto\" data-tablet-content-width=\"auto\" data-bg-alignment=\"center\" data-color-scheme=\"light\" data-x-pos=\"left\" data-y-pos=\"middle\" ><div class=\"slide-bg-wrap\"><div class=\"image-bg\" style=\"background-image: url(https:\/\/www.cascinabricchetto.it\/wp-content\/uploads\/2023\/11\/Vigneti-primavera-1-0165.jpg);\"> &nbsp; <\/div><\/div><div class=\"video-texture \"> <span class=\"ie-fix\"><\/span> <\/div><\/div> <!--\/swiper-slide--><div class=\"swiper-slide\" data-desktop-content-width=\"auto\" data-tablet-content-width=\"auto\" data-bg-alignment=\"center\" data-color-scheme=\"light\" data-x-pos=\"left\" data-y-pos=\"middle\" ><div class=\"slide-bg-wrap\"><div class=\"image-bg\" style=\"background-image: url(https:\/\/www.cascinabricchetto.it\/wp-content\/uploads\/2023\/11\/Orchis-purpurea-1-077.jpg);\"> &nbsp; <\/div><\/div><div class=\"video-texture \"> <span class=\"ie-fix\"><\/span> <\/div><\/div> <!--\/swiper-slide--><div class=\"swiper-slide\" data-desktop-content-width=\"auto\" data-tablet-content-width=\"auto\" data-bg-alignment=\"center\" data-color-scheme=\"light\" data-x-pos=\"left\" data-y-pos=\"middle\" ><div class=\"slide-bg-wrap\"><div class=\"image-bg\" style=\"background-image: url(https:\/\/www.cascinabricchetto.it\/wp-content\/uploads\/2023\/11\/Salix-caprea-2-0161.jpg);\"> &nbsp; <\/div><\/div><div class=\"video-texture \"> <span class=\"ie-fix\"><\/span> <\/div><\/div> <!--\/swiper-slide--><div class=\"swiper-slide\" data-desktop-content-width=\"auto\" data-tablet-content-width=\"auto\" data-bg-alignment=\"center\" data-color-scheme=\"light\" data-x-pos=\"left\" data-y-pos=\"middle\" ><div class=\"slide-bg-wrap\"><div class=\"image-bg\" style=\"background-image: url(https:\/\/www.cascinabricchetto.it\/wp-content\/uploads\/2023\/11\/P7120119-Bignonia1.jpg);\"> &nbsp; <\/div><\/div><div class=\"video-texture \"> <span class=\"ie-fix\"><\/span> <\/div><\/div> <!--\/swiper-slide--><\/div><div class=\"container normal-container slider-pagination-wrap\"><div class=\"slider-pagination\"><\/div><\/div><div class=\"nectar-slider-loading \"> <span class=\"loading-icon none\">   <\/span> <\/div> <\/div> \n\t\t\t\t\t\n\t\t\t\t\t<\/div>\n\n\n\n<p><strong>Les sons<\/strong><\/p>\n\n\n\n<p>Le silence comme d\u00e9couverte d\u2019une dimension presque perdue, riche de nuances et pleine de possibilit\u00e9s.<br>Le vent dans sa gamme infinie de variations, des plus furieuses aux plus tendres.<br>Le feu de la chemin\u00e9e qui s\u2019enflamme, br\u00fble, sommeille et s\u2019enflamme \u00e0 nouveau\u2026<br>Le chant des oiseaux qui vous r\u00e9veille un beau matin ensoleill\u00e9 ou pr\u00eate sa voix \u00e0 la nuit\u2026<br>La pluie, la neige, la gr\u00eale\u2026<br>\u2026si vous voulez les d\u00e9couvrir ou les retrouver, la \u00ab Cascina Bricchetto \u00bb est le lieu id\u00e9al!<\/p>\n\n\n\n<p><strong>Les couleurs<\/strong><\/p>\n\n\n\n<p>Connaissez-vous les couleurs particuli\u00e8res de chaque saison?<br>Connaissez-vous les couleurs du paysage qui \u00e9merge de la \u00ab mer de brouillard \u00bb?<br>Connaissez-vous la couleur des vignobles en mai?<br>Connaissez-vous les couleurs du sous-bois en hiver?\u2026<br>\u2026 Si vous voulez les d\u00e9couvrir ou les retrouver, la \u00ab Cascina Bricchetto \u00bb est le lieu id\u00e9al!<\/p>\n\n\n\n<p><strong>Les odeurs<\/strong><\/p>\n\n\n\n<p>Connaissez-vous les odeurs des saisons? Connaissez-vous l\u2019odeur de la neige?<br>Connaissez-vous l\u2019odeur du brouillard?<br>Connaissez-vous l\u2019odeur de la pluie?<br>Connaissez-vous l\u2019odeur de la fum\u00e9e d\u2019un feu de bois?\u2026<br>\u2026Si vous voulez les d\u00e9couvrir ou les retrouver, la \u00ab Cascina Bricchetto \u00bb est le lieu id\u00e9al!<\/p>\n\n\n\n<p><strong>Les plaisirs<\/strong><\/p>\n\n\n\n<p>La conversation et les \u00e9changes d\u2019\u00e9motions sugg\u00e9r\u00e9es par la beaut\u00e9 ambiante.<br>La d\u00e9couverte de saveurs anciennes et authentiques, tant\u00f4t si fortes qu\u2019elles nous rendent perplexes, tant\u00f4t si d\u00e9licates qu\u2019elles exigent une grande concentration de notre part.<br>La lecture d\u2019un livre, pour d\u00e9couvrir peut-\u00eatre les grands \u00e9crivains de ces terres ou se replonger dans leurs livres.<br>L\u2019\u00e9motion d\u2019\u00e9crire, de dessiner ou de r\u00eaver en contemplant les diff\u00e9rentes facettes qu\u2019offre ce paysage merveilleux.<br>L\u2019\u00e9motion d\u2019une caresse aux troncs des arbres.<br>L\u2019\u00e9motion de marcher pieds nus sur l\u2019herbe\u2026<br>\u2026Si vous voulez les d\u00e9couvrir ou les retrouver, la \u00ab Cascina Bricchetto \u00bb est le lieu id\u00e9al!<\/p>\n\n\n\n<p><em>Giovanna Oliveri est \u00e0 votre disposition pour vous stimuler, pour vous assister et pour vous aider \u00e0 vous organiser.<\/em><\/p>\n","protected":false},"excerpt":{"rendered":"<p>Les sons Le silence comme d\u00e9couverte d\u2019une dimension presque perdue, riche de nuances et pleine de possibilit\u00e9s.Le vent dans sa gamme infinie de variations, des plus furieuses aux plus tendres.Le&#8230;<\/p>\n","protected":false},"author":1,"featured_media":0,"parent":29096,"menu_order":0,"comment_status":"closed","ping_status":"closed","template":"","meta":{"footnotes":""},"class_list":["post-2685","page","type-page","status-publish"],"yoast_head":"<!-- This site is optimized with the Yoast SEO plugin v23.9 - https:\/\/yoast.com\/wordpress\/plugins\/seo\/ -->\n<title>Exp\u00e9riences sensorielles - Cascina Bricchetto<\/title>\n<meta name=\"robots\" content=\"index, follow, max-snippet:-1, max-image-preview:large, max-video-preview:-1\" \/>\n<link rel=\"canonical\" href=\"https:\/\/www.cascinabricchetto.it\/fr\/experiences\/experiences-sensorielles\/\" \/>\n<meta property=\"og:locale\" content=\"fr_FR\" \/>\n<meta property=\"og:type\" content=\"article\" \/>\n<meta property=\"og:title\" content=\"Exp\u00e9riences sensorielles - Cascina Bricchetto\" \/>\n<meta property=\"og:description\" content=\"Les sons Le silence comme d\u00e9couverte d\u2019une dimension presque perdue, riche de nuances et pleine de possibilit\u00e9s.Le vent dans sa gamme infinie de variations, des plus furieuses aux plus tendres.Le...\" \/>\n<meta property=\"og:url\" content=\"https:\/\/www.cascinabricchetto.it\/fr\/experiences\/experiences-sensorielles\/\" \/>\n<meta property=\"og:site_name\" content=\"Cascina Bricchetto\" \/>\n<meta property=\"article:modified_time\" content=\"2025-05-20T15:10:41+00:00\" \/>\n<meta name=\"twitter:card\" content=\"summary_large_image\" \/>\n<meta name=\"twitter:label1\" content=\"Dur\u00e9e de lecture estim\u00e9e\" \/>\n\t<meta name=\"twitter:data1\" content=\"2 minutes\" \/>\n<script type=\"application\/ld+json\" class=\"yoast-schema-graph\">{\"@context\":\"https:\/\/schema.org\",\"@graph\":[{\"@type\":\"WebPage\",\"@id\":\"https:\/\/www.cascinabricchetto.it\/fr\/experiences\/experiences-sensorielles\/\",\"url\":\"https:\/\/www.cascinabricchetto.it\/fr\/experiences\/experiences-sensorielles\/\",\"name\":\"Exp\u00e9riences sensorielles - Cascina Bricchetto\",\"isPartOf\":{\"@id\":\"https:\/\/www.cascinabricchetto.it\/fr\/#website\"},\"datePublished\":\"2014-04-17T12:42:36+00:00\",\"dateModified\":\"2025-05-20T15:10:41+00:00\",\"breadcrumb\":{\"@id\":\"https:\/\/www.cascinabricchetto.it\/fr\/experiences\/experiences-sensorielles\/#breadcrumb\"},\"inLanguage\":\"fr-FR\",\"potentialAction\":[{\"@type\":\"ReadAction\",\"target\":[\"https:\/\/www.cascinabricchetto.it\/fr\/experiences\/experiences-sensorielles\/\"]}]},{\"@type\":\"BreadcrumbList\",\"@id\":\"https:\/\/www.cascinabricchetto.it\/fr\/experiences\/experiences-sensorielles\/#breadcrumb\",\"itemListElement\":[{\"@type\":\"ListItem\",\"position\":1,\"name\":\"Home\",\"item\":\"https:\/\/www.cascinabricchetto.it\/fr\/\"},{\"@type\":\"ListItem\",\"position\":2,\"name\":\"Exp\u00e9riences\",\"item\":\"https:\/\/www.cascinabricchetto.it\/fr\/experiences\/\"},{\"@type\":\"ListItem\",\"position\":3,\"name\":\"Exp\u00e9riences sensorielles\"}]},{\"@type\":\"WebSite\",\"@id\":\"https:\/\/www.cascinabricchetto.it\/fr\/#website\",\"url\":\"https:\/\/www.cascinabricchetto.it\/fr\/\",\"name\":\"Cascina Bricchetto\",\"description\":\"\",\"potentialAction\":[{\"@type\":\"SearchAction\",\"target\":{\"@type\":\"EntryPoint\",\"urlTemplate\":\"https:\/\/www.cascinabricchetto.it\/fr\/?s={search_term_string}\"},\"query-input\":{\"@type\":\"PropertyValueSpecification\",\"valueRequired\":true,\"valueName\":\"search_term_string\"}}],\"inLanguage\":\"fr-FR\"}]}<\/script>\n<!-- \/ Yoast SEO plugin. -->","yoast_head_json":{"title":"Exp\u00e9riences sensorielles - Cascina Bricchetto","robots":{"index":"index","follow":"follow","max-snippet":"max-snippet:-1","max-image-preview":"max-image-preview:large","max-video-preview":"max-video-preview:-1"},"canonical":"https:\/\/www.cascinabricchetto.it\/fr\/experiences\/experiences-sensorielles\/","og_locale":"fr_FR","og_type":"article","og_title":"Exp\u00e9riences sensorielles - Cascina Bricchetto","og_description":"Les sons Le silence comme d\u00e9couverte d\u2019une dimension presque perdue, riche de nuances et pleine de possibilit\u00e9s.Le vent dans sa gamme infinie de variations, des plus furieuses aux plus tendres.Le...","og_url":"https:\/\/www.cascinabricchetto.it\/fr\/experiences\/experiences-sensorielles\/","og_site_name":"Cascina Bricchetto","article_modified_time":"2025-05-20T15:10:41+00:00","twitter_card":"summary_large_image","twitter_misc":{"Dur\u00e9e de lecture estim\u00e9e":"2 minutes"},"schema":{"@context":"https:\/\/schema.org","@graph":[{"@type":"WebPage","@id":"https:\/\/www.cascinabricchetto.it\/fr\/experiences\/experiences-sensorielles\/","url":"https:\/\/www.cascinabricchetto.it\/fr\/experiences\/experiences-sensorielles\/","name":"Exp\u00e9riences sensorielles - Cascina Bricchetto","isPartOf":{"@id":"https:\/\/www.cascinabricchetto.it\/fr\/#website"},"datePublished":"2014-04-17T12:42:36+00:00","dateModified":"2025-05-20T15:10:41+00:00","breadcrumb":{"@id":"https:\/\/www.cascinabricchetto.it\/fr\/experiences\/experiences-sensorielles\/#breadcrumb"},"inLanguage":"fr-FR","potentialAction":[{"@type":"ReadAction","target":["https:\/\/www.cascinabricchetto.it\/fr\/experiences\/experiences-sensorielles\/"]}]},{"@type":"BreadcrumbList","@id":"https:\/\/www.cascinabricchetto.it\/fr\/experiences\/experiences-sensorielles\/#breadcrumb","itemListElement":[{"@type":"ListItem","position":1,"name":"Home","item":"https:\/\/www.cascinabricchetto.it\/fr\/"},{"@type":"ListItem","position":2,"name":"Exp\u00e9riences","item":"https:\/\/www.cascinabricchetto.it\/fr\/experiences\/"},{"@type":"ListItem","position":3,"name":"Exp\u00e9riences sensorielles"}]},{"@type":"WebSite","@id":"https:\/\/www.cascinabricchetto.it\/fr\/#website","url":"https:\/\/www.cascinabricchetto.it\/fr\/","name":"Cascina Bricchetto","description":"","potentialAction":[{"@type":"SearchAction","target":{"@type":"EntryPoint","urlTemplate":"https:\/\/www.cascinabricchetto.it\/fr\/?s={search_term_string}"},"query-input":{"@type":"PropertyValueSpecification","valueRequired":true,"valueName":"search_term_string"}}],"inLanguage":"fr-FR"}]}},"_links":{"self":[{"href":"https:\/\/www.cascinabricchetto.it\/fr\/wp-json\/wp\/v2\/pages\/2685","targetHints":{"allow":["GET"]}}],"collection":[{"href":"https:\/\/www.cascinabricchetto.it\/fr\/wp-json\/wp\/v2\/pages"}],"about":[{"href":"https:\/\/www.cascinabricchetto.it\/fr\/wp-json\/wp\/v2\/types\/page"}],"author":[{"embeddable":true,"href":"https:\/\/www.cascinabricchetto.it\/fr\/wp-json\/wp\/v2\/users\/1"}],"replies":[{"embeddable":true,"href":"https:\/\/www.cascinabricchetto.it\/fr\/wp-json\/wp\/v2\/comments?post=2685"}],"version-history":[{"count":3,"href":"https:\/\/www.cascinabricchetto.it\/fr\/wp-json\/wp\/v2\/pages\/2685\/revisions"}],"predecessor-version":[{"id":30100,"href":"https:\/\/www.cascinabricchetto.it\/fr\/wp-json\/wp\/v2\/pages\/2685\/revisions\/30100"}],"up":[{"embeddable":true,"href":"https:\/\/www.cascinabricchetto.it\/fr\/wp-json\/wp\/v2\/pages\/29096"}],"wp:attachment":[{"href":"https:\/\/www.cascinabricchetto.it\/fr\/wp-json\/wp\/v2\/media?parent=2685"}],"curies":[{"name":"wp","href":"https:\/\/api.w.org\/{rel}","templated":true}]}}