{"id":2681,"date":"2014-04-23T12:32:20","date_gmt":"2014-04-23T10:32:20","guid":{"rendered":"http:\/\/www.cascinabricchetto.it\/?page_id=2681"},"modified":"2024-01-07T23:16:20","modified_gmt":"2024-01-07T22:16:20","slug":"excursions-et-sport","status":"publish","type":"page","link":"https:\/\/www.cascinabricchetto.it\/fr\/langhe-piemont-ou-sommes-nous\/excursions-et-sport\/","title":{"rendered":"Excursions et sport"},"content":{"rendered":"<h4>Turin<\/h4>\n<p>Une journ\u00e9e dans la premi\u00e8re Capitale de l\u2019Italie (\u00e0 60 km environ).<br \/>\nUne visite au Premier Parlement et aux Mus\u00e9es, en particulier au Mus\u00e9e \u00c9gyptien r\u00e9cemment r\u00e9nov\u00e9.<br \/>\nUne promenade dans les places, le long des routes, dans de superbes palais et des pauses dans les vieux\u00a0Caf\u00e9s pour d\u00e9couvrir de bonnes choses et go\u00fbter, par exemple, le sabayon.<\/p>\n<h4>Les termes<\/h4>\n<p>Les plus proches se trouvent \u00e0 <strong>Agliano Terme<\/strong>, \u00e0 environ 20 km. Sinon, plus loin, \u00e0 <strong>Valdieri<\/strong>. Ce sont deux stations thermales pour jouir d\u2019agr\u00e9ables moments de bien-\u00eatre.<\/p>\n<h4>Le golf<\/h4>\n<p>Golf club Asti &#8211; frazione Mombarone &#8211; <strong>Asti<\/strong>, www.golffeudoasti.it<br \/>\nGolf club Cherasco &#8211; <strong>Cherasco<\/strong>, www.golfcherasco.com<br \/>\nGagliassi Golf club delle Langhe &#8211; <strong>Monforte d&rsquo;Alba<\/strong>, www.golfmonforte.it<\/p>\n<h4>\u00c9quitation<\/h4>\n<p>IppoAlba &#8211; Loc. San Cassiano &#8211; Alba, tel. 339\/6073620 &#8211; 333\/6315186<br \/>\nCentro Ippico San Bovo &#8211; Loc.San Bovo &#8211; Castino, www.sanbovo.it<br \/>\nCircolo Ippico Elia &#8211; Roddi, tel. 0173\/615094 &#8211; fax 0173\/615481<\/p>\n<p><strong>Giovanna Oliveri est \u00e0 votre disposition pour vous stimuler, pour vous assister et pour vous aider \u00e0 vous organiser.<\/strong><\/p>\n","protected":false},"excerpt":{"rendered":"<p>Turin Une journ\u00e9e dans la premi\u00e8re Capitale de l\u2019Italie (\u00e0 60 km environ). Une visite au Premier Parlement et aux Mus\u00e9es, en particulier au Mus\u00e9e \u00c9gyptien r\u00e9cemment r\u00e9nov\u00e9. Une promenade&#8230;<\/p>\n","protected":false},"author":1,"featured_media":23794,"parent":2615,"menu_order":0,"comment_status":"closed","ping_status":"closed","template":"","meta":{"footnotes":""},"class_list":["post-2681","page","type-page","status-publish","has-post-thumbnail"],"yoast_head":"<!-- This site is optimized with the Yoast SEO plugin v23.9 - https:\/\/yoast.com\/wordpress\/plugins\/seo\/ -->\n<title>Excursions et sport - Cascina Bricchetto<\/title>\n<meta name=\"robots\" content=\"index, follow, max-snippet:-1, max-image-preview:large, max-video-preview:-1\" \/>\n<link rel=\"canonical\" href=\"https:\/\/www.cascinabricchetto.it\/fr\/langhe-piemont-ou-sommes-nous\/excursions-et-sport\/\" \/>\n<meta property=\"og:locale\" content=\"fr_FR\" \/>\n<meta property=\"og:type\" content=\"article\" \/>\n<meta property=\"og:title\" content=\"Excursions et sport - Cascina Bricchetto\" \/>\n<meta property=\"og:description\" content=\"Turin Une journ\u00e9e dans la premi\u00e8re Capitale de l\u2019Italie (\u00e0 60 km environ). Une visite au Premier Parlement et aux Mus\u00e9es, en particulier au Mus\u00e9e \u00c9gyptien r\u00e9cemment r\u00e9nov\u00e9. Une promenade...\" \/>\n<meta property=\"og:url\" content=\"https:\/\/www.cascinabricchetto.it\/fr\/langhe-piemont-ou-sommes-nous\/excursions-et-sport\/\" \/>\n<meta property=\"og:site_name\" content=\"Cascina Bricchetto\" \/>\n<meta property=\"article:modified_time\" content=\"2024-01-07T22:16:20+00:00\" \/>\n<meta property=\"og:image\" content=\"https:\/\/www.cascinabricchetto.it\/wp-content\/uploads\/2023\/11\/2202125737_4cfaaffc0a_o.jpg\" \/>\n\t<meta property=\"og:image:width\" content=\"1280\" \/>\n\t<meta property=\"og:image:height\" content=\"631\" \/>\n\t<meta property=\"og:image:type\" content=\"image\/jpeg\" \/>\n<meta name=\"twitter:card\" content=\"summary_large_image\" \/>\n<meta name=\"twitter:label1\" content=\"Dur\u00e9e de lecture estim\u00e9e\" \/>\n\t<meta name=\"twitter:data1\" content=\"1 minute\" \/>\n<script type=\"application\/ld+json\" class=\"yoast-schema-graph\">{\"@context\":\"https:\/\/schema.org\",\"@graph\":[{\"@type\":\"WebPage\",\"@id\":\"https:\/\/www.cascinabricchetto.it\/fr\/langhe-piemont-ou-sommes-nous\/excursions-et-sport\/\",\"url\":\"https:\/\/www.cascinabricchetto.it\/fr\/langhe-piemont-ou-sommes-nous\/excursions-et-sport\/\",\"name\":\"Excursions et sport - Cascina Bricchetto\",\"isPartOf\":{\"@id\":\"https:\/\/www.cascinabricchetto.it\/fr\/#website\"},\"primaryImageOfPage\":{\"@id\":\"https:\/\/www.cascinabricchetto.it\/fr\/langhe-piemont-ou-sommes-nous\/excursions-et-sport\/#primaryimage\"},\"image\":{\"@id\":\"https:\/\/www.cascinabricchetto.it\/fr\/langhe-piemont-ou-sommes-nous\/excursions-et-sport\/#primaryimage\"},\"thumbnailUrl\":\"https:\/\/www.cascinabricchetto.it\/wp-content\/uploads\/2023\/11\/2202125737_4cfaaffc0a_o.jpg\",\"datePublished\":\"2014-04-23T10:32:20+00:00\",\"dateModified\":\"2024-01-07T22:16:20+00:00\",\"breadcrumb\":{\"@id\":\"https:\/\/www.cascinabricchetto.it\/fr\/langhe-piemont-ou-sommes-nous\/excursions-et-sport\/#breadcrumb\"},\"inLanguage\":\"fr-FR\",\"potentialAction\":[{\"@type\":\"ReadAction\",\"target\":[\"https:\/\/www.cascinabricchetto.it\/fr\/langhe-piemont-ou-sommes-nous\/excursions-et-sport\/\"]}]},{\"@type\":\"ImageObject\",\"inLanguage\":\"fr-FR\",\"@id\":\"https:\/\/www.cascinabricchetto.it\/fr\/langhe-piemont-ou-sommes-nous\/excursions-et-sport\/#primaryimage\",\"url\":\"https:\/\/www.cascinabricchetto.it\/wp-content\/uploads\/2023\/11\/2202125737_4cfaaffc0a_o.jpg\",\"contentUrl\":\"https:\/\/www.cascinabricchetto.it\/wp-content\/uploads\/2023\/11\/2202125737_4cfaaffc0a_o.jpg\",\"width\":1280,\"height\":631},{\"@type\":\"BreadcrumbList\",\"@id\":\"https:\/\/www.cascinabricchetto.it\/fr\/langhe-piemont-ou-sommes-nous\/excursions-et-sport\/#breadcrumb\",\"itemListElement\":[{\"@type\":\"ListItem\",\"position\":1,\"name\":\"Home\",\"item\":\"https:\/\/www.cascinabricchetto.it\/fr\/\"},{\"@type\":\"ListItem\",\"position\":2,\"name\":\"Langhe, o\u00f9 sommes nous\",\"item\":\"https:\/\/www.cascinabricchetto.it\/fr\/langhe-piedmont-where-we-are\/\"},{\"@type\":\"ListItem\",\"position\":3,\"name\":\"Excursions et sport\"}]},{\"@type\":\"WebSite\",\"@id\":\"https:\/\/www.cascinabricchetto.it\/fr\/#website\",\"url\":\"https:\/\/www.cascinabricchetto.it\/fr\/\",\"name\":\"Cascina Bricchetto\",\"description\":\"\",\"potentialAction\":[{\"@type\":\"SearchAction\",\"target\":{\"@type\":\"EntryPoint\",\"urlTemplate\":\"https:\/\/www.cascinabricchetto.it\/fr\/?s={search_term_string}\"},\"query-input\":{\"@type\":\"PropertyValueSpecification\",\"valueRequired\":true,\"valueName\":\"search_term_string\"}}],\"inLanguage\":\"fr-FR\"}]}<\/script>\n<!-- \/ Yoast SEO plugin. -->","yoast_head_json":{"title":"Excursions et sport - Cascina Bricchetto","robots":{"index":"index","follow":"follow","max-snippet":"max-snippet:-1","max-image-preview":"max-image-preview:large","max-video-preview":"max-video-preview:-1"},"canonical":"https:\/\/www.cascinabricchetto.it\/fr\/langhe-piemont-ou-sommes-nous\/excursions-et-sport\/","og_locale":"fr_FR","og_type":"article","og_title":"Excursions et sport - Cascina Bricchetto","og_description":"Turin Une journ\u00e9e dans la premi\u00e8re Capitale de l\u2019Italie (\u00e0 60 km environ). Une visite au Premier Parlement et aux Mus\u00e9es, en particulier au Mus\u00e9e \u00c9gyptien r\u00e9cemment r\u00e9nov\u00e9. Une promenade...","og_url":"https:\/\/www.cascinabricchetto.it\/fr\/langhe-piemont-ou-sommes-nous\/excursions-et-sport\/","og_site_name":"Cascina Bricchetto","article_modified_time":"2024-01-07T22:16:20+00:00","og_image":[{"width":1280,"height":631,"url":"https:\/\/www.cascinabricchetto.it\/wp-content\/uploads\/2023\/11\/2202125737_4cfaaffc0a_o.jpg","type":"image\/jpeg"}],"twitter_card":"summary_large_image","twitter_misc":{"Dur\u00e9e de lecture estim\u00e9e":"1 minute"},"schema":{"@context":"https:\/\/schema.org","@graph":[{"@type":"WebPage","@id":"https:\/\/www.cascinabricchetto.it\/fr\/langhe-piemont-ou-sommes-nous\/excursions-et-sport\/","url":"https:\/\/www.cascinabricchetto.it\/fr\/langhe-piemont-ou-sommes-nous\/excursions-et-sport\/","name":"Excursions et sport - Cascina Bricchetto","isPartOf":{"@id":"https:\/\/www.cascinabricchetto.it\/fr\/#website"},"primaryImageOfPage":{"@id":"https:\/\/www.cascinabricchetto.it\/fr\/langhe-piemont-ou-sommes-nous\/excursions-et-sport\/#primaryimage"},"image":{"@id":"https:\/\/www.cascinabricchetto.it\/fr\/langhe-piemont-ou-sommes-nous\/excursions-et-sport\/#primaryimage"},"thumbnailUrl":"https:\/\/www.cascinabricchetto.it\/wp-content\/uploads\/2023\/11\/2202125737_4cfaaffc0a_o.jpg","datePublished":"2014-04-23T10:32:20+00:00","dateModified":"2024-01-07T22:16:20+00:00","breadcrumb":{"@id":"https:\/\/www.cascinabricchetto.it\/fr\/langhe-piemont-ou-sommes-nous\/excursions-et-sport\/#breadcrumb"},"inLanguage":"fr-FR","potentialAction":[{"@type":"ReadAction","target":["https:\/\/www.cascinabricchetto.it\/fr\/langhe-piemont-ou-sommes-nous\/excursions-et-sport\/"]}]},{"@type":"ImageObject","inLanguage":"fr-FR","@id":"https:\/\/www.cascinabricchetto.it\/fr\/langhe-piemont-ou-sommes-nous\/excursions-et-sport\/#primaryimage","url":"https:\/\/www.cascinabricchetto.it\/wp-content\/uploads\/2023\/11\/2202125737_4cfaaffc0a_o.jpg","contentUrl":"https:\/\/www.cascinabricchetto.it\/wp-content\/uploads\/2023\/11\/2202125737_4cfaaffc0a_o.jpg","width":1280,"height":631},{"@type":"BreadcrumbList","@id":"https:\/\/www.cascinabricchetto.it\/fr\/langhe-piemont-ou-sommes-nous\/excursions-et-sport\/#breadcrumb","itemListElement":[{"@type":"ListItem","position":1,"name":"Home","item":"https:\/\/www.cascinabricchetto.it\/fr\/"},{"@type":"ListItem","position":2,"name":"Langhe, o\u00f9 sommes nous","item":"https:\/\/www.cascinabricchetto.it\/fr\/langhe-piedmont-where-we-are\/"},{"@type":"ListItem","position":3,"name":"Excursions et sport"}]},{"@type":"WebSite","@id":"https:\/\/www.cascinabricchetto.it\/fr\/#website","url":"https:\/\/www.cascinabricchetto.it\/fr\/","name":"Cascina Bricchetto","description":"","potentialAction":[{"@type":"SearchAction","target":{"@type":"EntryPoint","urlTemplate":"https:\/\/www.cascinabricchetto.it\/fr\/?s={search_term_string}"},"query-input":{"@type":"PropertyValueSpecification","valueRequired":true,"valueName":"search_term_string"}}],"inLanguage":"fr-FR"}]}},"_links":{"self":[{"href":"https:\/\/www.cascinabricchetto.it\/fr\/wp-json\/wp\/v2\/pages\/2681","targetHints":{"allow":["GET"]}}],"collection":[{"href":"https:\/\/www.cascinabricchetto.it\/fr\/wp-json\/wp\/v2\/pages"}],"about":[{"href":"https:\/\/www.cascinabricchetto.it\/fr\/wp-json\/wp\/v2\/types\/page"}],"author":[{"embeddable":true,"href":"https:\/\/www.cascinabricchetto.it\/fr\/wp-json\/wp\/v2\/users\/1"}],"replies":[{"embeddable":true,"href":"https:\/\/www.cascinabricchetto.it\/fr\/wp-json\/wp\/v2\/comments?post=2681"}],"version-history":[{"count":1,"href":"https:\/\/www.cascinabricchetto.it\/fr\/wp-json\/wp\/v2\/pages\/2681\/revisions"}],"predecessor-version":[{"id":26771,"href":"https:\/\/www.cascinabricchetto.it\/fr\/wp-json\/wp\/v2\/pages\/2681\/revisions\/26771"}],"up":[{"embeddable":true,"href":"https:\/\/www.cascinabricchetto.it\/fr\/wp-json\/wp\/v2\/pages\/2615"}],"wp:featuredmedia":[{"embeddable":true,"href":"https:\/\/www.cascinabricchetto.it\/fr\/wp-json\/wp\/v2\/media\/23794"}],"wp:attachment":[{"href":"https:\/\/www.cascinabricchetto.it\/fr\/wp-json\/wp\/v2\/media?parent=2681"}],"curies":[{"name":"wp","href":"https:\/\/api.w.org\/{rel}","templated":true}]}}