{"id":2619,"date":"2014-04-23T11:47:40","date_gmt":"2014-04-23T09:47:40","guid":{"rendered":"http:\/\/www.cascinabricchetto.it\/?page_id=2619"},"modified":"2024-01-07T23:16:15","modified_gmt":"2024-01-07T22:16:15","slug":"visites-et-activites-dans-la-region","status":"publish","type":"page","link":"https:\/\/www.cascinabricchetto.it\/fr\/langhe-piemont-ou-sommes-nous\/visites-et-activites-dans-la-region\/","title":{"rendered":"Visites et activit\u00e9s dans la r\u00e9gion"},"content":{"rendered":"<p>Le territoire de\u00a0<strong>Langhe<\/strong> est riche sur le plan historique et culturel. L\u2019architecture s\u2019\u00e9tend du 9<sup>\u00e8me <\/sup>si\u00e8cle\u00a0\u00e0\u00a0aujourd\u2019hui; \u00a0les mus\u00e9es sont nombreux dans les villes et villages. Les petites villes de <strong>Alba<\/strong>, <strong>Bra<\/strong>, <strong>Cherasco<\/strong> par exemple, \u00a0sont typiques avec leur centre historique pr\u00e9serv\u00e9 et charmant.<\/p>\n<p>Les collines qui constituent l\u2019essentiel du territoire sont souvent domin\u00e9es par des ch\u00e2teaux antiques construits \u00e0 partir du 13<sup>\u00e8me <\/sup>si\u00e8cle. Certains \u00e9taient de type d\u00e9fensif (Serralunga d\u2019Alba), mais, au moyen-\u00e2ge, la plupart servaient de si\u00e8ge administratif \u00a0et d\u2019habitation aux seigneurs f\u00e9odaux. Plus r\u00e9cemment, ces ch\u00e2teaux furent les\u00a0 r\u00e9sidences d\u2019\u00e9t\u00e9 des\u00a0 familles royales de Savoie.<\/p>\n<p>Les ch\u00e2teaux sont accessibles aux visites, totalement ou partiellement (certains sont actuellement des propri\u00e9t\u00e9s priv\u00e9es). Ils accueillent souvent des mus\u00e9es, \u0153noth\u00e8ques ou \u00e9v\u00e8nements particuliers. Les plus importants sont\u00a0: <strong>Ch\u00e2teau royal de Govone<\/strong>, Ch\u00e2teau des <strong>marquis Falletti<\/strong> \u00e0 <strong>Barolo<\/strong>, Ch\u00e2teau des <strong>comtes Benso de Cavour<\/strong> a <strong>Grinzane Cavour<\/strong>, Ch\u00e2teau des <strong>comtes Alfieri<\/strong> (avant et apr\u00e8s avoir \u00e9t\u00e9 celui \u00a0des souverains de Savoie) \u00e0 <strong>Magliano Alfieri<\/strong>, Ch\u00e2teau dei <strong>marquis Busca \u00e0 Mango<\/strong>, Ch\u00e2teau des <strong>comtes Beraudo \u00e0 Pralormo<\/strong>, Ch\u00e2teau des <strong>comtes Falletti<\/strong> \u00e0 <strong>Serralunga d\u2019Alba<\/strong>.<\/p>\n<h4>Ev\u00e8nements, manifestations, foires<\/h4>\n<p>Des \u00e9v\u00e8nements culturels, \u0153nologiques et gastronomiques se d\u00e9roulent tr\u00e8s r\u00e9guli\u00e8rement sur le territoire (selon la p\u00e9riode de l\u2019ann\u00e9e\u00a0: chaque jour, chaque semaine ou chaque mois)<\/p>\n<p>Il y a \u00e9galement de nombreuses manifestations traditionnelles, foires de tous types, expositions, et d\u00e9monstrations de produits locaux. En \u00e9t\u00e9, dans chaque village, des f\u00eates d\u00e9di\u00e9es aux vins et aux mets r\u00e9gionaux ont lieu, offrant l\u2019embarras du choix au visiteur qui souhaite d\u00e9guster les plats et vins \u00a0typiques de la r\u00e9gion. Des fromages, salamis, noisettes, nougats, chocolats r\u00e9gionaux sont \u00e9galement propos\u00e9s par de nombreux commerces dans les ruelles des villages.<\/p>\n<p>Ce n\u2019est pas par hasard, que le mouvement <strong><em>Slow Food<\/em><\/strong> (une association non-profit qui compte de nombreux membres dans 150 pays et dont l\u2019objectif est de promouvoir les aliments de qualit\u00e9, tant sur le plan gustatif que \u00e9thique) est n\u00e9 ici, plus pr\u00e9cis\u00e9ment \u00e0 Bra, ou se tient, tous les deux ans, la manifestation <strong><em>Cheese<\/em><\/strong>, et o\u00f9 se trouve le si\u00e8ge central. \u00a0.<\/p>\n<p>C\u2019est sur ce territoire que naissent les vins les plus prestigieux du Pi\u00e9mont. Les produits et la cuisine du terroir valent \u00e0 eux seuls le s\u00e9jour<\/p>\n<h4>Les march\u00e9s<\/h4>\n<p>Ici, le march\u00e9 est encore un \u00e9v\u00e8nement qui rassemble tous les habitants des villages avoisinants. C\u2019est l\u2019occasion de transactions diverses, et pour le visiteur, un v\u00e9ritable plaisir de\u00a0 promenade au gr\u00e9 des \u00e9choppes color\u00e9es, \u00e0 la recherche de trouvailles en tout genre (Objets d\u2019artisanat, produits typiques, ustensiles divers) le tout dans une atmosph\u00e8re particuli\u00e8re de joyeuse complicit\u00e9 entre acqu\u00e9reurs et vendeurs. Les march\u00e9s de \u00a0Cuneo, Asti, Bra sont \u00e9normes. \u00c0 <strong>Alba<\/strong>, le samedi matin, tout le centre historique est occup\u00e9 par le march\u00e9, dont les zones sp\u00e9cialis\u00e9es s\u2019\u00e9tendent de la place aux produits bio, \u00e0 celle consacr\u00e9e \u00e0 l\u2019agriculture, en passant par les ruelles qui offrent les produits textiles.<\/p>\n<p>Des conventions pass\u00e9es avec les trattorias, restaurants, cantines de production de grands vins, p\u00e2tisseries, petits producteurs de produits du terroir permettent de profiter de prix int\u00e9ressants, mais surtout de conna\u00eetre\u00a0 ce que le\u00a0 territoire offre de mieux.<\/p>\n<p>Nous sommes organis\u00e9s pour vous aider de mani\u00e8re significative \u00e0\u00a0 \u00e9tablir au mieux le programme de votre s\u00e9jour dans cette r\u00e9gion fantastique.<\/p>\n","protected":false},"excerpt":{"rendered":"<p>Le territoire de\u00a0Langhe est riche sur le plan historique et culturel. L\u2019architecture s\u2019\u00e9tend du 9\u00e8me si\u00e8cle\u00a0\u00e0\u00a0aujourd\u2019hui; \u00a0les mus\u00e9es sont nombreux dans les villes et villages. Les petites villes de Alba,&#8230;<\/p>\n","protected":false},"author":1,"featured_media":24058,"parent":2615,"menu_order":0,"comment_status":"closed","ping_status":"closed","template":"","meta":{"footnotes":""},"class_list":["post-2619","page","type-page","status-publish","has-post-thumbnail"],"yoast_head":"<!-- This site is optimized with the Yoast SEO plugin v23.9 - https:\/\/yoast.com\/wordpress\/plugins\/seo\/ -->\n<title>Visites et activit\u00e9s dans la r\u00e9gion - Cascina Bricchetto<\/title>\n<meta name=\"robots\" content=\"index, follow, max-snippet:-1, max-image-preview:large, max-video-preview:-1\" \/>\n<link rel=\"canonical\" href=\"https:\/\/www.cascinabricchetto.it\/fr\/langhe-piemont-ou-sommes-nous\/visites-et-activites-dans-la-region\/\" \/>\n<meta property=\"og:locale\" content=\"fr_FR\" \/>\n<meta property=\"og:type\" content=\"article\" \/>\n<meta property=\"og:title\" content=\"Visites et activit\u00e9s dans la r\u00e9gion - Cascina Bricchetto\" \/>\n<meta property=\"og:description\" content=\"Le territoire de\u00a0Langhe est riche sur le plan historique et culturel. L\u2019architecture s\u2019\u00e9tend du 9\u00e8me si\u00e8cle\u00a0\u00e0\u00a0aujourd\u2019hui; \u00a0les mus\u00e9es sont nombreux dans les villes et villages. Les petites villes de Alba,...\" \/>\n<meta property=\"og:url\" content=\"https:\/\/www.cascinabricchetto.it\/fr\/langhe-piemont-ou-sommes-nous\/visites-et-activites-dans-la-region\/\" \/>\n<meta property=\"og:site_name\" content=\"Cascina Bricchetto\" \/>\n<meta property=\"article:modified_time\" content=\"2024-01-07T22:16:15+00:00\" \/>\n<meta property=\"og:image\" content=\"https:\/\/www.cascinabricchetto.it\/wp-content\/uploads\/2023\/11\/5630457041_28fed6775e_o-1.jpg\" \/>\n\t<meta property=\"og:image:width\" content=\"922\" \/>\n\t<meta property=\"og:image:height\" content=\"271\" \/>\n\t<meta property=\"og:image:type\" content=\"image\/jpeg\" \/>\n<meta name=\"twitter:card\" content=\"summary_large_image\" \/>\n<meta name=\"twitter:label1\" content=\"Dur\u00e9e de lecture estim\u00e9e\" \/>\n\t<meta name=\"twitter:data1\" content=\"3 minutes\" \/>\n<script type=\"application\/ld+json\" class=\"yoast-schema-graph\">{\"@context\":\"https:\/\/schema.org\",\"@graph\":[{\"@type\":\"WebPage\",\"@id\":\"https:\/\/www.cascinabricchetto.it\/fr\/langhe-piemont-ou-sommes-nous\/visites-et-activites-dans-la-region\/\",\"url\":\"https:\/\/www.cascinabricchetto.it\/fr\/langhe-piemont-ou-sommes-nous\/visites-et-activites-dans-la-region\/\",\"name\":\"Visites et activit\u00e9s dans la r\u00e9gion - Cascina Bricchetto\",\"isPartOf\":{\"@id\":\"https:\/\/www.cascinabricchetto.it\/fr\/#website\"},\"primaryImageOfPage\":{\"@id\":\"https:\/\/www.cascinabricchetto.it\/fr\/langhe-piemont-ou-sommes-nous\/visites-et-activites-dans-la-region\/#primaryimage\"},\"image\":{\"@id\":\"https:\/\/www.cascinabricchetto.it\/fr\/langhe-piemont-ou-sommes-nous\/visites-et-activites-dans-la-region\/#primaryimage\"},\"thumbnailUrl\":\"https:\/\/www.cascinabricchetto.it\/wp-content\/uploads\/2023\/11\/5630457041_28fed6775e_o-1.jpg\",\"datePublished\":\"2014-04-23T09:47:40+00:00\",\"dateModified\":\"2024-01-07T22:16:15+00:00\",\"breadcrumb\":{\"@id\":\"https:\/\/www.cascinabricchetto.it\/fr\/langhe-piemont-ou-sommes-nous\/visites-et-activites-dans-la-region\/#breadcrumb\"},\"inLanguage\":\"fr-FR\",\"potentialAction\":[{\"@type\":\"ReadAction\",\"target\":[\"https:\/\/www.cascinabricchetto.it\/fr\/langhe-piemont-ou-sommes-nous\/visites-et-activites-dans-la-region\/\"]}]},{\"@type\":\"ImageObject\",\"inLanguage\":\"fr-FR\",\"@id\":\"https:\/\/www.cascinabricchetto.it\/fr\/langhe-piemont-ou-sommes-nous\/visites-et-activites-dans-la-region\/#primaryimage\",\"url\":\"https:\/\/www.cascinabricchetto.it\/wp-content\/uploads\/2023\/11\/5630457041_28fed6775e_o-1.jpg\",\"contentUrl\":\"https:\/\/www.cascinabricchetto.it\/wp-content\/uploads\/2023\/11\/5630457041_28fed6775e_o-1.jpg\",\"width\":922,\"height\":271},{\"@type\":\"BreadcrumbList\",\"@id\":\"https:\/\/www.cascinabricchetto.it\/fr\/langhe-piemont-ou-sommes-nous\/visites-et-activites-dans-la-region\/#breadcrumb\",\"itemListElement\":[{\"@type\":\"ListItem\",\"position\":1,\"name\":\"Home\",\"item\":\"https:\/\/www.cascinabricchetto.it\/fr\/\"},{\"@type\":\"ListItem\",\"position\":2,\"name\":\"Langhe, o\u00f9 sommes nous\",\"item\":\"https:\/\/www.cascinabricchetto.it\/fr\/langhe-piedmont-where-we-are\/\"},{\"@type\":\"ListItem\",\"position\":3,\"name\":\"Visites et activit\u00e9s dans la r\u00e9gion\"}]},{\"@type\":\"WebSite\",\"@id\":\"https:\/\/www.cascinabricchetto.it\/fr\/#website\",\"url\":\"https:\/\/www.cascinabricchetto.it\/fr\/\",\"name\":\"Cascina Bricchetto\",\"description\":\"\",\"potentialAction\":[{\"@type\":\"SearchAction\",\"target\":{\"@type\":\"EntryPoint\",\"urlTemplate\":\"https:\/\/www.cascinabricchetto.it\/fr\/?s={search_term_string}\"},\"query-input\":{\"@type\":\"PropertyValueSpecification\",\"valueRequired\":true,\"valueName\":\"search_term_string\"}}],\"inLanguage\":\"fr-FR\"}]}<\/script>\n<!-- \/ Yoast SEO plugin. -->","yoast_head_json":{"title":"Visites et activit\u00e9s dans la r\u00e9gion - Cascina Bricchetto","robots":{"index":"index","follow":"follow","max-snippet":"max-snippet:-1","max-image-preview":"max-image-preview:large","max-video-preview":"max-video-preview:-1"},"canonical":"https:\/\/www.cascinabricchetto.it\/fr\/langhe-piemont-ou-sommes-nous\/visites-et-activites-dans-la-region\/","og_locale":"fr_FR","og_type":"article","og_title":"Visites et activit\u00e9s dans la r\u00e9gion - Cascina Bricchetto","og_description":"Le territoire de\u00a0Langhe est riche sur le plan historique et culturel. L\u2019architecture s\u2019\u00e9tend du 9\u00e8me si\u00e8cle\u00a0\u00e0\u00a0aujourd\u2019hui; \u00a0les mus\u00e9es sont nombreux dans les villes et villages. Les petites villes de Alba,...","og_url":"https:\/\/www.cascinabricchetto.it\/fr\/langhe-piemont-ou-sommes-nous\/visites-et-activites-dans-la-region\/","og_site_name":"Cascina Bricchetto","article_modified_time":"2024-01-07T22:16:15+00:00","og_image":[{"width":922,"height":271,"url":"https:\/\/www.cascinabricchetto.it\/wp-content\/uploads\/2023\/11\/5630457041_28fed6775e_o-1.jpg","type":"image\/jpeg"}],"twitter_card":"summary_large_image","twitter_misc":{"Dur\u00e9e de lecture estim\u00e9e":"3 minutes"},"schema":{"@context":"https:\/\/schema.org","@graph":[{"@type":"WebPage","@id":"https:\/\/www.cascinabricchetto.it\/fr\/langhe-piemont-ou-sommes-nous\/visites-et-activites-dans-la-region\/","url":"https:\/\/www.cascinabricchetto.it\/fr\/langhe-piemont-ou-sommes-nous\/visites-et-activites-dans-la-region\/","name":"Visites et activit\u00e9s dans la r\u00e9gion - Cascina Bricchetto","isPartOf":{"@id":"https:\/\/www.cascinabricchetto.it\/fr\/#website"},"primaryImageOfPage":{"@id":"https:\/\/www.cascinabricchetto.it\/fr\/langhe-piemont-ou-sommes-nous\/visites-et-activites-dans-la-region\/#primaryimage"},"image":{"@id":"https:\/\/www.cascinabricchetto.it\/fr\/langhe-piemont-ou-sommes-nous\/visites-et-activites-dans-la-region\/#primaryimage"},"thumbnailUrl":"https:\/\/www.cascinabricchetto.it\/wp-content\/uploads\/2023\/11\/5630457041_28fed6775e_o-1.jpg","datePublished":"2014-04-23T09:47:40+00:00","dateModified":"2024-01-07T22:16:15+00:00","breadcrumb":{"@id":"https:\/\/www.cascinabricchetto.it\/fr\/langhe-piemont-ou-sommes-nous\/visites-et-activites-dans-la-region\/#breadcrumb"},"inLanguage":"fr-FR","potentialAction":[{"@type":"ReadAction","target":["https:\/\/www.cascinabricchetto.it\/fr\/langhe-piemont-ou-sommes-nous\/visites-et-activites-dans-la-region\/"]}]},{"@type":"ImageObject","inLanguage":"fr-FR","@id":"https:\/\/www.cascinabricchetto.it\/fr\/langhe-piemont-ou-sommes-nous\/visites-et-activites-dans-la-region\/#primaryimage","url":"https:\/\/www.cascinabricchetto.it\/wp-content\/uploads\/2023\/11\/5630457041_28fed6775e_o-1.jpg","contentUrl":"https:\/\/www.cascinabricchetto.it\/wp-content\/uploads\/2023\/11\/5630457041_28fed6775e_o-1.jpg","width":922,"height":271},{"@type":"BreadcrumbList","@id":"https:\/\/www.cascinabricchetto.it\/fr\/langhe-piemont-ou-sommes-nous\/visites-et-activites-dans-la-region\/#breadcrumb","itemListElement":[{"@type":"ListItem","position":1,"name":"Home","item":"https:\/\/www.cascinabricchetto.it\/fr\/"},{"@type":"ListItem","position":2,"name":"Langhe, o\u00f9 sommes nous","item":"https:\/\/www.cascinabricchetto.it\/fr\/langhe-piedmont-where-we-are\/"},{"@type":"ListItem","position":3,"name":"Visites et activit\u00e9s dans la r\u00e9gion"}]},{"@type":"WebSite","@id":"https:\/\/www.cascinabricchetto.it\/fr\/#website","url":"https:\/\/www.cascinabricchetto.it\/fr\/","name":"Cascina Bricchetto","description":"","potentialAction":[{"@type":"SearchAction","target":{"@type":"EntryPoint","urlTemplate":"https:\/\/www.cascinabricchetto.it\/fr\/?s={search_term_string}"},"query-input":{"@type":"PropertyValueSpecification","valueRequired":true,"valueName":"search_term_string"}}],"inLanguage":"fr-FR"}]}},"_links":{"self":[{"href":"https:\/\/www.cascinabricchetto.it\/fr\/wp-json\/wp\/v2\/pages\/2619","targetHints":{"allow":["GET"]}}],"collection":[{"href":"https:\/\/www.cascinabricchetto.it\/fr\/wp-json\/wp\/v2\/pages"}],"about":[{"href":"https:\/\/www.cascinabricchetto.it\/fr\/wp-json\/wp\/v2\/types\/page"}],"author":[{"embeddable":true,"href":"https:\/\/www.cascinabricchetto.it\/fr\/wp-json\/wp\/v2\/users\/1"}],"replies":[{"embeddable":true,"href":"https:\/\/www.cascinabricchetto.it\/fr\/wp-json\/wp\/v2\/comments?post=2619"}],"version-history":[{"count":1,"href":"https:\/\/www.cascinabricchetto.it\/fr\/wp-json\/wp\/v2\/pages\/2619\/revisions"}],"predecessor-version":[{"id":26768,"href":"https:\/\/www.cascinabricchetto.it\/fr\/wp-json\/wp\/v2\/pages\/2619\/revisions\/26768"}],"up":[{"embeddable":true,"href":"https:\/\/www.cascinabricchetto.it\/fr\/wp-json\/wp\/v2\/pages\/2615"}],"wp:featuredmedia":[{"embeddable":true,"href":"https:\/\/www.cascinabricchetto.it\/fr\/wp-json\/wp\/v2\/media\/24058"}],"wp:attachment":[{"href":"https:\/\/www.cascinabricchetto.it\/fr\/wp-json\/wp\/v2\/media?parent=2619"}],"curies":[{"name":"wp","href":"https:\/\/api.w.org\/{rel}","templated":true}]}}