{"id":2615,"date":"2014-05-16T11:49:53","date_gmt":"2014-05-16T09:49:53","guid":{"rendered":"http:\/\/www.cascinabricchetto.it\/?page_id=2615"},"modified":"2014-05-16T11:49:53","modified_gmt":"2014-05-16T09:49:53","slug":"langhe-piemont-ou-sommes-nous","status":"publish","type":"page","link":"https:\/\/www.cascinabricchetto.it\/fr\/langhe-piemont-ou-sommes-nous\/","title":{"rendered":"Langhe, o\u00f9 sommes nous"},"content":{"rendered":"<blockquote><p>Territoire unique du Pi\u00e9mont, caract\u00e9ris\u00e9 par sa tranquillit\u00e9 et la beaut\u00e9 de ses paysages, par son histoire, sa culture, son architecture, ses traditions, son excellence gastronomiques, la r\u00e9putation de ses vins (Barolo &amp; Tartufo d&rsquo;Alba) et tant d\u2019autres choses encore \u2026.<\/p><\/blockquote>\n<p><strong>La Commune de Trezzo Tinella<\/strong>, est une superficie vallonn\u00e9e de 10 kilom\u00e8tres carr\u00e9s..<br \/>\nElle compte 350 habitants environ, occupant surtout des bourgs et des fermes dispers\u00e9s parmi les vignobles, noisetiers, productions agricoles \u00e0 la base de l&rsquo;\u00e9conomie locale.<\/p>\n<p>Le d\u00e9vouement pour la terre va de pair avec le maintien des traditions et des valeurs fondamentales de la\u00a0culture \u00a0des Langhe. Entre autres, signalons:<\/p>\n<ul>\n<li>La procession du Corpus Domini,\u00a0qui passe entre deux rang\u00e9es de linge antique, brod\u00e9 par les arri\u00e8re-grands-m\u00e8res et les trisa\u00efeules et qui se termine \u00a0par un go\u00fbter abondant pr\u00e9par\u00e9 par les femmes du village;<\/li>\n<li>La cr\u00e8che r\u00e9alis\u00e9e en pierre et une reconstruction du centre historique, \u00e9galement en pierre;<\/li>\n<li>Les f\u00eates de villages qui se d\u00e9roulent en \u00e9t\u00e9 en plein air et qui associent gastronomie et spiritualit\u00e9;<\/li>\n<li>Les \u00ab sorci\u00e8res bienveillantes\u00bb, des personnages uniques!<\/li>\n<\/ul>\n<p>Une promenade de 3 km environ, \u00e0 pied ou en voiture, permet de rejoindre les fermes d\u00e9crites dans les livres de Beppe Fenoglio (Il Partigiano Johnny, La malora) et, de l&rsquo;autre c\u00f4t\u00e9 de la colline, le pays natal de Cesare Pavese \u2013Santo Stefano Belbo\u2013 o\u00f9 se trouvent la maison de son enfance et le \u00ab Centre d&rsquo;\u00c9tudes\u00bb.<\/p>\n<p>\u00c0 environ dix kilom\u00e8tres, on peut d\u00e9couvrir l<strong>a ville d&rsquo;Alba<\/strong> avec ses tours du Moyen-Age, ses anciennes arcades et ses mus\u00e9es. En tant que \u00abcapitale des Langhe\u00bb, cette ville accueille des \u00e9v\u00e9nements tr\u00e8s renomm\u00e9s, comme par exemple:<\/p>\n<ul>\n<li>\u00ab Vinum \u00bb au printemps, pr\u00e9sentation et d\u00e9gustation des vins du terroir et des produits locaux les plus typiques ;<\/li>\n<li>\u00ab Foire de la truffe blanche des <strong>Langhe<\/strong> et du <strong>Roero<\/strong> \u00bb en automne, caract\u00e9ris\u00e9e par des \u00e9v\u00e9nements culturels, vinicoles et gastronomiques et qui se conclut dans le <strong>Ch\u00e2teau de Grinzane Cavour<\/strong> avec la vente de bienfaisance \u00e0 l&rsquo;encan de la truffe g\u00e9ante, \u00e0 laquelle participent les chefs les plus r\u00e9put\u00e9s dans le monde.<\/li>\n<\/ul>\n\n","protected":false},"excerpt":{"rendered":"<p>Territoire unique du Pi\u00e9mont, caract\u00e9ris\u00e9 par sa tranquillit\u00e9 et la beaut\u00e9 de ses paysages, par son histoire, sa culture, son architecture, ses traditions, son excellence gastronomiques, la r\u00e9putation de ses&#8230;<\/p>\n","protected":false},"author":1,"featured_media":26334,"parent":0,"menu_order":0,"comment_status":"closed","ping_status":"closed","template":"","meta":{"footnotes":""},"class_list":["post-2615","page","type-page","status-publish","has-post-thumbnail"],"yoast_head":"<!-- This site is optimized with the Yoast SEO plugin v23.9 - https:\/\/yoast.com\/wordpress\/plugins\/seo\/ -->\n<title>Langhe, o\u00f9 sommes nous - Cascina Bricchetto<\/title>\n<meta name=\"description\" content=\"Territoire du Pi\u00e9mont, caract\u00e9ris\u00e9 par sa tranquillit\u00e9 et la beaut\u00e9 de ses paysages, son excellence gastronomiques, de ses vins et tant d\u2019autres choses...\" \/>\n<meta name=\"robots\" content=\"index, follow, max-snippet:-1, max-image-preview:large, max-video-preview:-1\" \/>\n<link rel=\"canonical\" href=\"https:\/\/www.cascinabricchetto.it\/fr\/langhe-piemont-ou-sommes-nous\/\" \/>\n<meta property=\"og:locale\" content=\"fr_FR\" \/>\n<meta property=\"og:type\" content=\"article\" \/>\n<meta property=\"og:title\" content=\"Langhe, o\u00f9 sommes nous - Cascina Bricchetto\" \/>\n<meta property=\"og:description\" content=\"Territoire du Pi\u00e9mont, caract\u00e9ris\u00e9 par sa tranquillit\u00e9 et la beaut\u00e9 de ses paysages, son excellence gastronomiques, de ses vins et tant d\u2019autres choses...\" \/>\n<meta property=\"og:url\" content=\"https:\/\/www.cascinabricchetto.it\/fr\/langhe-piemont-ou-sommes-nous\/\" \/>\n<meta property=\"og:site_name\" content=\"Cascina Bricchetto\" \/>\n<meta property=\"og:image\" content=\"https:\/\/www.cascinabricchetto.it\/wp-content\/uploads\/2023\/11\/Screen-Shot-2015-01-28-at-01.08.591.png\" \/>\n\t<meta property=\"og:image:width\" content=\"1024\" \/>\n\t<meta property=\"og:image:height\" content=\"409\" \/>\n\t<meta property=\"og:image:type\" content=\"image\/png\" \/>\n<meta name=\"twitter:card\" content=\"summary_large_image\" \/>\n<meta name=\"twitter:label1\" content=\"Dur\u00e9e de lecture estim\u00e9e\" \/>\n\t<meta name=\"twitter:data1\" content=\"2 minutes\" \/>\n<script type=\"application\/ld+json\" class=\"yoast-schema-graph\">{\"@context\":\"https:\/\/schema.org\",\"@graph\":[{\"@type\":\"WebPage\",\"@id\":\"https:\/\/www.cascinabricchetto.it\/fr\/langhe-piemont-ou-sommes-nous\/\",\"url\":\"https:\/\/www.cascinabricchetto.it\/fr\/langhe-piemont-ou-sommes-nous\/\",\"name\":\"Langhe, o\u00f9 sommes nous - Cascina Bricchetto\",\"isPartOf\":{\"@id\":\"https:\/\/www.cascinabricchetto.it\/fr\/#website\"},\"primaryImageOfPage\":{\"@id\":\"https:\/\/www.cascinabricchetto.it\/fr\/langhe-piemont-ou-sommes-nous\/#primaryimage\"},\"image\":{\"@id\":\"https:\/\/www.cascinabricchetto.it\/fr\/langhe-piemont-ou-sommes-nous\/#primaryimage\"},\"thumbnailUrl\":\"https:\/\/www.cascinabricchetto.it\/wp-content\/uploads\/2023\/11\/Screen-Shot-2015-01-28-at-01.08.591.png\",\"datePublished\":\"2014-05-16T09:49:53+00:00\",\"dateModified\":\"2014-05-16T09:49:53+00:00\",\"description\":\"Territoire du Pi\u00e9mont, caract\u00e9ris\u00e9 par sa tranquillit\u00e9 et la beaut\u00e9 de ses paysages, son excellence gastronomiques, de ses vins et tant d\u2019autres choses...\",\"breadcrumb\":{\"@id\":\"https:\/\/www.cascinabricchetto.it\/fr\/langhe-piemont-ou-sommes-nous\/#breadcrumb\"},\"inLanguage\":\"fr-FR\",\"potentialAction\":[{\"@type\":\"ReadAction\",\"target\":[\"https:\/\/www.cascinabricchetto.it\/fr\/langhe-piemont-ou-sommes-nous\/\"]}]},{\"@type\":\"ImageObject\",\"inLanguage\":\"fr-FR\",\"@id\":\"https:\/\/www.cascinabricchetto.it\/fr\/langhe-piemont-ou-sommes-nous\/#primaryimage\",\"url\":\"https:\/\/www.cascinabricchetto.it\/wp-content\/uploads\/2023\/11\/Screen-Shot-2015-01-28-at-01.08.591.png\",\"contentUrl\":\"https:\/\/www.cascinabricchetto.it\/wp-content\/uploads\/2023\/11\/Screen-Shot-2015-01-28-at-01.08.591.png\",\"width\":1024,\"height\":409},{\"@type\":\"BreadcrumbList\",\"@id\":\"https:\/\/www.cascinabricchetto.it\/fr\/langhe-piemont-ou-sommes-nous\/#breadcrumb\",\"itemListElement\":[{\"@type\":\"ListItem\",\"position\":1,\"name\":\"Home\",\"item\":\"https:\/\/www.cascinabricchetto.it\/fr\/\"},{\"@type\":\"ListItem\",\"position\":2,\"name\":\"Langhe, o\u00f9 sommes nous\"}]},{\"@type\":\"WebSite\",\"@id\":\"https:\/\/www.cascinabricchetto.it\/fr\/#website\",\"url\":\"https:\/\/www.cascinabricchetto.it\/fr\/\",\"name\":\"Cascina Bricchetto\",\"description\":\"\",\"potentialAction\":[{\"@type\":\"SearchAction\",\"target\":{\"@type\":\"EntryPoint\",\"urlTemplate\":\"https:\/\/www.cascinabricchetto.it\/fr\/?s={search_term_string}\"},\"query-input\":{\"@type\":\"PropertyValueSpecification\",\"valueRequired\":true,\"valueName\":\"search_term_string\"}}],\"inLanguage\":\"fr-FR\"}]}<\/script>\n<!-- \/ Yoast SEO plugin. -->","yoast_head_json":{"title":"Langhe, o\u00f9 sommes nous - Cascina Bricchetto","description":"Territoire du Pi\u00e9mont, caract\u00e9ris\u00e9 par sa tranquillit\u00e9 et la beaut\u00e9 de ses paysages, son excellence gastronomiques, de ses vins et tant d\u2019autres choses...","robots":{"index":"index","follow":"follow","max-snippet":"max-snippet:-1","max-image-preview":"max-image-preview:large","max-video-preview":"max-video-preview:-1"},"canonical":"https:\/\/www.cascinabricchetto.it\/fr\/langhe-piemont-ou-sommes-nous\/","og_locale":"fr_FR","og_type":"article","og_title":"Langhe, o\u00f9 sommes nous - Cascina Bricchetto","og_description":"Territoire du Pi\u00e9mont, caract\u00e9ris\u00e9 par sa tranquillit\u00e9 et la beaut\u00e9 de ses paysages, son excellence gastronomiques, de ses vins et tant d\u2019autres choses...","og_url":"https:\/\/www.cascinabricchetto.it\/fr\/langhe-piemont-ou-sommes-nous\/","og_site_name":"Cascina Bricchetto","og_image":[{"width":1024,"height":409,"url":"https:\/\/www.cascinabricchetto.it\/wp-content\/uploads\/2023\/11\/Screen-Shot-2015-01-28-at-01.08.591.png","type":"image\/png"}],"twitter_card":"summary_large_image","twitter_misc":{"Dur\u00e9e de lecture estim\u00e9e":"2 minutes"},"schema":{"@context":"https:\/\/schema.org","@graph":[{"@type":"WebPage","@id":"https:\/\/www.cascinabricchetto.it\/fr\/langhe-piemont-ou-sommes-nous\/","url":"https:\/\/www.cascinabricchetto.it\/fr\/langhe-piemont-ou-sommes-nous\/","name":"Langhe, o\u00f9 sommes nous - Cascina Bricchetto","isPartOf":{"@id":"https:\/\/www.cascinabricchetto.it\/fr\/#website"},"primaryImageOfPage":{"@id":"https:\/\/www.cascinabricchetto.it\/fr\/langhe-piemont-ou-sommes-nous\/#primaryimage"},"image":{"@id":"https:\/\/www.cascinabricchetto.it\/fr\/langhe-piemont-ou-sommes-nous\/#primaryimage"},"thumbnailUrl":"https:\/\/www.cascinabricchetto.it\/wp-content\/uploads\/2023\/11\/Screen-Shot-2015-01-28-at-01.08.591.png","datePublished":"2014-05-16T09:49:53+00:00","dateModified":"2014-05-16T09:49:53+00:00","description":"Territoire du Pi\u00e9mont, caract\u00e9ris\u00e9 par sa tranquillit\u00e9 et la beaut\u00e9 de ses paysages, son excellence gastronomiques, de ses vins et tant d\u2019autres choses...","breadcrumb":{"@id":"https:\/\/www.cascinabricchetto.it\/fr\/langhe-piemont-ou-sommes-nous\/#breadcrumb"},"inLanguage":"fr-FR","potentialAction":[{"@type":"ReadAction","target":["https:\/\/www.cascinabricchetto.it\/fr\/langhe-piemont-ou-sommes-nous\/"]}]},{"@type":"ImageObject","inLanguage":"fr-FR","@id":"https:\/\/www.cascinabricchetto.it\/fr\/langhe-piemont-ou-sommes-nous\/#primaryimage","url":"https:\/\/www.cascinabricchetto.it\/wp-content\/uploads\/2023\/11\/Screen-Shot-2015-01-28-at-01.08.591.png","contentUrl":"https:\/\/www.cascinabricchetto.it\/wp-content\/uploads\/2023\/11\/Screen-Shot-2015-01-28-at-01.08.591.png","width":1024,"height":409},{"@type":"BreadcrumbList","@id":"https:\/\/www.cascinabricchetto.it\/fr\/langhe-piemont-ou-sommes-nous\/#breadcrumb","itemListElement":[{"@type":"ListItem","position":1,"name":"Home","item":"https:\/\/www.cascinabricchetto.it\/fr\/"},{"@type":"ListItem","position":2,"name":"Langhe, o\u00f9 sommes nous"}]},{"@type":"WebSite","@id":"https:\/\/www.cascinabricchetto.it\/fr\/#website","url":"https:\/\/www.cascinabricchetto.it\/fr\/","name":"Cascina Bricchetto","description":"","potentialAction":[{"@type":"SearchAction","target":{"@type":"EntryPoint","urlTemplate":"https:\/\/www.cascinabricchetto.it\/fr\/?s={search_term_string}"},"query-input":{"@type":"PropertyValueSpecification","valueRequired":true,"valueName":"search_term_string"}}],"inLanguage":"fr-FR"}]}},"_links":{"self":[{"href":"https:\/\/www.cascinabricchetto.it\/fr\/wp-json\/wp\/v2\/pages\/2615","targetHints":{"allow":["GET"]}}],"collection":[{"href":"https:\/\/www.cascinabricchetto.it\/fr\/wp-json\/wp\/v2\/pages"}],"about":[{"href":"https:\/\/www.cascinabricchetto.it\/fr\/wp-json\/wp\/v2\/types\/page"}],"author":[{"embeddable":true,"href":"https:\/\/www.cascinabricchetto.it\/fr\/wp-json\/wp\/v2\/users\/1"}],"replies":[{"embeddable":true,"href":"https:\/\/www.cascinabricchetto.it\/fr\/wp-json\/wp\/v2\/comments?post=2615"}],"version-history":[{"count":0,"href":"https:\/\/www.cascinabricchetto.it\/fr\/wp-json\/wp\/v2\/pages\/2615\/revisions"}],"wp:featuredmedia":[{"embeddable":true,"href":"https:\/\/www.cascinabricchetto.it\/fr\/wp-json\/wp\/v2\/media\/26334"}],"wp:attachment":[{"href":"https:\/\/www.cascinabricchetto.it\/fr\/wp-json\/wp\/v2\/media?parent=2615"}],"curies":[{"name":"wp","href":"https:\/\/api.w.org\/{rel}","templated":true}]}}