{"id":2612,"date":"2014-04-14T16:18:10","date_gmt":"2014-04-14T14:18:10","guid":{"rendered":"http:\/\/www.cascinabricchetto.it\/?page_id=2612"},"modified":"2024-01-22T10:47:14","modified_gmt":"2024-01-22T09:47:14","slug":"la-ferme","status":"publish","type":"page","link":"https:\/\/www.cascinabricchetto.it\/fr\/la-ferme\/","title":{"rendered":"La ferme"},"content":{"rendered":"\n<p>La <em>Cascina<\/em> est situ\u00e9e sur la Commune de Trezzo Tinella (<strong>Cuneo<\/strong>), \u00e0 environ 10 km d&rsquo;<strong>Alba<\/strong>. Cette maison en pierre des Langhe, est probablement la &nbsp;plus ancienne du pays (elle date des ann\u00e9es 1700). Comme la plupart des maisons anciennes de la r\u00e9gion, elle est chaude en hiver et fra\u00eeche en \u00e9t\u00e9. Elle se trouve au sommet d&rsquo;une colline entour\u00e9e de vignes et de bosquets, \u00e0 environ 550 m\u00e8tres d&rsquo;altitude et&nbsp; se compose de deux \u00abMaisons dans le ciel des Langhe \u00bb, &nbsp;r\u00e9alis\u00e9es \u00e0 partir du corps central de l&rsquo;ancienne ferme.<\/p>\n\n\n\n<figure class=\"wp-block-image is-resized\"><img loading=\"lazy\" decoding=\"async\" width=\"960\" height=\"380\" src=\"https:\/\/www.cascinabricchetto.it\/wp-content\/uploads\/2024\/01\/cascina-langhe.jpg\" alt=\"\" class=\"wp-image-26797\" style=\"width:1500px\" srcset=\"https:\/\/www.cascinabricchetto.it\/wp-content\/uploads\/2024\/01\/cascina-langhe.jpg 960w, https:\/\/www.cascinabricchetto.it\/wp-content\/uploads\/2024\/01\/cascina-langhe-300x119.jpg 300w, https:\/\/www.cascinabricchetto.it\/wp-content\/uploads\/2024\/01\/cascina-langhe-768x304.jpg 768w\" sizes=\"auto, (max-width: 960px) 100vw, 960px\" \/><\/figure>\n\n\n\n<p>Le &nbsp;panorama est superbe, constitu\u00e9 par une s\u00e9rie de collines domin\u00e9es par le Monviso et par le massif du Monte Rosa. Les collines sont recouvertes de vignobles et de noisetiers, de terrains cultiv\u00e9s et &nbsp;bois\u00e9s qui mettent en \u00e9vidence aussi bien la beaut\u00e9 naturelle du territoire, que celle qui r\u00e9sulte du travail constant et patient de l\u2019homme.<br>La <em>Cascina Bricchetto<\/em> &nbsp;est au coeur du \u201cchemin romantique des <strong>Langhes<\/strong> et du <strong>Roero<\/strong>\u201d ce qui offre aux visiteurs la possibilit\u00e9 de splendides promenades, \u00e9ventuellement accompagn\u00e9es de guides touristiques ou de passionn\u00e9s afin de d\u00e9couvrir la flore end\u00e9mique et la faune sauvage des lieux.<\/p>\n\n\n\n<p>Le <em>Portico<\/em>, &nbsp;structure traditionnelle en pierre de Langhe , est divis\u00e9 en deux grandes terrasses couvertes . L\u2019une est un plein sud avec vue imprenable sur les Alpes Maritimes et les Alpes Cozie , et l&rsquo;autre au nord avec vue sur les collines et le Monte Rosa. &nbsp;Les terrasses sont meubl\u00e9es&nbsp;: tables, chaises, si\u00e8ges et canap\u00e9s, et \u00e9quip\u00e9es d\u2019une zone barbecue. Les h\u00f4tes peuvent en outre profiter des pr\u00e9s environnants, d\u2019une zone bois\u00e9e riche en essence locales: Charmes, cytises, n\u00e9fliers, \u00e9rables blancs et noirs,&nbsp;&nbsp; d\u2019un garage, d\u2019une pergola, et suivant saison et autorisation pr\u00e9alable, des fruits produits par le verger. Devant le <em>Portico<\/em>, il y a une pelouse, id\u00e9ale pour qui souhaite prendre des bains de soleil, et pour les plus petits, il y a un bac \u00e0 sable, de nombreux jouets et balan\u00e7oires, et une petite piscine.<\/p>\n\n\n\n<figure class=\"wp-block-video\"><video controls src=\"https:\/\/www.cascinabricchetto.it\/wp-content\/uploads\/2023\/08\/fromTheTopHome.webm\"><\/video><\/figure>\n","protected":false},"excerpt":{"rendered":"<p>La Cascina est situ\u00e9e sur la Commune de Trezzo Tinella (Cuneo), \u00e0 environ 10 km d&rsquo;Alba. Cette maison en pierre des Langhe, est probablement la &nbsp;plus ancienne du pays (elle&#8230;<\/p>\n","protected":false},"author":1,"featured_media":26370,"parent":0,"menu_order":0,"comment_status":"closed","ping_status":"closed","template":"","meta":{"footnotes":""},"class_list":["post-2612","page","type-page","status-publish","has-post-thumbnail"],"yoast_head":"<!-- This site is optimized with the Yoast SEO plugin v23.9 - https:\/\/yoast.com\/wordpress\/plugins\/seo\/ -->\n<title>La ferme - Cascina Bricchetto<\/title>\n<meta name=\"robots\" content=\"index, follow, max-snippet:-1, max-image-preview:large, max-video-preview:-1\" \/>\n<link rel=\"canonical\" href=\"https:\/\/www.cascinabricchetto.it\/fr\/la-ferme\/\" \/>\n<meta property=\"og:locale\" content=\"fr_FR\" \/>\n<meta property=\"og:type\" content=\"article\" \/>\n<meta property=\"og:title\" content=\"La ferme - Cascina Bricchetto\" \/>\n<meta property=\"og:description\" content=\"La Cascina est situ\u00e9e sur la Commune de Trezzo Tinella (Cuneo), \u00e0 environ 10 km d&rsquo;Alba. Cette maison en pierre des Langhe, est probablement la &nbsp;plus ancienne du pays (elle...\" \/>\n<meta property=\"og:url\" content=\"https:\/\/www.cascinabricchetto.it\/fr\/la-ferme\/\" \/>\n<meta property=\"og:site_name\" content=\"Cascina Bricchetto\" \/>\n<meta property=\"article:modified_time\" content=\"2024-01-22T09:47:14+00:00\" \/>\n<meta property=\"og:image\" content=\"https:\/\/www.cascinabricchetto.it\/wp-content\/uploads\/2023\/11\/slide-new1.jpg\" \/>\n\t<meta property=\"og:image:width\" content=\"1440\" \/>\n\t<meta property=\"og:image:height\" content=\"500\" \/>\n\t<meta property=\"og:image:type\" content=\"image\/jpeg\" \/>\n<meta name=\"twitter:card\" content=\"summary_large_image\" \/>\n<meta name=\"twitter:label1\" content=\"Dur\u00e9e de lecture estim\u00e9e\" \/>\n\t<meta name=\"twitter:data1\" content=\"2 minutes\" \/>\n<script type=\"application\/ld+json\" class=\"yoast-schema-graph\">{\"@context\":\"https:\/\/schema.org\",\"@graph\":[{\"@type\":\"WebPage\",\"@id\":\"https:\/\/www.cascinabricchetto.it\/fr\/la-ferme\/\",\"url\":\"https:\/\/www.cascinabricchetto.it\/fr\/la-ferme\/\",\"name\":\"La ferme - Cascina Bricchetto\",\"isPartOf\":{\"@id\":\"https:\/\/www.cascinabricchetto.it\/fr\/#website\"},\"primaryImageOfPage\":{\"@id\":\"https:\/\/www.cascinabricchetto.it\/fr\/la-ferme\/#primaryimage\"},\"image\":{\"@id\":\"https:\/\/www.cascinabricchetto.it\/fr\/la-ferme\/#primaryimage\"},\"thumbnailUrl\":\"https:\/\/www.cascinabricchetto.it\/wp-content\/uploads\/2023\/11\/slide-new1.jpg\",\"datePublished\":\"2014-04-14T14:18:10+00:00\",\"dateModified\":\"2024-01-22T09:47:14+00:00\",\"breadcrumb\":{\"@id\":\"https:\/\/www.cascinabricchetto.it\/fr\/la-ferme\/#breadcrumb\"},\"inLanguage\":\"fr-FR\",\"potentialAction\":[{\"@type\":\"ReadAction\",\"target\":[\"https:\/\/www.cascinabricchetto.it\/fr\/la-ferme\/\"]}]},{\"@type\":\"ImageObject\",\"inLanguage\":\"fr-FR\",\"@id\":\"https:\/\/www.cascinabricchetto.it\/fr\/la-ferme\/#primaryimage\",\"url\":\"https:\/\/www.cascinabricchetto.it\/wp-content\/uploads\/2023\/11\/slide-new1.jpg\",\"contentUrl\":\"https:\/\/www.cascinabricchetto.it\/wp-content\/uploads\/2023\/11\/slide-new1.jpg\",\"width\":1440,\"height\":500},{\"@type\":\"BreadcrumbList\",\"@id\":\"https:\/\/www.cascinabricchetto.it\/fr\/la-ferme\/#breadcrumb\",\"itemListElement\":[{\"@type\":\"ListItem\",\"position\":1,\"name\":\"Home\",\"item\":\"https:\/\/www.cascinabricchetto.it\/fr\/\"},{\"@type\":\"ListItem\",\"position\":2,\"name\":\"La ferme\"}]},{\"@type\":\"WebSite\",\"@id\":\"https:\/\/www.cascinabricchetto.it\/fr\/#website\",\"url\":\"https:\/\/www.cascinabricchetto.it\/fr\/\",\"name\":\"Cascina Bricchetto\",\"description\":\"\",\"potentialAction\":[{\"@type\":\"SearchAction\",\"target\":{\"@type\":\"EntryPoint\",\"urlTemplate\":\"https:\/\/www.cascinabricchetto.it\/fr\/?s={search_term_string}\"},\"query-input\":{\"@type\":\"PropertyValueSpecification\",\"valueRequired\":true,\"valueName\":\"search_term_string\"}}],\"inLanguage\":\"fr-FR\"}]}<\/script>\n<!-- \/ Yoast SEO plugin. -->","yoast_head_json":{"title":"La ferme - Cascina Bricchetto","robots":{"index":"index","follow":"follow","max-snippet":"max-snippet:-1","max-image-preview":"max-image-preview:large","max-video-preview":"max-video-preview:-1"},"canonical":"https:\/\/www.cascinabricchetto.it\/fr\/la-ferme\/","og_locale":"fr_FR","og_type":"article","og_title":"La ferme - Cascina Bricchetto","og_description":"La Cascina est situ\u00e9e sur la Commune de Trezzo Tinella (Cuneo), \u00e0 environ 10 km d&rsquo;Alba. Cette maison en pierre des Langhe, est probablement la &nbsp;plus ancienne du pays (elle...","og_url":"https:\/\/www.cascinabricchetto.it\/fr\/la-ferme\/","og_site_name":"Cascina Bricchetto","article_modified_time":"2024-01-22T09:47:14+00:00","og_image":[{"width":1440,"height":500,"url":"https:\/\/www.cascinabricchetto.it\/wp-content\/uploads\/2023\/11\/slide-new1.jpg","type":"image\/jpeg"}],"twitter_card":"summary_large_image","twitter_misc":{"Dur\u00e9e de lecture estim\u00e9e":"2 minutes"},"schema":{"@context":"https:\/\/schema.org","@graph":[{"@type":"WebPage","@id":"https:\/\/www.cascinabricchetto.it\/fr\/la-ferme\/","url":"https:\/\/www.cascinabricchetto.it\/fr\/la-ferme\/","name":"La ferme - Cascina Bricchetto","isPartOf":{"@id":"https:\/\/www.cascinabricchetto.it\/fr\/#website"},"primaryImageOfPage":{"@id":"https:\/\/www.cascinabricchetto.it\/fr\/la-ferme\/#primaryimage"},"image":{"@id":"https:\/\/www.cascinabricchetto.it\/fr\/la-ferme\/#primaryimage"},"thumbnailUrl":"https:\/\/www.cascinabricchetto.it\/wp-content\/uploads\/2023\/11\/slide-new1.jpg","datePublished":"2014-04-14T14:18:10+00:00","dateModified":"2024-01-22T09:47:14+00:00","breadcrumb":{"@id":"https:\/\/www.cascinabricchetto.it\/fr\/la-ferme\/#breadcrumb"},"inLanguage":"fr-FR","potentialAction":[{"@type":"ReadAction","target":["https:\/\/www.cascinabricchetto.it\/fr\/la-ferme\/"]}]},{"@type":"ImageObject","inLanguage":"fr-FR","@id":"https:\/\/www.cascinabricchetto.it\/fr\/la-ferme\/#primaryimage","url":"https:\/\/www.cascinabricchetto.it\/wp-content\/uploads\/2023\/11\/slide-new1.jpg","contentUrl":"https:\/\/www.cascinabricchetto.it\/wp-content\/uploads\/2023\/11\/slide-new1.jpg","width":1440,"height":500},{"@type":"BreadcrumbList","@id":"https:\/\/www.cascinabricchetto.it\/fr\/la-ferme\/#breadcrumb","itemListElement":[{"@type":"ListItem","position":1,"name":"Home","item":"https:\/\/www.cascinabricchetto.it\/fr\/"},{"@type":"ListItem","position":2,"name":"La ferme"}]},{"@type":"WebSite","@id":"https:\/\/www.cascinabricchetto.it\/fr\/#website","url":"https:\/\/www.cascinabricchetto.it\/fr\/","name":"Cascina Bricchetto","description":"","potentialAction":[{"@type":"SearchAction","target":{"@type":"EntryPoint","urlTemplate":"https:\/\/www.cascinabricchetto.it\/fr\/?s={search_term_string}"},"query-input":{"@type":"PropertyValueSpecification","valueRequired":true,"valueName":"search_term_string"}}],"inLanguage":"fr-FR"}]}},"_links":{"self":[{"href":"https:\/\/www.cascinabricchetto.it\/fr\/wp-json\/wp\/v2\/pages\/2612","targetHints":{"allow":["GET"]}}],"collection":[{"href":"https:\/\/www.cascinabricchetto.it\/fr\/wp-json\/wp\/v2\/pages"}],"about":[{"href":"https:\/\/www.cascinabricchetto.it\/fr\/wp-json\/wp\/v2\/types\/page"}],"author":[{"embeddable":true,"href":"https:\/\/www.cascinabricchetto.it\/fr\/wp-json\/wp\/v2\/users\/1"}],"replies":[{"embeddable":true,"href":"https:\/\/www.cascinabricchetto.it\/fr\/wp-json\/wp\/v2\/comments?post=2612"}],"version-history":[{"count":3,"href":"https:\/\/www.cascinabricchetto.it\/fr\/wp-json\/wp\/v2\/pages\/2612\/revisions"}],"predecessor-version":[{"id":26830,"href":"https:\/\/www.cascinabricchetto.it\/fr\/wp-json\/wp\/v2\/pages\/2612\/revisions\/26830"}],"wp:featuredmedia":[{"embeddable":true,"href":"https:\/\/www.cascinabricchetto.it\/fr\/wp-json\/wp\/v2\/media\/26370"}],"wp:attachment":[{"href":"https:\/\/www.cascinabricchetto.it\/fr\/wp-json\/wp\/v2\/media?parent=2612"}],"curies":[{"name":"wp","href":"https:\/\/api.w.org\/{rel}","templated":true}]}}