{"id":2609,"date":"2014-04-23T11:33:49","date_gmt":"2014-04-23T09:33:49","guid":{"rendered":"http:\/\/www.cascinabricchetto.it\/?page_id=2609"},"modified":"2026-01-06T20:27:02","modified_gmt":"2026-01-06T19:27:02","slug":"commentaires","status":"publish","type":"page","link":"https:\/\/www.cascinabricchetto.it\/fr\/commentaires\/","title":{"rendered":"Commentaires"},"content":{"rendered":"<h4>The LaPumas &#8211; 2025 (\u2605 \u2605 \u2605 \u2605 \u2605)<\/h4>\n<blockquote><p>Grazie mille!<br \/>\nCi siamo divertiti moltissimo =)<br \/>\nLa tua casa e la tua terra sono meravigliose.<br \/>\nCi manchere entrambi<br \/>\nState bene<br \/>\n\u2665 The LaPumas<br \/>\nPJ, Kelly, Brendan, Alyssa<\/p>\n<h4><img loading=\"lazy\" decoding=\"async\" class=\"alignnone size-full wp-image-32946\" src=\"https:\/\/www.cascinabricchetto.it\/wp-content\/uploads\/2026\/01\/HandWrittenReviewCascinaBricchetto2025.png\" alt=\"\" width=\"675\" height=\"636\" srcset=\"https:\/\/www.cascinabricchetto.it\/wp-content\/uploads\/2026\/01\/HandWrittenReviewCascinaBricchetto2025.png 675w, https:\/\/www.cascinabricchetto.it\/wp-content\/uploads\/2026\/01\/HandWrittenReviewCascinaBricchetto2025-300x283.png 300w\" sizes=\"auto, (max-width: 675px) 100vw, 675px\" \/><\/h4>\n<\/blockquote>\n<h4>Colette &#8211; <span class=\"HwtZe\" lang=\"fr\"><span class=\"jCAhz ChMk0b\"><span class=\"ryNqvb\">Swiss<\/span><\/span><\/span> 2024 (\u2605 \u2605 \u2605 \u2605 \u2605)<\/h4>\n<blockquote><p>S\u00e9jour de r\u00eave dans un endroit paradisiaque pour qui aime le calme et la nature. Une h\u00f4tesse tr\u00e8s accueillante et disponible pour toute question, de tr\u00e8s bon conseil. Logement \u00e9quip\u00e9 avec soin et attentions, d\u00e9coration de bon gout et harmonieuse, bref, parfait.<\/p>\n<p>Par <strong>un feuille<\/strong><\/p><\/blockquote>\n<h4>Petra &#8211; Hollande 2022 (\u2605 \u2605 \u2605 \u2605 \u2605)<\/h4>\n<blockquote><p><img loading=\"lazy\" decoding=\"async\" class=\"alignnone  wp-image-27912\" src=\"https:\/\/www.cascinabricchetto.it\/wp-content\/uploads\/2024\/06\/PetraReviewCaDraTopiaHighContrast.png\" alt=\"\" width=\"458\" height=\"603\" srcset=\"https:\/\/www.cascinabricchetto.it\/wp-content\/uploads\/2024\/06\/PetraReviewCaDraTopiaHighContrast.png 522w, https:\/\/www.cascinabricchetto.it\/wp-content\/uploads\/2024\/06\/PetraReviewCaDraTopiaHighContrast-228x300.png 228w\" sizes=\"auto, (max-width: 458px) 100vw, 458px\" \/>We stayed in the Grape House for a week.<br \/>\nA beautiful house, fully equipped with everything we needed.<br \/>\nWe want to give you a big compliment. The house is beautifully decorated with more than enough towel and linen.<br \/>\nBut most important; the house couldn&rsquo;t be cleaner!!<br \/>\nWe also enjoyed the wonderful view and the peace.<br \/>\nThank you for the great holiday in this beautiful place.<br \/>\nTake care and stay healthy<br \/>\nWim, Petra, Anna and Casper.<\/p><\/blockquote>\n<p>Par <strong>Tripadvisor<\/strong><\/p>\n<h4>Richard, Paris \u201cS\u00e9jour enchanteur dans un cadre magnifique\u201d 2018 (\u2605 \u2605 \u2605 \u2605\u00a0\u2605)<\/h4>\n<blockquote><p>Nous avons pass\u00e9 une excellente semaine chez Giovanna dont l\u2019accueil a \u00e9t\u00e9 tr\u00e8s chaleureux.<br \/>\nAvec beaucoup de gentillesse,Giovanna \u00e9tait toujours \u00e0 notre disposition et \u00e0 l\u2019\u00e9coute de tous nos souhaits en prenant la peine de toujours nous parler en fran\u00e7ais.<br \/>\nLa maison tr\u00e8s confortable meubl\u00e9e avec beaucoup de go\u00fbt et au calme b\u00e9n\u00e9ficie d\u2019une superbe vue sur les vignobles et collines environnantes.Giovanna nous a pr\u00e9par\u00e9 un excellent d\u00eener et petit d\u00e9jeuner le jour de notre arriv\u00e9e.Nous garderons un tr\u00e8s bon souvenir de ce s\u00e9jour et de Giovanna.<\/p><\/blockquote>\n<h4>Marie, France \u00ab\u00a0Accueillis chaleureusement dans un tr\u00e8s beau domaine\u00a0\u00bb 2018 (\u2605 \u2605 \u2605 \u2605\u00a0\u2605)<\/h4>\n<blockquote><p>C\u2019est dans un cadre authentique surplombant les vignes que nous avons d\u00e9couvert le domaine de Giovanna. Elle nous a fait partager l\u2018amour de sa terre avec un enthousiasme communicatif et nous a apport\u00e9 avec une attention particuli\u00e8re toutes les informations que nous recherchions.<br \/>\nLa maison et le jardin sont tr\u00e8s bien \u00e9quip\u00e9s, rien n\u2019a \u00e9t\u00e9 oubli\u00e9 pour les moments agr\u00e9ables, en famille, pour petits et grands. Le barbecue, la table de ping-pong, les balan\u00e7oires, la riche v\u00e9g\u00e9tation o\u00f9 l\u2019on respire la tranquillit\u00e9 et l\u2019\u00e9nergie.<br \/>\nGiovanna nous a m\u00eame ouvert sa porte pour f\u00eater la victoire de la France pour la Coupe du monde.<br \/>\nMerci Giovanna, ne changez rien!<\/p><\/blockquote>\n<p>Par\u00a0<strong>un feuille<\/strong><\/p>\n<h4>Gro, Jack, Norway, England\u00a02017 (\u2605 \u2605 \u2605 \u2605\u00a0\u2605)<\/h4>\n<blockquote>\n<div id=\"attachment_4284\" style=\"width: 358px\" class=\"wp-caption alignnone\"><a href=\"https:\/\/www.cascinabricchetto.it\/wp-content\/uploads\/2023\/11\/APaper.jpg\"><img loading=\"lazy\" decoding=\"async\" aria-describedby=\"caption-attachment-4284\" class=\"wp-image-4284\" src=\"https:\/\/www.cascinabricchetto.it\/wp-content\/uploads\/2023\/11\/APaper.jpg\" alt=\"Dear Madam! Thank you for a most wonderful stay in your villa. We have had everything we could dream of. The area is worderful, food e drink (wine) amazing and the villa cosy and so well decorated and equipped. Welldone! Hope you cold is getting better. Take care. Thanks again. Kindly Gio x Jack\" width=\"348\" height=\"459\" \/><\/a><p id=\"caption-attachment-4284\" class=\"wp-caption-text\">Dear Madam! Thank you for a most wonderful stay in your villa. We have had everything we could dream of. The area is worderful, food e drink (wine) amazing and the villa cosy and so well decorated and equipped. Welldone! Hope you cold is getting better. Take care. Thanks again. Kindly Gro,\u00a0Jack<\/p><\/div><\/blockquote>\n<p>Par\u00a0<strong>Homeaway<\/strong><\/p>\n<h4>Colette, \u00ab\u00a0S\u00e9jour de r\u00eave \u00e0 la casa Bricchetto\u00a0\u00bb, 2016\u00a0(\u2605 \u2605 \u2605 \u2605\u00a0\u2605)<\/h4>\n<blockquote><p>Un cadre magnifique sur une colline dans les Lenghe, une h\u00f4tesse, Giovanna, tr\u00e8s accueillante, attentive \u00e0 nos demandes, disponible et g\u00e9n\u00e9reuse. La maison parfaitement \u00e9quip\u00e9e, tant la cuisine que les salles de bain, d&rsquo;une propret\u00e9 parfaite. La d\u00e9co de tr\u00e8s bon go\u00fbt, m\u00e9lange de meubles anciens et d&rsquo;objets modernes. On se sent accueilli et on d\u00e9couvre partout de petites attentions qui nous procurent plaisir et bien-\u00eatre. Literie tr\u00e8s confortable, l&rsquo;endroit est tr\u00e8s calme donc on y dort merveilleusement bien. De magnifiques terrasses ombrag\u00e9es avec une vue superbe sur les collines environnantes o\u00f9 l&rsquo;on peut se tenir et manger. Un s\u00e9jour qui nous laisse un souvenir inoubliable, une maison que je recommande vivement \u00e0 tous les amateurs de nature, de calme et de beaut\u00e9. Colette<\/p><\/blockquote>\n<p>Par\u00a0<strong>TripAdvisor<\/strong><\/p>\n<h4>Elizabeth L, \u00ab\u00a0Warm welcome, gracious hospitality, personal touch.\u00a0\u00bb, 2016\u00a0(\u2605 \u2605 \u2605 \u2605\u00a0\u2605)<\/h4>\n<blockquote><p>We share many of the same positive experiences of Cascina Bricchetto that are mentioned in other reviews. Our time at the\u00a0\u00bb Bread Oven House\u00a0\u00bb was simply delightful. We were two couples traveling together. Time in the Piedmont was to be our \u00ab\u00a0slow travel\u00a0\u00bb week following busy\/crowded times in Venice and the Cinque Terre. All of our advance communications with Giovanna were thorough and welcoming. We much appreciated her offers of help with our itinerary, and at the same time appreciated her flexibility given our need to wait and see what we might like to do (based on weather, energies, spontaneous choices, etc.). The hilltop location, vistas, scents and sounds of late May in the Langhe were gorgeous and thoroughly intoxicating&#8211;even on cloudy days.This is a place that is well-loved and has been restored and tended to with great care. Giovanna&rsquo;s abundant fruit trees and garden are a testament to her hard work. The accommodations were spotless, aesthetics pleasing,(the pictures don&rsquo;t do full justice to how lovely everything is!)&#8211; fully stocked kitchen with lots of pantry items, and of course, the welcome bottles of local wine! We opted for breakfast for the morning after we arrived and were loaded up with typical cheeses, bread and jam, ripe cherries, tomato sauce and a hazelnut cake made by Giovanna herself &#8212; to die for!! This food lasted us the entire week. Giovanna was available, but never intrusive, and urged us to make ourselves at home, which we truly felt comfortable doing. Local market schedules, maps and guide-pamphlets were provided. We chose to take a cooking class with Giovanna and spent a memorable two afternoons in her kitchen learning the ins and outs of her salsa verde, risotto al fungi porcini, ravioli fatti in casa. The stories shared, traditional techniques learned, and delicious resulting meals were honestly, the highlight of our visit. There is so much to see and do in the region and Casino Bricchetto is situated ideally for trips to Neive, Alba, Bra, Barbaresco, for anyone interested in the abundance the region has to offer. Giovanna will guide you and will help you get more of an insider&rsquo;s view of the local culture. We barely scratched the surface. I&rsquo;d highly recommend Cascina Bricchetto to anyone who wants to slow down, enjoy a little slice of heaven away from the crowds, listen to the wind in the vines the cuckoo bird, and still be within reach of all of the history, art, food and wine the region has to offer.<\/p><\/blockquote>\n<h4>Bruno, Paris \u00ab\u00a0Un petit paradis au milieu des vignes et des noisettes\u00a0\u00bb\u00a0(\u2605 \u2605 \u2605 \u2605\u00a0\u2605)<\/h4>\n<blockquote><p>Apr\u00e8s les d\u00e9tours de cette petite route de campagne, la surprise et la s\u00e9r\u00e9nit\u00e9 : la maison domine les douces collines des Langhe, la lumi\u00e8re est belle, la maison calme.<br \/>\nLa maison est tr\u00e8s confortable, parfaitement propre, rien n&rsquo;est fait \u00e0 l&rsquo;\u00e9conomie, les mat\u00e9riaux (murs, sols, briques) sont de qualit\u00e9. Des salles de bain pour chaque chambre, une cuisine bien \u00e9quip\u00e9e, des informations sur les Langhe, ses villages, ses oenoth\u00e8ques dans des ch\u00e2teaux, \u00e0 ne pas rater.<br \/>\nSi vous prenez la formule petit d\u00e9jeuner, je vous le recommande au moins pour le premier matin, vous aller d\u00e9j\u00e0 vous familiarise avec les excellents produits du terroir.<br \/>\nGiovanna vous accueillera avec gentillesse, discr\u00e9tion, se mettre en 4 pour vous organiser si vous les souhaitez des excursions ou des visites qu&rsquo;on ne trouve pas dans les guides. Si cela vous tente, nous avons, en famille, suivi un cours de cuisine pi\u00e9montaise, chez Giovanna, c&rsquo;est un grand et beau souvenir.<br \/>\nJe suis enthousiaste dans ces quelques lignes, mais pourquoi ne pas dire que l&rsquo;on a trouv\u00e9 ce que l&rsquo;on cherchait pour des vacances!<\/p><\/blockquote>\n<p>Par\u00a0<strong>TripAdvisor<\/strong><\/p>\n<h4>Evafil, Paris \u00ab\u00a0Vivement conseill\u00e9, tr\u00e8s belle exp\u00e9rience\u00a0\u00bb (\u2605 \u2605 \u2605 \u2605 \u2605)<\/h4>\n<blockquote><p>Maison superbement r\u00e9nov\u00e9e au coeur des vignes, accueil tr\u00e8s chaleureux, r\u00e9gion viticole \u00e0 d\u00e9couvrir &#8211; nous avons \u00e9t\u00e9 s\u00e9duits et nous y retournerons!<\/p><\/blockquote>\n<h4>Philippecrist, Paris \u00ab\u00a0Parfait!\u00a0\u00bb (\u2605 \u2605 \u2605 \u2605)<\/h4>\n<blockquote><p>Les photos sur le site de la propri\u00e9taire ne font pas justice \u00e0 ce petit coin de paradis qu&rsquo;elle a su recr\u00e9er sur ce petit ilot de bonheur accroch\u00e9 au dessus des vignobles du Langhe alta. La maison est en surplomb d&rsquo;une<br \/>\npittoresque vall\u00e9e au sud de Trezzo Tinella et la petite route d&rsquo;acc\u00e8s &#8212; toute en lacets &#8212; ne fait qu&rsquo;ajouter au calme et \u00e0 la beaut\u00e9 du site au milieu des vignes appartenant au propri\u00e9taire. Les gites sont am\u00e9nag\u00e9s<br \/>\ndans un corps de ferme restaur\u00e9 avec gout. Franchement on voit que la propri\u00e9taire a su mettre \u00e0 profit ses ann\u00e9es pass\u00e9s \u00e0 travailler dans le milieu h\u00f4telier de luxe &#8230; rien de surfait mais tout en mat\u00e9riaux nobles et<br \/>\nde qualit\u00e9. L\u2019\u00e9quipement de cuisine et la vaisselle sont de m\u00eames. Du simple, du rustique (dans le bon sens du terme) &#8230; bref un endroit ou il fait bon de poser les valises et respirer un grand bol d&rsquo;air frais en<br \/>\nregardant le coucher du soleil sur la chaine des Alpes \u00e0 l&rsquo;horizon. Votre h\u00f4te connait du bout des doigts cette r\u00e9gion et pourra vous conseiller sur march\u00e9s \u00e0 visiter ou marches \u00e0 faire. Une envie d&rsquo;une petite<br \/>\nd\u00e9gustation de Barolo ou de Dolcetto? Hop, un coup de fil et tout est arrang\u00e9 avec d&rsquo;excellents producteurs locaux. Envie de charcuteries faite maison ou de fromages vraiment \u00ab\u00a0du pays\u00a0\u00bb? Hop, une adresse aussit\u00f4t<br \/>\ndonn\u00e9e avec l&rsquo;injonction de pr\u00e9ciser que vous venez \u00ab\u00a0en ami\u00a0\u00bb de la Cascina Bricchetto. Vraiment, pour l&rsquo;\u00e9picurien fl\u00e2neur qui r\u00e9side en chacun de nous, ce point de d\u00e9part est id\u00e9al pour d\u00e9couvrir les richesses de<br \/>\nla r\u00e9gion! Pour r\u00e9sumer : une merveilleuse adresse doubl\u00e9e d\u2019une h\u00f4te hors pair \u2013 quoi de mieux pour d\u00e9couvrir les villages perch\u00e9s, les tr\u00e9sors gastronomiques et la \u00ab dolce vita \u00bb des Langhe Alta ?<\/p><\/blockquote>\n<p>Par\u00a0<strong>Homeaway<\/strong><\/p>\n<h4>Jacqueline B, France\u00a0(\u2605 \u2605 \u2605 \u2605 \u2605)<\/h4>\n<blockquote><p>Nous avons trouve une maison d&rsquo;une propret\u00e9 irr\u00e9prochable, situ\u00e9e dans un cadre magnifique. La propri\u00e9taire est charmante et de tr\u00e8s bon conseil pour les visites, qui nous avait organis\u00e9 une d\u00e9gustation dans un vignoble et nous a indiqu\u00e9 o\u00f9 trouver de la truffe ,des tr\u00e8s bonnes p\u00e2tes et de la super charcuterie. Nous sommes pr\u00eats a y retourner.<\/p><\/blockquote>\n<h4>Camille, Martine, Cecilie-Alvernia, France\u00a0(\u2605 \u2605 \u2605 \u2605)<\/h4>\n<blockquote><p>Nous avons passe un agreable sejour.<br \/>\nGiovanna est tr\u00e8s gentille et \u00e0 l&rsquo;ecoute de nos demandes.<br \/>\nLa maison situ\u00e9e \u00e0 20 min d&rsquo;Alba, est au milieu des vignes sur une colline, panorama exceptionnel.<br \/>\nR\u00e9nov\u00e9e avec go\u00fbt, tr\u00e8s confortable, cette maison poss\u00e8de des prestations de qualit\u00e9.<br \/>\nNous vous conseillons vivement cette destination pour vos vacances!<\/p><\/blockquote>\n<hr \/>\n<p><em><span id=\"result_box\" class=\"\" lang=\"en\"><span class=\"\">These reviews come from the Homeaway and Tripdavisor sites and have been completely transcribed without alteration.<\/span> <span class=\"\">To report inaccuracies or to request the removal write to<\/span><\/span> <a href=\"mailto:info@cascinabricchetto.it\">info@cascinabricchetto.it<\/a><\/em><\/p>\n","protected":false},"excerpt":{"rendered":"<p>The LaPumas &#8211; 2025 (\u2605 \u2605 \u2605 \u2605 \u2605) Grazie mille! Ci siamo divertiti moltissimo =) La tua casa e la tua terra sono meravigliose. Ci manchere entrambi State bene&#8230;<\/p>\n","protected":false},"author":1,"featured_media":24766,"parent":0,"menu_order":0,"comment_status":"closed","ping_status":"closed","template":"","meta":{"footnotes":""},"class_list":["post-2609","page","type-page","status-publish","has-post-thumbnail"],"yoast_head":"<!-- This site is optimized with the Yoast SEO plugin v23.9 - https:\/\/yoast.com\/wordpress\/plugins\/seo\/ -->\n<title>Commentaires - Cascina Bricchetto<\/title>\n<meta name=\"robots\" content=\"index, follow, max-snippet:-1, max-image-preview:large, max-video-preview:-1\" \/>\n<link rel=\"canonical\" href=\"https:\/\/www.cascinabricchetto.it\/fr\/commentaires\/\" \/>\n<meta property=\"og:locale\" content=\"fr_FR\" \/>\n<meta property=\"og:type\" content=\"article\" \/>\n<meta property=\"og:title\" content=\"Commentaires - Cascina Bricchetto\" \/>\n<meta property=\"og:description\" content=\"The LaPumas &#8211; 2025 (\u2605 \u2605 \u2605 \u2605 \u2605) Grazie mille! Ci siamo divertiti moltissimo =) La tua casa e la tua terra sono meravigliose. Ci manchere entrambi State bene...\" \/>\n<meta property=\"og:url\" content=\"https:\/\/www.cascinabricchetto.it\/fr\/commentaires\/\" \/>\n<meta property=\"og:site_name\" content=\"Cascina Bricchetto\" \/>\n<meta property=\"article:modified_time\" content=\"2026-01-06T19:27:02+00:00\" \/>\n<meta property=\"og:image\" content=\"https:\/\/www.cascinabricchetto.it\/wp-content\/uploads\/2023\/11\/Dscn2896.jpg\" \/>\n\t<meta property=\"og:image:width\" content=\"1920\" \/>\n\t<meta property=\"og:image:height\" content=\"646\" \/>\n\t<meta property=\"og:image:type\" content=\"image\/jpeg\" \/>\n<meta name=\"twitter:card\" content=\"summary_large_image\" \/>\n<meta name=\"twitter:label1\" content=\"Dur\u00e9e de lecture estim\u00e9e\" \/>\n\t<meta name=\"twitter:data1\" content=\"2 minutes\" \/>\n<script type=\"application\/ld+json\" class=\"yoast-schema-graph\">{\"@context\":\"https:\/\/schema.org\",\"@graph\":[{\"@type\":\"WebPage\",\"@id\":\"https:\/\/www.cascinabricchetto.it\/fr\/commentaires\/\",\"url\":\"https:\/\/www.cascinabricchetto.it\/fr\/commentaires\/\",\"name\":\"Commentaires - Cascina Bricchetto\",\"isPartOf\":{\"@id\":\"https:\/\/www.cascinabricchetto.it\/fr\/#website\"},\"primaryImageOfPage\":{\"@id\":\"https:\/\/www.cascinabricchetto.it\/fr\/commentaires\/#primaryimage\"},\"image\":{\"@id\":\"https:\/\/www.cascinabricchetto.it\/fr\/commentaires\/#primaryimage\"},\"thumbnailUrl\":\"https:\/\/www.cascinabricchetto.it\/wp-content\/uploads\/2023\/11\/Dscn2896.jpg\",\"datePublished\":\"2014-04-23T09:33:49+00:00\",\"dateModified\":\"2026-01-06T19:27:02+00:00\",\"breadcrumb\":{\"@id\":\"https:\/\/www.cascinabricchetto.it\/fr\/commentaires\/#breadcrumb\"},\"inLanguage\":\"fr-FR\",\"potentialAction\":[{\"@type\":\"ReadAction\",\"target\":[\"https:\/\/www.cascinabricchetto.it\/fr\/commentaires\/\"]}]},{\"@type\":\"ImageObject\",\"inLanguage\":\"fr-FR\",\"@id\":\"https:\/\/www.cascinabricchetto.it\/fr\/commentaires\/#primaryimage\",\"url\":\"https:\/\/www.cascinabricchetto.it\/wp-content\/uploads\/2023\/11\/Dscn2896.jpg\",\"contentUrl\":\"https:\/\/www.cascinabricchetto.it\/wp-content\/uploads\/2023\/11\/Dscn2896.jpg\",\"width\":1920,\"height\":646},{\"@type\":\"BreadcrumbList\",\"@id\":\"https:\/\/www.cascinabricchetto.it\/fr\/commentaires\/#breadcrumb\",\"itemListElement\":[{\"@type\":\"ListItem\",\"position\":1,\"name\":\"Home\",\"item\":\"https:\/\/www.cascinabricchetto.it\/fr\/\"},{\"@type\":\"ListItem\",\"position\":2,\"name\":\"Commentaires\"}]},{\"@type\":\"WebSite\",\"@id\":\"https:\/\/www.cascinabricchetto.it\/fr\/#website\",\"url\":\"https:\/\/www.cascinabricchetto.it\/fr\/\",\"name\":\"Cascina Bricchetto\",\"description\":\"\",\"potentialAction\":[{\"@type\":\"SearchAction\",\"target\":{\"@type\":\"EntryPoint\",\"urlTemplate\":\"https:\/\/www.cascinabricchetto.it\/fr\/?s={search_term_string}\"},\"query-input\":{\"@type\":\"PropertyValueSpecification\",\"valueRequired\":true,\"valueName\":\"search_term_string\"}}],\"inLanguage\":\"fr-FR\"}]}<\/script>\n<!-- \/ Yoast SEO plugin. -->","yoast_head_json":{"title":"Commentaires - Cascina Bricchetto","robots":{"index":"index","follow":"follow","max-snippet":"max-snippet:-1","max-image-preview":"max-image-preview:large","max-video-preview":"max-video-preview:-1"},"canonical":"https:\/\/www.cascinabricchetto.it\/fr\/commentaires\/","og_locale":"fr_FR","og_type":"article","og_title":"Commentaires - Cascina Bricchetto","og_description":"The LaPumas &#8211; 2025 (\u2605 \u2605 \u2605 \u2605 \u2605) Grazie mille! Ci siamo divertiti moltissimo =) La tua casa e la tua terra sono meravigliose. Ci manchere entrambi State bene...","og_url":"https:\/\/www.cascinabricchetto.it\/fr\/commentaires\/","og_site_name":"Cascina Bricchetto","article_modified_time":"2026-01-06T19:27:02+00:00","og_image":[{"width":1920,"height":646,"url":"https:\/\/www.cascinabricchetto.it\/wp-content\/uploads\/2023\/11\/Dscn2896.jpg","type":"image\/jpeg"}],"twitter_card":"summary_large_image","twitter_misc":{"Dur\u00e9e de lecture estim\u00e9e":"2 minutes"},"schema":{"@context":"https:\/\/schema.org","@graph":[{"@type":"WebPage","@id":"https:\/\/www.cascinabricchetto.it\/fr\/commentaires\/","url":"https:\/\/www.cascinabricchetto.it\/fr\/commentaires\/","name":"Commentaires - Cascina Bricchetto","isPartOf":{"@id":"https:\/\/www.cascinabricchetto.it\/fr\/#website"},"primaryImageOfPage":{"@id":"https:\/\/www.cascinabricchetto.it\/fr\/commentaires\/#primaryimage"},"image":{"@id":"https:\/\/www.cascinabricchetto.it\/fr\/commentaires\/#primaryimage"},"thumbnailUrl":"https:\/\/www.cascinabricchetto.it\/wp-content\/uploads\/2023\/11\/Dscn2896.jpg","datePublished":"2014-04-23T09:33:49+00:00","dateModified":"2026-01-06T19:27:02+00:00","breadcrumb":{"@id":"https:\/\/www.cascinabricchetto.it\/fr\/commentaires\/#breadcrumb"},"inLanguage":"fr-FR","potentialAction":[{"@type":"ReadAction","target":["https:\/\/www.cascinabricchetto.it\/fr\/commentaires\/"]}]},{"@type":"ImageObject","inLanguage":"fr-FR","@id":"https:\/\/www.cascinabricchetto.it\/fr\/commentaires\/#primaryimage","url":"https:\/\/www.cascinabricchetto.it\/wp-content\/uploads\/2023\/11\/Dscn2896.jpg","contentUrl":"https:\/\/www.cascinabricchetto.it\/wp-content\/uploads\/2023\/11\/Dscn2896.jpg","width":1920,"height":646},{"@type":"BreadcrumbList","@id":"https:\/\/www.cascinabricchetto.it\/fr\/commentaires\/#breadcrumb","itemListElement":[{"@type":"ListItem","position":1,"name":"Home","item":"https:\/\/www.cascinabricchetto.it\/fr\/"},{"@type":"ListItem","position":2,"name":"Commentaires"}]},{"@type":"WebSite","@id":"https:\/\/www.cascinabricchetto.it\/fr\/#website","url":"https:\/\/www.cascinabricchetto.it\/fr\/","name":"Cascina Bricchetto","description":"","potentialAction":[{"@type":"SearchAction","target":{"@type":"EntryPoint","urlTemplate":"https:\/\/www.cascinabricchetto.it\/fr\/?s={search_term_string}"},"query-input":{"@type":"PropertyValueSpecification","valueRequired":true,"valueName":"search_term_string"}}],"inLanguage":"fr-FR"}]}},"_links":{"self":[{"href":"https:\/\/www.cascinabricchetto.it\/fr\/wp-json\/wp\/v2\/pages\/2609","targetHints":{"allow":["GET"]}}],"collection":[{"href":"https:\/\/www.cascinabricchetto.it\/fr\/wp-json\/wp\/v2\/pages"}],"about":[{"href":"https:\/\/www.cascinabricchetto.it\/fr\/wp-json\/wp\/v2\/types\/page"}],"author":[{"embeddable":true,"href":"https:\/\/www.cascinabricchetto.it\/fr\/wp-json\/wp\/v2\/users\/1"}],"replies":[{"embeddable":true,"href":"https:\/\/www.cascinabricchetto.it\/fr\/wp-json\/wp\/v2\/comments?post=2609"}],"version-history":[{"count":4,"href":"https:\/\/www.cascinabricchetto.it\/fr\/wp-json\/wp\/v2\/pages\/2609\/revisions"}],"predecessor-version":[{"id":32952,"href":"https:\/\/www.cascinabricchetto.it\/fr\/wp-json\/wp\/v2\/pages\/2609\/revisions\/32952"}],"wp:featuredmedia":[{"embeddable":true,"href":"https:\/\/www.cascinabricchetto.it\/fr\/wp-json\/wp\/v2\/media\/24766"}],"wp:attachment":[{"href":"https:\/\/www.cascinabricchetto.it\/fr\/wp-json\/wp\/v2\/media?parent=2609"}],"curies":[{"name":"wp","href":"https:\/\/api.w.org\/{rel}","templated":true}]}}