{"id":2601,"date":"2013-06-09T20:17:17","date_gmt":"2013-06-09T18:17:17","guid":{"rendered":"http:\/\/www.cascinabricchetto.it\/?page_id=2601"},"modified":"2026-01-12T09:08:04","modified_gmt":"2026-01-12T08:08:04","slug":"les-maisons-de-vacances-italie-piemont","status":"publish","type":"page","link":"https:\/\/www.cascinabricchetto.it\/fr\/les-maisons-de-vacances-italie-piemont\/","title":{"rendered":"Les maisons"},"content":{"rendered":"\n<h2 class=\"wp-block-heading\"><strong>Habitations<\/strong><\/h2>\n\n\n\n<p>Alla Cascina Bricchetto,<strong> s\u00e9jour enchanteur<\/strong> dans deux <strong>habitations<\/strong> luxueuses.<\/p>\n\n\n\n<ul class=\"wp-block-list\">\n<li><strong><a href=\"https:\/\/www.cascinabricchetto.it\/fr\/les-maisons-de-vacances-italie-piemont\/maison-du-four-a-pain\/\">C\u00e0 d\u00ebr Forn (Maison du Four \u00e0 pain)<\/a>:<\/strong> 100 m<sup>2<\/sup>, 2 chambres \u00e0 coucher, 2 salles de bain, s\u00e9jour, cuisine.<\/li>\n\n\n\n<li><strong><a href=\"https:\/\/www.cascinabricchetto.it\/fr\/les-maisons-de-vacances-italie-piemont\/maison-de-la-pergola-a-raisin\/\">C\u00e0 dra T\u00f2pia (Maison de la Pergola \u00e0 raisin)<\/a>:<\/strong> 150 m<sup>2<\/sup>, 3 chambres \u00e0 coucher, 3 salles de bain, s\u00e9jour avec cuisine \u00e0 l\u2019am\u00e9ricaine.<\/li>\n<\/ul>\n\n\n\n<p><span class=\"HwtZe\" lang=\"fr\"><span class=\"jCAhz ChMk0b\"><span class=\"ryNqvb\">Il est possible de r\u00e9server les deux maisons pour des groupes allant jusqu&rsquo;\u00e0 14 personnes.<\/span><\/span><\/span><\/p>\n\n\n\n<ul class=\"wp-block-list\">\n<li><strong><a href=\"https:\/\/www.cascinabricchetto.it\/fr\/les-maisons-de-vacances-italie-piemont\/maison-du-four-a-pain\/\">C\u00e0 d\u00ebr Forn<\/a><\/strong>\u00a0+ <strong><a href=\"https:\/\/www.cascinabricchetto.it\/fr\/les-maisons-de-vacances-italie-piemont\/maison-de-la-pergola-a-raisin\/\">C\u00e0 dra T\u00f2pia<\/a><\/strong><strong>:<\/strong> 250 m<sup>2<\/sup>, 5 chambres \u00e0 coucher, 5 salles de bain, 2 cuisines.<\/li>\n<\/ul>\n\n\n\n<p>Chaque habitation est compl\u00e8tement <strong>ind\u00e9pendante<\/strong>, munie d\u2019un <strong>balcon<\/strong>, d\u2019une <strong>chemin\u00e9e \u00e0 feu<\/strong> ouvert, et pourvue de tout le confort. La d\u00e9coration allie des \u00e9l\u00e9ments modernes et antiques.<br>Acc\u00e8s<strong> Internet WI-FI gratuit<\/strong> dans toutes les pi\u00e8ces et \u00e0 l\u2019ext\u00e9rieur.<\/p>\n\n\n\n<p>La restauration, r\u00e9cemment termin\u00e9e, a conserv\u00e9 le caract\u00e8re original des b\u00e2timents, ( vo\u00fbtes en briques \u00e0 vue) et utilisation de mat\u00e9riaux naturels et locaux, les pi\u00e8ces communes sont con\u00e7ues pour favoriser la convivialit\u00e9, le plaisir de la table, ou les conversations joyeuses au coin du feu.<\/p>\n\n\n\n<p>Si les h\u00f4tes le souhaitent, une<strong> petit d\u00e9jeuner abondante<\/strong> peut \u00eatre propos\u00e9e, avec confitures et tartes pr\u00e9par\u00e9es selon les recettes du bon vieux temps..<\/p>\n\n\n\n<h4 class=\"wp-block-heading\">Dans chaque habitation&nbsp;:<\/h4>\n\n\n\n<ul class=\"wp-block-list\">\n<li>Linge de maison en fibres naturelles pour usages internes, et en fibre vari\u00e9es pour usages externes.<\/li>\n\n\n\n<li>Lave vaiselle, lave-linge, fer et planche \u00e0 repasser.<\/li>\n\n\n\n<li>Ustensiles de cuisine , frigidaire, cong\u00e9lateur, vaisselle \u00e9l\u00e9gante, nappes color\u00e9es, bouilloire, toaster.<\/li>\n\n\n\n<li>Savon de toilette, lessive, s\u00e8che-cheveux.<\/li>\n\n\n\n<li>Th\u00e9, tisanes, caf\u00e9, sucre, sel, \u00e9pices , de quoi pr\u00e9parer p\u00e2tes et risotto pour un ou deux repas.<\/li>\n\n\n\n<li>Tapis Kilim, cadres, lampes, coussins, livres, nappes color\u00e9es, rendent le d\u00e9cor de nos maisons chaleureux et accueillant.<\/li>\n<\/ul>\n\n\n\n<p><style>.embed-container { position: relative; padding-bottom: 56.25%; height: 0; overflow: hidden; max-width: 100%; height: auto; } .embed-container iframe, .embed-container object, .embed-container embed { position: absolute; top: 0; left: 0; width: 100%; height: 100%; <\/style><\/p>\n\n\n\n<div class=\"embed-container\"><iframe src=\"\/\/player.vimeo.com\/video\/20564673?title=0&amp;byline=0&amp;portrait=0\" frameborder=\"0\" allowfullscreen=\"allowfullscreen\"><\/iframe><\/div>\n\n\n\n<div class=\"guesty-wrapper\">\n\n<div id=\"search-widget_IO312PWQ\"><script>!function(e,t,a,n,c,r){function s(t){e.console.log(\"[Guesty Embedded Widget]:\",t)}var i,d,l,o,y,m,g,h,p,u;n&&(i=n,d=t.getElementsByTagName(\"head\")[0],(l=t.createElement(\"link\")).rel=\"stylesheet\",l.type=\"text\/css\",l.href=i,l.media=\"all\",d.appendChild(l)),o=function(){try{e[a].create(r).catch(function(e){s(e.message)})}catch(e){s(e.message)}},h=!1,y=c,m=function(){h||this.readyState&&\"complete\"!=this.readyState||(h=!0,o())},(g=t.createElement(\"script\")).type=\"text\/javascript\",g.src=y,g.async=\"true\",g.onload=g.onreadystatechange=m,p=g,(u=t.getElementsByTagName(\"script\")[0]).parentNode.insertBefore(p,u)}(window,document,\"GuestySearchBarWidget\",\"https:\/\/s3.amazonaws.com\/guesty-frontend-production\/search-bar-production.css\",\"https:\/\/s3.amazonaws.com\/guesty-frontend-production\/search-bar-production.js\",{\"siteUrl\":\"stay.cascinabricchetto.it\",\"color\":\"#FFA700\"});<\/script><\/div>\n\n<\/div>\n","protected":false},"excerpt":{"rendered":"<p>Habitations Alla Cascina Bricchetto, s\u00e9jour enchanteur dans deux habitations luxueuses. Il est possible de r\u00e9server les deux maisons pour des groupes allant jusqu&rsquo;\u00e0 14 personnes. Chaque habitation est compl\u00e8tement ind\u00e9pendante,&#8230;<\/p>\n","protected":false},"author":1,"featured_media":0,"parent":0,"menu_order":0,"comment_status":"closed","ping_status":"closed","template":"","meta":{"footnotes":""},"class_list":["post-2601","page","type-page","status-publish"],"yoast_head":"<!-- This site is optimized with the Yoast SEO plugin v23.9 - https:\/\/yoast.com\/wordpress\/plugins\/seo\/ -->\n<title>Maison de vacances - Cascina Bricchetto, Pi\u00e9mont, Italie<\/title>\n<meta name=\"description\" content=\"Passez jours fabuleux dans nos maisons de vacances. Chaque maison est ind\u00e9pendante, avec un balcon. Free Wi-Fi\" \/>\n<meta name=\"robots\" content=\"index, follow, max-snippet:-1, max-image-preview:large, max-video-preview:-1\" \/>\n<link rel=\"canonical\" href=\"https:\/\/www.cascinabricchetto.it\/fr\/les-maisons-de-vacances-italie-piemont\/\" \/>\n<meta property=\"og:locale\" content=\"fr_FR\" \/>\n<meta property=\"og:type\" content=\"article\" \/>\n<meta property=\"og:title\" content=\"Maison de vacances - Cascina Bricchetto, Pi\u00e9mont, Italie\" \/>\n<meta property=\"og:description\" content=\"Passez jours fabuleux dans nos maisons de vacances. Chaque maison est ind\u00e9pendante, avec un balcon. Free Wi-Fi\" \/>\n<meta property=\"og:url\" content=\"https:\/\/www.cascinabricchetto.it\/fr\/les-maisons-de-vacances-italie-piemont\/\" \/>\n<meta property=\"og:site_name\" content=\"Cascina Bricchetto\" \/>\n<meta property=\"article:modified_time\" content=\"2026-01-12T08:08:04+00:00\" \/>\n<meta name=\"twitter:card\" content=\"summary_large_image\" \/>\n<meta name=\"twitter:label1\" content=\"Dur\u00e9e de lecture estim\u00e9e\" \/>\n\t<meta name=\"twitter:data1\" content=\"2 minutes\" \/>\n<script type=\"application\/ld+json\" class=\"yoast-schema-graph\">{\"@context\":\"https:\/\/schema.org\",\"@graph\":[{\"@type\":\"WebPage\",\"@id\":\"https:\/\/www.cascinabricchetto.it\/fr\/les-maisons-de-vacances-italie-piemont\/\",\"url\":\"https:\/\/www.cascinabricchetto.it\/fr\/les-maisons-de-vacances-italie-piemont\/\",\"name\":\"Maison de vacances - Cascina Bricchetto, Pi\u00e9mont, Italie\",\"isPartOf\":{\"@id\":\"https:\/\/www.cascinabricchetto.it\/fr\/#website\"},\"datePublished\":\"2013-06-09T18:17:17+00:00\",\"dateModified\":\"2026-01-12T08:08:04+00:00\",\"description\":\"Passez jours fabuleux dans nos maisons de vacances. Chaque maison est ind\u00e9pendante, avec un balcon. Free Wi-Fi\",\"breadcrumb\":{\"@id\":\"https:\/\/www.cascinabricchetto.it\/fr\/les-maisons-de-vacances-italie-piemont\/#breadcrumb\"},\"inLanguage\":\"fr-FR\",\"potentialAction\":[{\"@type\":\"ReadAction\",\"target\":[\"https:\/\/www.cascinabricchetto.it\/fr\/les-maisons-de-vacances-italie-piemont\/\"]}]},{\"@type\":\"BreadcrumbList\",\"@id\":\"https:\/\/www.cascinabricchetto.it\/fr\/les-maisons-de-vacances-italie-piemont\/#breadcrumb\",\"itemListElement\":[{\"@type\":\"ListItem\",\"position\":1,\"name\":\"Home\",\"item\":\"https:\/\/www.cascinabricchetto.it\/fr\/\"},{\"@type\":\"ListItem\",\"position\":2,\"name\":\"Les maisons\"}]},{\"@type\":\"WebSite\",\"@id\":\"https:\/\/www.cascinabricchetto.it\/fr\/#website\",\"url\":\"https:\/\/www.cascinabricchetto.it\/fr\/\",\"name\":\"Cascina Bricchetto\",\"description\":\"\",\"potentialAction\":[{\"@type\":\"SearchAction\",\"target\":{\"@type\":\"EntryPoint\",\"urlTemplate\":\"https:\/\/www.cascinabricchetto.it\/fr\/?s={search_term_string}\"},\"query-input\":{\"@type\":\"PropertyValueSpecification\",\"valueRequired\":true,\"valueName\":\"search_term_string\"}}],\"inLanguage\":\"fr-FR\"}]}<\/script>\n<!-- \/ Yoast SEO plugin. -->","yoast_head_json":{"title":"Maison de vacances - Cascina Bricchetto, Pi\u00e9mont, Italie","description":"Passez jours fabuleux dans nos maisons de vacances. Chaque maison est ind\u00e9pendante, avec un balcon. Free Wi-Fi","robots":{"index":"index","follow":"follow","max-snippet":"max-snippet:-1","max-image-preview":"max-image-preview:large","max-video-preview":"max-video-preview:-1"},"canonical":"https:\/\/www.cascinabricchetto.it\/fr\/les-maisons-de-vacances-italie-piemont\/","og_locale":"fr_FR","og_type":"article","og_title":"Maison de vacances - Cascina Bricchetto, Pi\u00e9mont, Italie","og_description":"Passez jours fabuleux dans nos maisons de vacances. Chaque maison est ind\u00e9pendante, avec un balcon. Free Wi-Fi","og_url":"https:\/\/www.cascinabricchetto.it\/fr\/les-maisons-de-vacances-italie-piemont\/","og_site_name":"Cascina Bricchetto","article_modified_time":"2026-01-12T08:08:04+00:00","twitter_card":"summary_large_image","twitter_misc":{"Dur\u00e9e de lecture estim\u00e9e":"2 minutes"},"schema":{"@context":"https:\/\/schema.org","@graph":[{"@type":"WebPage","@id":"https:\/\/www.cascinabricchetto.it\/fr\/les-maisons-de-vacances-italie-piemont\/","url":"https:\/\/www.cascinabricchetto.it\/fr\/les-maisons-de-vacances-italie-piemont\/","name":"Maison de vacances - Cascina Bricchetto, Pi\u00e9mont, Italie","isPartOf":{"@id":"https:\/\/www.cascinabricchetto.it\/fr\/#website"},"datePublished":"2013-06-09T18:17:17+00:00","dateModified":"2026-01-12T08:08:04+00:00","description":"Passez jours fabuleux dans nos maisons de vacances. Chaque maison est ind\u00e9pendante, avec un balcon. Free Wi-Fi","breadcrumb":{"@id":"https:\/\/www.cascinabricchetto.it\/fr\/les-maisons-de-vacances-italie-piemont\/#breadcrumb"},"inLanguage":"fr-FR","potentialAction":[{"@type":"ReadAction","target":["https:\/\/www.cascinabricchetto.it\/fr\/les-maisons-de-vacances-italie-piemont\/"]}]},{"@type":"BreadcrumbList","@id":"https:\/\/www.cascinabricchetto.it\/fr\/les-maisons-de-vacances-italie-piemont\/#breadcrumb","itemListElement":[{"@type":"ListItem","position":1,"name":"Home","item":"https:\/\/www.cascinabricchetto.it\/fr\/"},{"@type":"ListItem","position":2,"name":"Les maisons"}]},{"@type":"WebSite","@id":"https:\/\/www.cascinabricchetto.it\/fr\/#website","url":"https:\/\/www.cascinabricchetto.it\/fr\/","name":"Cascina Bricchetto","description":"","potentialAction":[{"@type":"SearchAction","target":{"@type":"EntryPoint","urlTemplate":"https:\/\/www.cascinabricchetto.it\/fr\/?s={search_term_string}"},"query-input":{"@type":"PropertyValueSpecification","valueRequired":true,"valueName":"search_term_string"}}],"inLanguage":"fr-FR"}]}},"_links":{"self":[{"href":"https:\/\/www.cascinabricchetto.it\/fr\/wp-json\/wp\/v2\/pages\/2601","targetHints":{"allow":["GET"]}}],"collection":[{"href":"https:\/\/www.cascinabricchetto.it\/fr\/wp-json\/wp\/v2\/pages"}],"about":[{"href":"https:\/\/www.cascinabricchetto.it\/fr\/wp-json\/wp\/v2\/types\/page"}],"author":[{"embeddable":true,"href":"https:\/\/www.cascinabricchetto.it\/fr\/wp-json\/wp\/v2\/users\/1"}],"replies":[{"embeddable":true,"href":"https:\/\/www.cascinabricchetto.it\/fr\/wp-json\/wp\/v2\/comments?post=2601"}],"version-history":[{"count":6,"href":"https:\/\/www.cascinabricchetto.it\/fr\/wp-json\/wp\/v2\/pages\/2601\/revisions"}],"predecessor-version":[{"id":32987,"href":"https:\/\/www.cascinabricchetto.it\/fr\/wp-json\/wp\/v2\/pages\/2601\/revisions\/32987"}],"wp:attachment":[{"href":"https:\/\/www.cascinabricchetto.it\/fr\/wp-json\/wp\/v2\/media?parent=2601"}],"curies":[{"name":"wp","href":"https:\/\/api.w.org\/{rel}","templated":true}]}}