{"id":2864,"date":"2015-02-06T12:41:56","date_gmt":"2015-02-06T11:41:56","guid":{"rendered":"http:\/\/www.cascinabricchetto.it\/wo-wir-sind\/walls-montelupo-albese-tale-wolf\/"},"modified":"2024-01-07T23:24:29","modified_gmt":"2024-01-07T22:24:29","slug":"walls-montelupo-albese-tale-wolf","status":"publish","type":"page","link":"https:\/\/www.cascinabricchetto.it\/de\/langhe-piemont-wo-wir-sind\/walls-montelupo-albese-tale-wolf\/","title":{"rendered":"Wandbilder in Montelupo Albese: Die M\u00e4rchen vom Wolf"},"content":{"rendered":"<p>Montelupo, ein h\u00fcbsches Dorf in den Langhe mit knapp \u00fcber 500 Einwohnern, liegt auf einem H\u00fcgel mit einer wundervollen Aussicht. W\u00e4hrend die G\u00e4ste fr\u00fcher bei Tag und bei Nacht von der Aussichtsterrasse aus das prachtvolle Panorama bewunderten und die gute K\u00fcche genossen, werden heute viele Reisende von der m\u00e4rchenhaften Atmosph\u00e4re der Wandbilder angelockt.<\/p>\n<h3>Die M\u00e4rchen vom Wolf<\/h3>\n<p><img loading=\"lazy\" decoding=\"async\" class=\"alignleft\" src=\"https:\/\/www.cascinabricchetto.it\/wp-content\/uploads\/2023\/11\/IMG.jpg\" alt=\"\" width=\"232\" height=\"283\" \/>Der Name \u201eMontelupo\u201c (zu Deutsch <em>Wolfsberg<\/em>) soll von einer Legende stammen, die erz\u00e4hlt, dass der Ort fr\u00fcher von W\u00f6lfen bewohnt war.<\/p>\n<p>Die M\u00e4rchen werden an den Hausw\u00e4nden erz\u00e4hlt, die von der Provinzstra\u00dfe bis zur Piazza Castello zu sehen sind. Die Erz\u00e4hlung wird laufend weitergesponnen, denn jedes Jahr kommt mindestens eine neue Geschichte hinzu. Bis heute haben dreizehn italienische K\u00fcnstler M\u00e4rchen auf die Hausw\u00e4nde gezaubert.<\/p>\n<p>Die Titel lauten: Das Lamm Chiaretta, Der Prinz Ivan und der Feuervogel, Der \u00e4ngstliche Wolf, Der Wolf und die sieben Gei\u00dflein, Das dritte Schweinchen, Der Wolf und der Storch, Der Wolf und der Hund, Der Wolf von Gubbio, Gevatter Fuchs und Gevatter Wolf, Rotk\u00e4ppchen, Der L\u00f6we, der Wolf und der Fuchs, I love Montlov, W\u00f6lfe und Rehe.<\/p>\n<p>Die K\u00fcnstler: Lo Forte, Mora, Carbone, Schiavone, Passalacqua, Benedicenti, Negro, Nada, Rabbia, Ghisolfi, Cauda, die Jugendlichen von Montelupo, die Jugendlichen von Rodello.<\/p>\n<p>Die Initiative steht unter der gemeinn\u00fctzigen Aufsicht der <em>Societ\u00e0 solidale Associazione di volontariato \u201cMontelupesi\u201d<\/em>.<\/p>\n<h3>Info<\/h3>\n<p>Municipio di Montelupo Albese\u00a0 <strong>+ 39 0173\/617117<\/strong> (Gemeindeverwaltung)<\/p>\n<p>&nbsp;<\/p>\n<p>&nbsp;<\/p>\n","protected":false},"excerpt":{"rendered":"<p>Montelupo, ein h\u00fcbsches Dorf in den Langhe mit knapp \u00fcber 500 Einwohnern, liegt auf einem H\u00fcgel mit einer wundervollen Aussicht. W\u00e4hrend die G\u00e4ste fr\u00fcher bei Tag und bei Nacht von&#8230;<\/p>\n","protected":false},"author":1,"featured_media":0,"parent":2652,"menu_order":0,"comment_status":"closed","ping_status":"closed","template":"","meta":{"footnotes":""},"class_list":["post-2864","page","type-page","status-publish"],"yoast_head":"<!-- This site is optimized with the Yoast SEO plugin v23.9 - https:\/\/yoast.com\/wordpress\/plugins\/seo\/ -->\n<title>Wandbilder in Montelupo Albese: Die M\u00e4rchen vom Wolf - Cascina Bricchetto<\/title>\n<meta name=\"robots\" content=\"index, follow, max-snippet:-1, max-image-preview:large, max-video-preview:-1\" \/>\n<link rel=\"canonical\" href=\"https:\/\/www.cascinabricchetto.it\/de\/langhe-piemont-wo-wir-sind\/walls-montelupo-albese-tale-wolf\/\" \/>\n<meta property=\"og:locale\" content=\"de_DE\" \/>\n<meta property=\"og:type\" content=\"article\" \/>\n<meta property=\"og:title\" content=\"Wandbilder in Montelupo Albese: Die M\u00e4rchen vom Wolf - Cascina Bricchetto\" \/>\n<meta property=\"og:description\" content=\"Montelupo, ein h\u00fcbsches Dorf in den Langhe mit knapp \u00fcber 500 Einwohnern, liegt auf einem H\u00fcgel mit einer wundervollen Aussicht. W\u00e4hrend die G\u00e4ste fr\u00fcher bei Tag und bei Nacht von...\" \/>\n<meta property=\"og:url\" content=\"https:\/\/www.cascinabricchetto.it\/de\/langhe-piemont-wo-wir-sind\/walls-montelupo-albese-tale-wolf\/\" \/>\n<meta property=\"og:site_name\" content=\"Cascina Bricchetto\" \/>\n<meta property=\"article:modified_time\" content=\"2024-01-07T22:24:29+00:00\" \/>\n<meta property=\"og:image\" content=\"https:\/\/www.cascinabricchetto.it\/wp-content\/uploads\/2023\/11\/IMG.jpg\" \/>\n<meta name=\"twitter:card\" content=\"summary_large_image\" \/>\n<meta name=\"twitter:label1\" content=\"Gesch\u00e4tzte Lesezeit\" \/>\n\t<meta name=\"twitter:data1\" content=\"1\u00a0Minute\" \/>\n<script type=\"application\/ld+json\" class=\"yoast-schema-graph\">{\"@context\":\"https:\/\/schema.org\",\"@graph\":[{\"@type\":\"WebPage\",\"@id\":\"https:\/\/www.cascinabricchetto.it\/de\/langhe-piemont-wo-wir-sind\/walls-montelupo-albese-tale-wolf\/\",\"url\":\"https:\/\/www.cascinabricchetto.it\/de\/langhe-piemont-wo-wir-sind\/walls-montelupo-albese-tale-wolf\/\",\"name\":\"Wandbilder in Montelupo Albese: Die M\u00e4rchen vom Wolf - Cascina Bricchetto\",\"isPartOf\":{\"@id\":\"https:\/\/www.cascinabricchetto.it\/de\/#website\"},\"primaryImageOfPage\":{\"@id\":\"https:\/\/www.cascinabricchetto.it\/de\/langhe-piemont-wo-wir-sind\/walls-montelupo-albese-tale-wolf\/#primaryimage\"},\"image\":{\"@id\":\"https:\/\/www.cascinabricchetto.it\/de\/langhe-piemont-wo-wir-sind\/walls-montelupo-albese-tale-wolf\/#primaryimage\"},\"thumbnailUrl\":\"https:\/\/www.cascinabricchetto.it\/wp-content\/uploads\/2023\/11\/IMG.jpg\",\"datePublished\":\"2015-02-06T11:41:56+00:00\",\"dateModified\":\"2024-01-07T22:24:29+00:00\",\"breadcrumb\":{\"@id\":\"https:\/\/www.cascinabricchetto.it\/de\/langhe-piemont-wo-wir-sind\/walls-montelupo-albese-tale-wolf\/#breadcrumb\"},\"inLanguage\":\"de\",\"potentialAction\":[{\"@type\":\"ReadAction\",\"target\":[\"https:\/\/www.cascinabricchetto.it\/de\/langhe-piemont-wo-wir-sind\/walls-montelupo-albese-tale-wolf\/\"]}]},{\"@type\":\"ImageObject\",\"inLanguage\":\"de\",\"@id\":\"https:\/\/www.cascinabricchetto.it\/de\/langhe-piemont-wo-wir-sind\/walls-montelupo-albese-tale-wolf\/#primaryimage\",\"url\":\"https:\/\/www.cascinabricchetto.it\/wp-content\/uploads\/2023\/11\/IMG.jpg\",\"contentUrl\":\"https:\/\/www.cascinabricchetto.it\/wp-content\/uploads\/2023\/11\/IMG.jpg\"},{\"@type\":\"BreadcrumbList\",\"@id\":\"https:\/\/www.cascinabricchetto.it\/de\/langhe-piemont-wo-wir-sind\/walls-montelupo-albese-tale-wolf\/#breadcrumb\",\"itemListElement\":[{\"@type\":\"ListItem\",\"position\":1,\"name\":\"Home\",\"item\":\"https:\/\/www.cascinabricchetto.it\/de\/\"},{\"@type\":\"ListItem\",\"position\":2,\"name\":\"Langhe, wo wir sind\",\"item\":\"https:\/\/www.cascinabricchetto.it\/de\/langhe-piedmont-where-we-are\/\"},{\"@type\":\"ListItem\",\"position\":3,\"name\":\"Wandbilder in Montelupo Albese: Die M\u00e4rchen vom Wolf\"}]},{\"@type\":\"WebSite\",\"@id\":\"https:\/\/www.cascinabricchetto.it\/de\/#website\",\"url\":\"https:\/\/www.cascinabricchetto.it\/de\/\",\"name\":\"Cascina Bricchetto\",\"description\":\"\",\"potentialAction\":[{\"@type\":\"SearchAction\",\"target\":{\"@type\":\"EntryPoint\",\"urlTemplate\":\"https:\/\/www.cascinabricchetto.it\/de\/?s={search_term_string}\"},\"query-input\":{\"@type\":\"PropertyValueSpecification\",\"valueRequired\":true,\"valueName\":\"search_term_string\"}}],\"inLanguage\":\"de\"}]}<\/script>\n<!-- \/ Yoast SEO plugin. -->","yoast_head_json":{"title":"Wandbilder in Montelupo Albese: Die M\u00e4rchen vom Wolf - Cascina Bricchetto","robots":{"index":"index","follow":"follow","max-snippet":"max-snippet:-1","max-image-preview":"max-image-preview:large","max-video-preview":"max-video-preview:-1"},"canonical":"https:\/\/www.cascinabricchetto.it\/de\/langhe-piemont-wo-wir-sind\/walls-montelupo-albese-tale-wolf\/","og_locale":"de_DE","og_type":"article","og_title":"Wandbilder in Montelupo Albese: Die M\u00e4rchen vom Wolf - Cascina Bricchetto","og_description":"Montelupo, ein h\u00fcbsches Dorf in den Langhe mit knapp \u00fcber 500 Einwohnern, liegt auf einem H\u00fcgel mit einer wundervollen Aussicht. W\u00e4hrend die G\u00e4ste fr\u00fcher bei Tag und bei Nacht von...","og_url":"https:\/\/www.cascinabricchetto.it\/de\/langhe-piemont-wo-wir-sind\/walls-montelupo-albese-tale-wolf\/","og_site_name":"Cascina Bricchetto","article_modified_time":"2024-01-07T22:24:29+00:00","og_image":[{"url":"https:\/\/www.cascinabricchetto.it\/wp-content\/uploads\/2023\/11\/IMG.jpg"}],"twitter_card":"summary_large_image","twitter_misc":{"Gesch\u00e4tzte Lesezeit":"1\u00a0Minute"},"schema":{"@context":"https:\/\/schema.org","@graph":[{"@type":"WebPage","@id":"https:\/\/www.cascinabricchetto.it\/de\/langhe-piemont-wo-wir-sind\/walls-montelupo-albese-tale-wolf\/","url":"https:\/\/www.cascinabricchetto.it\/de\/langhe-piemont-wo-wir-sind\/walls-montelupo-albese-tale-wolf\/","name":"Wandbilder in Montelupo Albese: Die M\u00e4rchen vom Wolf - Cascina Bricchetto","isPartOf":{"@id":"https:\/\/www.cascinabricchetto.it\/de\/#website"},"primaryImageOfPage":{"@id":"https:\/\/www.cascinabricchetto.it\/de\/langhe-piemont-wo-wir-sind\/walls-montelupo-albese-tale-wolf\/#primaryimage"},"image":{"@id":"https:\/\/www.cascinabricchetto.it\/de\/langhe-piemont-wo-wir-sind\/walls-montelupo-albese-tale-wolf\/#primaryimage"},"thumbnailUrl":"https:\/\/www.cascinabricchetto.it\/wp-content\/uploads\/2023\/11\/IMG.jpg","datePublished":"2015-02-06T11:41:56+00:00","dateModified":"2024-01-07T22:24:29+00:00","breadcrumb":{"@id":"https:\/\/www.cascinabricchetto.it\/de\/langhe-piemont-wo-wir-sind\/walls-montelupo-albese-tale-wolf\/#breadcrumb"},"inLanguage":"de","potentialAction":[{"@type":"ReadAction","target":["https:\/\/www.cascinabricchetto.it\/de\/langhe-piemont-wo-wir-sind\/walls-montelupo-albese-tale-wolf\/"]}]},{"@type":"ImageObject","inLanguage":"de","@id":"https:\/\/www.cascinabricchetto.it\/de\/langhe-piemont-wo-wir-sind\/walls-montelupo-albese-tale-wolf\/#primaryimage","url":"https:\/\/www.cascinabricchetto.it\/wp-content\/uploads\/2023\/11\/IMG.jpg","contentUrl":"https:\/\/www.cascinabricchetto.it\/wp-content\/uploads\/2023\/11\/IMG.jpg"},{"@type":"BreadcrumbList","@id":"https:\/\/www.cascinabricchetto.it\/de\/langhe-piemont-wo-wir-sind\/walls-montelupo-albese-tale-wolf\/#breadcrumb","itemListElement":[{"@type":"ListItem","position":1,"name":"Home","item":"https:\/\/www.cascinabricchetto.it\/de\/"},{"@type":"ListItem","position":2,"name":"Langhe, wo wir sind","item":"https:\/\/www.cascinabricchetto.it\/de\/langhe-piedmont-where-we-are\/"},{"@type":"ListItem","position":3,"name":"Wandbilder in Montelupo Albese: Die M\u00e4rchen vom Wolf"}]},{"@type":"WebSite","@id":"https:\/\/www.cascinabricchetto.it\/de\/#website","url":"https:\/\/www.cascinabricchetto.it\/de\/","name":"Cascina Bricchetto","description":"","potentialAction":[{"@type":"SearchAction","target":{"@type":"EntryPoint","urlTemplate":"https:\/\/www.cascinabricchetto.it\/de\/?s={search_term_string}"},"query-input":{"@type":"PropertyValueSpecification","valueRequired":true,"valueName":"search_term_string"}}],"inLanguage":"de"}]}},"_links":{"self":[{"href":"https:\/\/www.cascinabricchetto.it\/de\/wp-json\/wp\/v2\/pages\/2864","targetHints":{"allow":["GET"]}}],"collection":[{"href":"https:\/\/www.cascinabricchetto.it\/de\/wp-json\/wp\/v2\/pages"}],"about":[{"href":"https:\/\/www.cascinabricchetto.it\/de\/wp-json\/wp\/v2\/types\/page"}],"author":[{"embeddable":true,"href":"https:\/\/www.cascinabricchetto.it\/de\/wp-json\/wp\/v2\/users\/1"}],"replies":[{"embeddable":true,"href":"https:\/\/www.cascinabricchetto.it\/de\/wp-json\/wp\/v2\/comments?post=2864"}],"version-history":[{"count":1,"href":"https:\/\/www.cascinabricchetto.it\/de\/wp-json\/wp\/v2\/pages\/2864\/revisions"}],"predecessor-version":[{"id":26774,"href":"https:\/\/www.cascinabricchetto.it\/de\/wp-json\/wp\/v2\/pages\/2864\/revisions\/26774"}],"up":[{"embeddable":true,"href":"https:\/\/www.cascinabricchetto.it\/de\/wp-json\/wp\/v2\/pages\/2652"}],"wp:attachment":[{"href":"https:\/\/www.cascinabricchetto.it\/de\/wp-json\/wp\/v2\/media?parent=2864"}],"curies":[{"name":"wp","href":"https:\/\/api.w.org\/{rel}","templated":true}]}}