{"id":2761,"date":"2014-08-23T16:09:30","date_gmt":"2014-08-23T14:09:30","guid":{"rendered":"http:\/\/www.cascinabricchetto.it\/?page_id=2761"},"modified":"2024-01-07T23:17:35","modified_gmt":"2024-01-07T22:17:35","slug":"langhe-monferrato-und-roero-welterbe-der-menschheit","status":"publish","type":"page","link":"https:\/\/www.cascinabricchetto.it\/de\/langhe-piemont-wo-wir-sind\/langhe-monferrato-und-roero-welterbe-der-menschheit\/","title":{"rendered":"Langhe, Monferrato und Roero \u00a0\u201eWelterbe der Menschheit\u201c"},"content":{"rendered":"<p class=\"p1\">Die Anerkennung der <strong>UNESCO<\/strong> weist auf die kontinuierliche Tradition dieses Weinbaugebiets hin (etwa 50 km), das von Natur aus voller Besonderheiten ist; die Anbaumethoden, erzeugten Weine, Landschaft und Architektur, Traditionen und Gastronomie, Kultur, religi\u00f6sen und weltlichen Veranstaltungen sind in den verschiedenen Teilgebiete immer wieder anders \u2026<\/p>\n<p class=\"p1\">Daher schlagen wir unseren G\u00e4sten vor, sich das Monferrato und den Roero anzuschauen, und zwar wie folgt:<\/p>\n<h4 class=\"p1\">Ein Tag im Monferrato:<\/h4>\n<p class=\"p1\">Besuch einer mittelalterlichen Burg, Spaziergang durch die Weinberge und Degustation der typischen Weine der Gegend (im Beisein des Produzenten) in zwei verschiedenen Kellereien, mit besonderem Schwergewicht auf den Barbera d\u2019Asti, Mittagessen im Restaurant (nat\u00fcrlich typische K\u00fcche).<\/p>\n<h4 class=\"p1\">Ein Tag im Roero:<\/h4>\n<p class=\"p1\">Ein Naturkundef\u00fchrer f\u00fchrt Sie (zu Fu\u00df) \u00fcber einen oder mehrere Lehrpfade im Umweltmuseum \u201eEcomuseo delle Rocche\u201c<\/p>\n<blockquote>\n<p class=\"p1\">ECOMUSEO DELLE ROCCHE DEL ROERO Zu dem Freilichtmuseum geh\u00f6ren die acht Gemeinden, die nach dem Jahr Tausend auf der Verwerfung der \u201eRocche\u201c entstanden. Ein einzigartiges, von Cisterna bis nach Pocapaglia reichendes Gebiet, bestehend aus kleinen, auf dem H\u00fcgelgrat \u201eklebenden\u201c Ortschaften. Mit einer sehr interessanten Flora, die in trockenen Mikroklimata und gleich daneben in extrem feuchten Gebieten gedeiht. <span class=\"s1\"><br \/>\n<\/span>\u201eLe Rocche\u201c sind ein geologisches Erosionsph\u00e4nomen, das den zentralen Teil des Roero charakterisiert und aus einige hundert Meter tief steil abfallenden Felsformationen besteht.<\/p>\n<\/blockquote>\n<p class=\"p1\">Reichhaltige Zwischenmahlzeit auf dem Bauernhof, Besuch einer Kellerei mit Degustation (im Beisein des Produzenten) der typischen Weine des Territoriums mit besonderem Schwergewicht auf den Arneis.<\/p>\n<p class=\"p1\">\u00a0Der Tag kann auch, ganz nach dem Interesse der Teilnehmer, mit verschiedenen Inhalten gestaltet werden, zum Beispiel kann man einen Besuch in einer wichtigen Ortschaft in der Gegend einplanen, an einem bestimmten Anlass teilnehmen oder ein Museum besichtigen.<\/p>\n","protected":false},"excerpt":{"rendered":"<p>Die Anerkennung der UNESCO weist auf die kontinuierliche Tradition dieses Weinbaugebiets hin (etwa 50 km), das von Natur aus voller Besonderheiten ist; die Anbaumethoden, erzeugten Weine, Landschaft und Architektur, Traditionen&#8230;<\/p>\n","protected":false},"author":1,"featured_media":24090,"parent":2652,"menu_order":0,"comment_status":"open","ping_status":"open","template":"","meta":{"footnotes":""},"class_list":["post-2761","page","type-page","status-publish","has-post-thumbnail"],"yoast_head":"<!-- This site is optimized with the Yoast SEO plugin v23.9 - https:\/\/yoast.com\/wordpress\/plugins\/seo\/ -->\n<title>Langhe, Monferrato und Roero \u00a0\u201eWelterbe der Menschheit\u201c - Cascina Bricchetto<\/title>\n<meta name=\"robots\" content=\"index, follow, max-snippet:-1, max-image-preview:large, max-video-preview:-1\" \/>\n<link rel=\"canonical\" href=\"https:\/\/www.cascinabricchetto.it\/de\/langhe-piemont-wo-wir-sind\/langhe-monferrato-und-roero-welterbe-der-menschheit\/\" \/>\n<meta property=\"og:locale\" content=\"de_DE\" \/>\n<meta property=\"og:type\" content=\"article\" \/>\n<meta property=\"og:title\" content=\"Langhe, Monferrato und Roero \u00a0\u201eWelterbe der Menschheit\u201c - Cascina Bricchetto\" \/>\n<meta property=\"og:description\" content=\"Die Anerkennung der UNESCO weist auf die kontinuierliche Tradition dieses Weinbaugebiets hin (etwa 50 km), das von Natur aus voller Besonderheiten ist; die Anbaumethoden, erzeugten Weine, Landschaft und Architektur, Traditionen...\" \/>\n<meta property=\"og:url\" content=\"https:\/\/www.cascinabricchetto.it\/de\/langhe-piemont-wo-wir-sind\/langhe-monferrato-und-roero-welterbe-der-menschheit\/\" \/>\n<meta property=\"og:site_name\" content=\"Cascina Bricchetto\" \/>\n<meta property=\"article:modified_time\" content=\"2024-01-07T22:17:35+00:00\" \/>\n<meta property=\"og:image\" content=\"https:\/\/www.cascinabricchetto.it\/wp-content\/uploads\/2023\/11\/5830428870_b6d789c4b8_o-21.jpg\" \/>\n\t<meta property=\"og:image:width\" content=\"1280\" \/>\n\t<meta property=\"og:image:height\" content=\"644\" \/>\n\t<meta property=\"og:image:type\" content=\"image\/jpeg\" \/>\n<meta name=\"twitter:card\" content=\"summary_large_image\" \/>\n<meta name=\"twitter:label1\" content=\"Gesch\u00e4tzte Lesezeit\" \/>\n\t<meta name=\"twitter:data1\" content=\"1\u00a0Minute\" \/>\n<script type=\"application\/ld+json\" class=\"yoast-schema-graph\">{\"@context\":\"https:\/\/schema.org\",\"@graph\":[{\"@type\":\"WebPage\",\"@id\":\"https:\/\/www.cascinabricchetto.it\/de\/langhe-piemont-wo-wir-sind\/langhe-monferrato-und-roero-welterbe-der-menschheit\/\",\"url\":\"https:\/\/www.cascinabricchetto.it\/de\/langhe-piemont-wo-wir-sind\/langhe-monferrato-und-roero-welterbe-der-menschheit\/\",\"name\":\"Langhe, Monferrato und Roero \u00a0\u201eWelterbe der Menschheit\u201c - Cascina Bricchetto\",\"isPartOf\":{\"@id\":\"https:\/\/www.cascinabricchetto.it\/de\/#website\"},\"primaryImageOfPage\":{\"@id\":\"https:\/\/www.cascinabricchetto.it\/de\/langhe-piemont-wo-wir-sind\/langhe-monferrato-und-roero-welterbe-der-menschheit\/#primaryimage\"},\"image\":{\"@id\":\"https:\/\/www.cascinabricchetto.it\/de\/langhe-piemont-wo-wir-sind\/langhe-monferrato-und-roero-welterbe-der-menschheit\/#primaryimage\"},\"thumbnailUrl\":\"https:\/\/www.cascinabricchetto.it\/wp-content\/uploads\/2023\/11\/5830428870_b6d789c4b8_o-21.jpg\",\"datePublished\":\"2014-08-23T14:09:30+00:00\",\"dateModified\":\"2024-01-07T22:17:35+00:00\",\"breadcrumb\":{\"@id\":\"https:\/\/www.cascinabricchetto.it\/de\/langhe-piemont-wo-wir-sind\/langhe-monferrato-und-roero-welterbe-der-menschheit\/#breadcrumb\"},\"inLanguage\":\"de\",\"potentialAction\":[{\"@type\":\"ReadAction\",\"target\":[\"https:\/\/www.cascinabricchetto.it\/de\/langhe-piemont-wo-wir-sind\/langhe-monferrato-und-roero-welterbe-der-menschheit\/\"]}]},{\"@type\":\"ImageObject\",\"inLanguage\":\"de\",\"@id\":\"https:\/\/www.cascinabricchetto.it\/de\/langhe-piemont-wo-wir-sind\/langhe-monferrato-und-roero-welterbe-der-menschheit\/#primaryimage\",\"url\":\"https:\/\/www.cascinabricchetto.it\/wp-content\/uploads\/2023\/11\/5830428870_b6d789c4b8_o-21.jpg\",\"contentUrl\":\"https:\/\/www.cascinabricchetto.it\/wp-content\/uploads\/2023\/11\/5830428870_b6d789c4b8_o-21.jpg\",\"width\":1280,\"height\":644},{\"@type\":\"BreadcrumbList\",\"@id\":\"https:\/\/www.cascinabricchetto.it\/de\/langhe-piemont-wo-wir-sind\/langhe-monferrato-und-roero-welterbe-der-menschheit\/#breadcrumb\",\"itemListElement\":[{\"@type\":\"ListItem\",\"position\":1,\"name\":\"Home\",\"item\":\"https:\/\/www.cascinabricchetto.it\/de\/\"},{\"@type\":\"ListItem\",\"position\":2,\"name\":\"Langhe, wo wir sind\",\"item\":\"https:\/\/www.cascinabricchetto.it\/de\/langhe-piedmont-where-we-are\/\"},{\"@type\":\"ListItem\",\"position\":3,\"name\":\"Langhe, Monferrato und Roero \u00a0\u201eWelterbe der Menschheit\u201c\"}]},{\"@type\":\"WebSite\",\"@id\":\"https:\/\/www.cascinabricchetto.it\/de\/#website\",\"url\":\"https:\/\/www.cascinabricchetto.it\/de\/\",\"name\":\"Cascina Bricchetto\",\"description\":\"\",\"potentialAction\":[{\"@type\":\"SearchAction\",\"target\":{\"@type\":\"EntryPoint\",\"urlTemplate\":\"https:\/\/www.cascinabricchetto.it\/de\/?s={search_term_string}\"},\"query-input\":{\"@type\":\"PropertyValueSpecification\",\"valueRequired\":true,\"valueName\":\"search_term_string\"}}],\"inLanguage\":\"de\"}]}<\/script>\n<!-- \/ Yoast SEO plugin. -->","yoast_head_json":{"title":"Langhe, Monferrato und Roero \u00a0\u201eWelterbe der Menschheit\u201c - Cascina Bricchetto","robots":{"index":"index","follow":"follow","max-snippet":"max-snippet:-1","max-image-preview":"max-image-preview:large","max-video-preview":"max-video-preview:-1"},"canonical":"https:\/\/www.cascinabricchetto.it\/de\/langhe-piemont-wo-wir-sind\/langhe-monferrato-und-roero-welterbe-der-menschheit\/","og_locale":"de_DE","og_type":"article","og_title":"Langhe, Monferrato und Roero \u00a0\u201eWelterbe der Menschheit\u201c - Cascina Bricchetto","og_description":"Die Anerkennung der UNESCO weist auf die kontinuierliche Tradition dieses Weinbaugebiets hin (etwa 50 km), das von Natur aus voller Besonderheiten ist; die Anbaumethoden, erzeugten Weine, Landschaft und Architektur, Traditionen...","og_url":"https:\/\/www.cascinabricchetto.it\/de\/langhe-piemont-wo-wir-sind\/langhe-monferrato-und-roero-welterbe-der-menschheit\/","og_site_name":"Cascina Bricchetto","article_modified_time":"2024-01-07T22:17:35+00:00","og_image":[{"width":1280,"height":644,"url":"https:\/\/www.cascinabricchetto.it\/wp-content\/uploads\/2023\/11\/5830428870_b6d789c4b8_o-21.jpg","type":"image\/jpeg"}],"twitter_card":"summary_large_image","twitter_misc":{"Gesch\u00e4tzte Lesezeit":"1\u00a0Minute"},"schema":{"@context":"https:\/\/schema.org","@graph":[{"@type":"WebPage","@id":"https:\/\/www.cascinabricchetto.it\/de\/langhe-piemont-wo-wir-sind\/langhe-monferrato-und-roero-welterbe-der-menschheit\/","url":"https:\/\/www.cascinabricchetto.it\/de\/langhe-piemont-wo-wir-sind\/langhe-monferrato-und-roero-welterbe-der-menschheit\/","name":"Langhe, Monferrato und Roero \u00a0\u201eWelterbe der Menschheit\u201c - Cascina Bricchetto","isPartOf":{"@id":"https:\/\/www.cascinabricchetto.it\/de\/#website"},"primaryImageOfPage":{"@id":"https:\/\/www.cascinabricchetto.it\/de\/langhe-piemont-wo-wir-sind\/langhe-monferrato-und-roero-welterbe-der-menschheit\/#primaryimage"},"image":{"@id":"https:\/\/www.cascinabricchetto.it\/de\/langhe-piemont-wo-wir-sind\/langhe-monferrato-und-roero-welterbe-der-menschheit\/#primaryimage"},"thumbnailUrl":"https:\/\/www.cascinabricchetto.it\/wp-content\/uploads\/2023\/11\/5830428870_b6d789c4b8_o-21.jpg","datePublished":"2014-08-23T14:09:30+00:00","dateModified":"2024-01-07T22:17:35+00:00","breadcrumb":{"@id":"https:\/\/www.cascinabricchetto.it\/de\/langhe-piemont-wo-wir-sind\/langhe-monferrato-und-roero-welterbe-der-menschheit\/#breadcrumb"},"inLanguage":"de","potentialAction":[{"@type":"ReadAction","target":["https:\/\/www.cascinabricchetto.it\/de\/langhe-piemont-wo-wir-sind\/langhe-monferrato-und-roero-welterbe-der-menschheit\/"]}]},{"@type":"ImageObject","inLanguage":"de","@id":"https:\/\/www.cascinabricchetto.it\/de\/langhe-piemont-wo-wir-sind\/langhe-monferrato-und-roero-welterbe-der-menschheit\/#primaryimage","url":"https:\/\/www.cascinabricchetto.it\/wp-content\/uploads\/2023\/11\/5830428870_b6d789c4b8_o-21.jpg","contentUrl":"https:\/\/www.cascinabricchetto.it\/wp-content\/uploads\/2023\/11\/5830428870_b6d789c4b8_o-21.jpg","width":1280,"height":644},{"@type":"BreadcrumbList","@id":"https:\/\/www.cascinabricchetto.it\/de\/langhe-piemont-wo-wir-sind\/langhe-monferrato-und-roero-welterbe-der-menschheit\/#breadcrumb","itemListElement":[{"@type":"ListItem","position":1,"name":"Home","item":"https:\/\/www.cascinabricchetto.it\/de\/"},{"@type":"ListItem","position":2,"name":"Langhe, wo wir sind","item":"https:\/\/www.cascinabricchetto.it\/de\/langhe-piedmont-where-we-are\/"},{"@type":"ListItem","position":3,"name":"Langhe, Monferrato und Roero \u00a0\u201eWelterbe der Menschheit\u201c"}]},{"@type":"WebSite","@id":"https:\/\/www.cascinabricchetto.it\/de\/#website","url":"https:\/\/www.cascinabricchetto.it\/de\/","name":"Cascina Bricchetto","description":"","potentialAction":[{"@type":"SearchAction","target":{"@type":"EntryPoint","urlTemplate":"https:\/\/www.cascinabricchetto.it\/de\/?s={search_term_string}"},"query-input":{"@type":"PropertyValueSpecification","valueRequired":true,"valueName":"search_term_string"}}],"inLanguage":"de"}]}},"_links":{"self":[{"href":"https:\/\/www.cascinabricchetto.it\/de\/wp-json\/wp\/v2\/pages\/2761","targetHints":{"allow":["GET"]}}],"collection":[{"href":"https:\/\/www.cascinabricchetto.it\/de\/wp-json\/wp\/v2\/pages"}],"about":[{"href":"https:\/\/www.cascinabricchetto.it\/de\/wp-json\/wp\/v2\/types\/page"}],"author":[{"embeddable":true,"href":"https:\/\/www.cascinabricchetto.it\/de\/wp-json\/wp\/v2\/users\/1"}],"replies":[{"embeddable":true,"href":"https:\/\/www.cascinabricchetto.it\/de\/wp-json\/wp\/v2\/comments?post=2761"}],"version-history":[{"count":1,"href":"https:\/\/www.cascinabricchetto.it\/de\/wp-json\/wp\/v2\/pages\/2761\/revisions"}],"predecessor-version":[{"id":26776,"href":"https:\/\/www.cascinabricchetto.it\/de\/wp-json\/wp\/v2\/pages\/2761\/revisions\/26776"}],"up":[{"embeddable":true,"href":"https:\/\/www.cascinabricchetto.it\/de\/wp-json\/wp\/v2\/pages\/2652"}],"wp:featuredmedia":[{"embeddable":true,"href":"https:\/\/www.cascinabricchetto.it\/de\/wp-json\/wp\/v2\/media\/24090"}],"wp:attachment":[{"href":"https:\/\/www.cascinabricchetto.it\/de\/wp-json\/wp\/v2\/media?parent=2761"}],"curies":[{"name":"wp","href":"https:\/\/api.w.org\/{rel}","templated":true}]}}