{"id":2744,"date":"2014-08-23T15:49:27","date_gmt":"2014-08-23T13:49:27","guid":{"rendered":"http:\/\/www.cascinabricchetto.it\/?page_id=2744"},"modified":"2024-01-07T23:17:36","modified_gmt":"2024-01-07T22:17:36","slug":"landschaften-ausfluge-und-flora","status":"publish","type":"page","link":"https:\/\/www.cascinabricchetto.it\/de\/langhe-piemont-wo-wir-sind\/landschaften-ausfluge-und-flora\/","title":{"rendered":"Landschaften, Ausfl\u00fcge und Flora"},"content":{"rendered":"<p class=\"p1\">Wer in die Langhe und in den Roero reist, kommt fast immer aus Neugier auf die traditionelle Ess- und Trinkkultur (gro\u00dfe Weine, Tr\u00fcffel, ber\u00fchmte Rezepte und unverwechselbare Gen\u00fcsse) und ist jeweils \u00fcberrascht \u00fcber die atemberaubenden Panoramen und Aussichten auf unverf\u00e4lschte Landschaften, denen die Zeit nichts anhaben konnte\u2026<\/p>\n<p class=\"p2\">Hier einige Vorschl\u00e4ge, um dem verdienten Ruf ein paar neue, lohnenswerte Aspekte hinzuzuf\u00fcgen.<\/p>\n<h3 class=\"p1\"><b>Romantische Stra\u00dfe durch die Langhe und den Roero<\/b><\/h3>\n<p class=\"p1\">Eine \u201ephysische und emotionale\u201c Reise durch das Gebiet der Langhe und des Roero zwischen Vergangenheit und Gegenwart, Landschaften und literarischen Suggestionen.<\/p>\n<p class=\"p1\">Reiseroute:<\/p>\n<p class=\"p1\">Vezza d\u2019Alba, \u00a0Magliano Alfieri, Neive, Treiso, Trezzo Tinella, Benevello, Sinio, Cissone, Murazzano, Mombarcaro und Camerana; 11 Etappen, 30 Naturausfl\u00fcge, 130 km Panoramastra\u00dfen und 300 literarische Anst\u00f6\u00dfe.<\/p>\n<p class=\"p1\">Mit dem Auto oder zu Fu\u00df, ganz oder nur st\u00fcckweise, mit Aufenthalten an den Aussichtspunkten oder in den W\u00e4ldern, in Begleitung von Beppe Fenoglio oder Cesare Pavese oder Davide Lajolo\u2026<\/p>\n<h3 class=\"p1\"><b>Wege, Flora, sensorische Erfahrungen<\/b><\/h3>\n<p class=\"p1\">Erst einmal ein Treffen mit dem Naturkundef\u00fchrer, um die Charakteristiken \u201eIhres Wegs\u201c festzulegen (von der Dauer des Ausflugs bis zur n\u00f6tigen Ausr\u00fcstung). Dann die Auswahl der Tour, der Pausen und der speziellen sensorischen Erfahrungen des gew\u00e4hlten Weges oder der Jahreszeit.<\/p>\n<p class=\"p1\">Die Bestimmung der verschiedenen botanischen Arten und ihrer Eigenschaften ist ein wichtiger Bestandteil des Erlebnisses. Mit etwas Gl\u00fcck kann man auch Wild sehen, zum Beispiel Damhirsche, Eichh\u00f6rnchen oder F\u00fcchse&#8230;<\/p>\n","protected":false},"excerpt":{"rendered":"<p>Wer in die Langhe und in den Roero reist, kommt fast immer aus Neugier auf die traditionelle Ess- und Trinkkultur (gro\u00dfe Weine, Tr\u00fcffel, ber\u00fchmte Rezepte und unverwechselbare Gen\u00fcsse) und ist&#8230;<\/p>\n","protected":false},"author":1,"featured_media":24746,"parent":2652,"menu_order":0,"comment_status":"closed","ping_status":"closed","template":"","meta":{"footnotes":""},"class_list":["post-2744","page","type-page","status-publish","has-post-thumbnail"],"yoast_head":"<!-- This site is optimized with the Yoast SEO plugin v23.9 - https:\/\/yoast.com\/wordpress\/plugins\/seo\/ -->\n<title>Landschaften, Ausfl\u00fcge und Flora - Cascina Bricchetto<\/title>\n<meta name=\"robots\" content=\"index, follow, max-snippet:-1, max-image-preview:large, max-video-preview:-1\" \/>\n<link rel=\"canonical\" href=\"https:\/\/www.cascinabricchetto.it\/de\/langhe-piemont-wo-wir-sind\/landschaften-ausfluge-und-flora\/\" \/>\n<meta property=\"og:locale\" content=\"de_DE\" \/>\n<meta property=\"og:type\" content=\"article\" \/>\n<meta property=\"og:title\" content=\"Landschaften, Ausfl\u00fcge und Flora - Cascina Bricchetto\" \/>\n<meta property=\"og:description\" content=\"Wer in die Langhe und in den Roero reist, kommt fast immer aus Neugier auf die traditionelle Ess- und Trinkkultur (gro\u00dfe Weine, Tr\u00fcffel, ber\u00fchmte Rezepte und unverwechselbare Gen\u00fcsse) und ist...\" \/>\n<meta property=\"og:url\" content=\"https:\/\/www.cascinabricchetto.it\/de\/langhe-piemont-wo-wir-sind\/landschaften-ausfluge-und-flora\/\" \/>\n<meta property=\"og:site_name\" content=\"Cascina Bricchetto\" \/>\n<meta property=\"article:modified_time\" content=\"2024-01-07T22:17:36+00:00\" \/>\n<meta property=\"og:image\" content=\"https:\/\/www.cascinabricchetto.it\/wp-content\/uploads\/2023\/11\/DSCF1107-Acacia-in-fiore-2.jpg\" \/>\n\t<meta property=\"og:image:width\" content=\"1280\" \/>\n\t<meta property=\"og:image:height\" content=\"493\" \/>\n\t<meta property=\"og:image:type\" content=\"image\/jpeg\" \/>\n<meta name=\"twitter:card\" content=\"summary_large_image\" \/>\n<meta name=\"twitter:label1\" content=\"Gesch\u00e4tzte Lesezeit\" \/>\n\t<meta name=\"twitter:data1\" content=\"1\u00a0Minute\" \/>\n<script type=\"application\/ld+json\" class=\"yoast-schema-graph\">{\"@context\":\"https:\/\/schema.org\",\"@graph\":[{\"@type\":\"WebPage\",\"@id\":\"https:\/\/www.cascinabricchetto.it\/de\/langhe-piemont-wo-wir-sind\/landschaften-ausfluge-und-flora\/\",\"url\":\"https:\/\/www.cascinabricchetto.it\/de\/langhe-piemont-wo-wir-sind\/landschaften-ausfluge-und-flora\/\",\"name\":\"Landschaften, Ausfl\u00fcge und Flora - Cascina Bricchetto\",\"isPartOf\":{\"@id\":\"https:\/\/www.cascinabricchetto.it\/de\/#website\"},\"primaryImageOfPage\":{\"@id\":\"https:\/\/www.cascinabricchetto.it\/de\/langhe-piemont-wo-wir-sind\/landschaften-ausfluge-und-flora\/#primaryimage\"},\"image\":{\"@id\":\"https:\/\/www.cascinabricchetto.it\/de\/langhe-piemont-wo-wir-sind\/landschaften-ausfluge-und-flora\/#primaryimage\"},\"thumbnailUrl\":\"https:\/\/www.cascinabricchetto.it\/wp-content\/uploads\/2023\/11\/DSCF1107-Acacia-in-fiore-2.jpg\",\"datePublished\":\"2014-08-23T13:49:27+00:00\",\"dateModified\":\"2024-01-07T22:17:36+00:00\",\"breadcrumb\":{\"@id\":\"https:\/\/www.cascinabricchetto.it\/de\/langhe-piemont-wo-wir-sind\/landschaften-ausfluge-und-flora\/#breadcrumb\"},\"inLanguage\":\"de\",\"potentialAction\":[{\"@type\":\"ReadAction\",\"target\":[\"https:\/\/www.cascinabricchetto.it\/de\/langhe-piemont-wo-wir-sind\/landschaften-ausfluge-und-flora\/\"]}]},{\"@type\":\"ImageObject\",\"inLanguage\":\"de\",\"@id\":\"https:\/\/www.cascinabricchetto.it\/de\/langhe-piemont-wo-wir-sind\/landschaften-ausfluge-und-flora\/#primaryimage\",\"url\":\"https:\/\/www.cascinabricchetto.it\/wp-content\/uploads\/2023\/11\/DSCF1107-Acacia-in-fiore-2.jpg\",\"contentUrl\":\"https:\/\/www.cascinabricchetto.it\/wp-content\/uploads\/2023\/11\/DSCF1107-Acacia-in-fiore-2.jpg\",\"width\":1280,\"height\":493},{\"@type\":\"BreadcrumbList\",\"@id\":\"https:\/\/www.cascinabricchetto.it\/de\/langhe-piemont-wo-wir-sind\/landschaften-ausfluge-und-flora\/#breadcrumb\",\"itemListElement\":[{\"@type\":\"ListItem\",\"position\":1,\"name\":\"Home\",\"item\":\"https:\/\/www.cascinabricchetto.it\/de\/\"},{\"@type\":\"ListItem\",\"position\":2,\"name\":\"Langhe, wo wir sind\",\"item\":\"https:\/\/www.cascinabricchetto.it\/de\/langhe-piedmont-where-we-are\/\"},{\"@type\":\"ListItem\",\"position\":3,\"name\":\"Landschaften, Ausfl\u00fcge und Flora\"}]},{\"@type\":\"WebSite\",\"@id\":\"https:\/\/www.cascinabricchetto.it\/de\/#website\",\"url\":\"https:\/\/www.cascinabricchetto.it\/de\/\",\"name\":\"Cascina Bricchetto\",\"description\":\"\",\"potentialAction\":[{\"@type\":\"SearchAction\",\"target\":{\"@type\":\"EntryPoint\",\"urlTemplate\":\"https:\/\/www.cascinabricchetto.it\/de\/?s={search_term_string}\"},\"query-input\":{\"@type\":\"PropertyValueSpecification\",\"valueRequired\":true,\"valueName\":\"search_term_string\"}}],\"inLanguage\":\"de\"}]}<\/script>\n<!-- \/ Yoast SEO plugin. -->","yoast_head_json":{"title":"Landschaften, Ausfl\u00fcge und Flora - Cascina Bricchetto","robots":{"index":"index","follow":"follow","max-snippet":"max-snippet:-1","max-image-preview":"max-image-preview:large","max-video-preview":"max-video-preview:-1"},"canonical":"https:\/\/www.cascinabricchetto.it\/de\/langhe-piemont-wo-wir-sind\/landschaften-ausfluge-und-flora\/","og_locale":"de_DE","og_type":"article","og_title":"Landschaften, Ausfl\u00fcge und Flora - Cascina Bricchetto","og_description":"Wer in die Langhe und in den Roero reist, kommt fast immer aus Neugier auf die traditionelle Ess- und Trinkkultur (gro\u00dfe Weine, Tr\u00fcffel, ber\u00fchmte Rezepte und unverwechselbare Gen\u00fcsse) und ist...","og_url":"https:\/\/www.cascinabricchetto.it\/de\/langhe-piemont-wo-wir-sind\/landschaften-ausfluge-und-flora\/","og_site_name":"Cascina Bricchetto","article_modified_time":"2024-01-07T22:17:36+00:00","og_image":[{"width":1280,"height":493,"url":"https:\/\/www.cascinabricchetto.it\/wp-content\/uploads\/2023\/11\/DSCF1107-Acacia-in-fiore-2.jpg","type":"image\/jpeg"}],"twitter_card":"summary_large_image","twitter_misc":{"Gesch\u00e4tzte Lesezeit":"1\u00a0Minute"},"schema":{"@context":"https:\/\/schema.org","@graph":[{"@type":"WebPage","@id":"https:\/\/www.cascinabricchetto.it\/de\/langhe-piemont-wo-wir-sind\/landschaften-ausfluge-und-flora\/","url":"https:\/\/www.cascinabricchetto.it\/de\/langhe-piemont-wo-wir-sind\/landschaften-ausfluge-und-flora\/","name":"Landschaften, Ausfl\u00fcge und Flora - Cascina Bricchetto","isPartOf":{"@id":"https:\/\/www.cascinabricchetto.it\/de\/#website"},"primaryImageOfPage":{"@id":"https:\/\/www.cascinabricchetto.it\/de\/langhe-piemont-wo-wir-sind\/landschaften-ausfluge-und-flora\/#primaryimage"},"image":{"@id":"https:\/\/www.cascinabricchetto.it\/de\/langhe-piemont-wo-wir-sind\/landschaften-ausfluge-und-flora\/#primaryimage"},"thumbnailUrl":"https:\/\/www.cascinabricchetto.it\/wp-content\/uploads\/2023\/11\/DSCF1107-Acacia-in-fiore-2.jpg","datePublished":"2014-08-23T13:49:27+00:00","dateModified":"2024-01-07T22:17:36+00:00","breadcrumb":{"@id":"https:\/\/www.cascinabricchetto.it\/de\/langhe-piemont-wo-wir-sind\/landschaften-ausfluge-und-flora\/#breadcrumb"},"inLanguage":"de","potentialAction":[{"@type":"ReadAction","target":["https:\/\/www.cascinabricchetto.it\/de\/langhe-piemont-wo-wir-sind\/landschaften-ausfluge-und-flora\/"]}]},{"@type":"ImageObject","inLanguage":"de","@id":"https:\/\/www.cascinabricchetto.it\/de\/langhe-piemont-wo-wir-sind\/landschaften-ausfluge-und-flora\/#primaryimage","url":"https:\/\/www.cascinabricchetto.it\/wp-content\/uploads\/2023\/11\/DSCF1107-Acacia-in-fiore-2.jpg","contentUrl":"https:\/\/www.cascinabricchetto.it\/wp-content\/uploads\/2023\/11\/DSCF1107-Acacia-in-fiore-2.jpg","width":1280,"height":493},{"@type":"BreadcrumbList","@id":"https:\/\/www.cascinabricchetto.it\/de\/langhe-piemont-wo-wir-sind\/landschaften-ausfluge-und-flora\/#breadcrumb","itemListElement":[{"@type":"ListItem","position":1,"name":"Home","item":"https:\/\/www.cascinabricchetto.it\/de\/"},{"@type":"ListItem","position":2,"name":"Langhe, wo wir sind","item":"https:\/\/www.cascinabricchetto.it\/de\/langhe-piedmont-where-we-are\/"},{"@type":"ListItem","position":3,"name":"Landschaften, Ausfl\u00fcge und Flora"}]},{"@type":"WebSite","@id":"https:\/\/www.cascinabricchetto.it\/de\/#website","url":"https:\/\/www.cascinabricchetto.it\/de\/","name":"Cascina Bricchetto","description":"","potentialAction":[{"@type":"SearchAction","target":{"@type":"EntryPoint","urlTemplate":"https:\/\/www.cascinabricchetto.it\/de\/?s={search_term_string}"},"query-input":{"@type":"PropertyValueSpecification","valueRequired":true,"valueName":"search_term_string"}}],"inLanguage":"de"}]}},"_links":{"self":[{"href":"https:\/\/www.cascinabricchetto.it\/de\/wp-json\/wp\/v2\/pages\/2744","targetHints":{"allow":["GET"]}}],"collection":[{"href":"https:\/\/www.cascinabricchetto.it\/de\/wp-json\/wp\/v2\/pages"}],"about":[{"href":"https:\/\/www.cascinabricchetto.it\/de\/wp-json\/wp\/v2\/types\/page"}],"author":[{"embeddable":true,"href":"https:\/\/www.cascinabricchetto.it\/de\/wp-json\/wp\/v2\/users\/1"}],"replies":[{"embeddable":true,"href":"https:\/\/www.cascinabricchetto.it\/de\/wp-json\/wp\/v2\/comments?post=2744"}],"version-history":[{"count":1,"href":"https:\/\/www.cascinabricchetto.it\/de\/wp-json\/wp\/v2\/pages\/2744\/revisions"}],"predecessor-version":[{"id":26777,"href":"https:\/\/www.cascinabricchetto.it\/de\/wp-json\/wp\/v2\/pages\/2744\/revisions\/26777"}],"up":[{"embeddable":true,"href":"https:\/\/www.cascinabricchetto.it\/de\/wp-json\/wp\/v2\/pages\/2652"}],"wp:featuredmedia":[{"embeddable":true,"href":"https:\/\/www.cascinabricchetto.it\/de\/wp-json\/wp\/v2\/media\/24746"}],"wp:attachment":[{"href":"https:\/\/www.cascinabricchetto.it\/de\/wp-json\/wp\/v2\/media?parent=2744"}],"curies":[{"name":"wp","href":"https:\/\/api.w.org\/{rel}","templated":true}]}}