{"id":2728,"date":"2014-08-23T13:07:50","date_gmt":"2014-08-23T11:07:50","guid":{"rendered":"http:\/\/www.cascinabricchetto.it\/?page_id=2728"},"modified":"2024-06-02T13:51:20","modified_gmt":"2024-06-02T11:51:20","slug":"kunst-in-den-langhe","status":"publish","type":"page","link":"https:\/\/www.cascinabricchetto.it\/de\/langhe-piemont-wo-wir-sind\/kunst-in-den-langhe\/","title":{"rendered":"Kunst in den Langhe"},"content":{"rendered":"\n<h4 class=\"wp-block-heading\"><i>Museo al cielo aperto (Freilichtmuseum)<\/i> <i>Recycling-Kunst aus Dingen unserer Vergangenheit<\/i><\/h4>\n\n\n\n<p>Camo ist ein kleines Dorf auf einem H\u00fcgel hoch \u00fcber dem Belbo-Tal. Es z\u00e4hlt knapp \u00fcber zweihundert Seelen. Die G\u00e4ste bewunderten die herrliche Aussicht sowohl tags\u00fcber als auch in der Nacht und kamen zahlreich zum Fest des Dorfpatrons, angezogen vom Duft der \u201eFriciule\u201c (Krapfen). Im Mai 2013 reist man an, um eine Dauerausstellung f\u00fcr moderne Kunst zu besichtigen, die in einem so kleinen Kontext unvorstellbar ist. Verantwortlich f\u00fcr die Initiativen ist Claudio Lorenzoni aus Turin, der immer wieder nach Camo kommt. Eine Ortsgruppe hilft bei der Unterhaltung des Museums und bei der Realisierung der verschiedenen kulturellen Initiativen, die im Verlauf des Jahres stattfinden (Musik, Literatur usw.).<\/p>\n\n\n\n<p>Das <i>Museo a cielo aperto <\/i>besichtigt man auf einem Rundgang, der von der Provinzstra\u00dfe zur Kirche und zum Rathaus f\u00fchrt. Dort sind Wechselausstellungen zu sehen sowie eine Dauerausstellung der K\u00fcnstlern Ann Stefani, einer Engl\u00e4nderin, die sich vor langer Zeit in Camo niedergelassen hat. &nbsp;Die geduldige Suche und die technische Kompetenz, die Begeisterung und Kreativit\u00e4t der K\u00fcnstlerin haben Alltagsgegenst\u00e4nde &nbsp;aus der Vergangenheit (durch die Betonung der Sch\u00f6nheit der Dinge und des Geschicks der Handwerker, die sie erzeugt hatten) und Teile alter Werkzeuge (von der Kaminkette bis zu den verschiedensten Utensilien) in originelle Kunstwerke verwandelt, die unter dem Titel \u201eRiciclo delle cose del nostro passato\u201c (<i>Recycling der Dinge unserer Vergangenheit<\/i>) ausgestellt sind.<\/p>\n\n\n\n<p><strong>Info<\/strong><br>Rathaus von Camo 0141 840100<\/p>\n\n\n\n<p><strong>Neue Initiativen<\/strong><br><a href=\"https:\/\/www.facebook.com\/museoacieloaperto\">Facebook\/museo a cielo aperto di Camo<\/a><\/p>\n\n\n<div  data-transition=\"slide\" data-overall_style=\"classic\" data-flexible-height=\"\" data-animate-in-effect=\"none\" data-fullscreen=\"false\" data-button-sizing=\"large\" data-button-styling=\"btn_with_count\" data-autorotate=\"3000\" data-parallax=\"false\" data-parallax-disable-mobile=\"\" data-caption-trans=\"fade_in_from_bottom\" data-parallax-style=\"bg_only\" data-bg-animation=\"none\" data-full-width=\"false\" class=\"nectar-slider-wrap \" id=\"nectar-slider-instance-1\"><div class=\"swiper-container\"  data-tho=\"auto\" data-tco=\"auto\" data-pho=\"auto\" data-pco=\"auto\" data-loop=\"true\" data-height=\"650\" data-min-height=\"\" data-arrows=\"false\" data-bullets=\"true\" data-bullet_style=\"scale\" data-bullet_position=\"bottom\" data-desktop-swipe=\"false\" data-settings=\"\"> <div class=\"swiper-wrapper\"><div class=\"swiper-slide\" data-desktop-content-width=\"auto\" data-tablet-content-width=\"auto\" data-bg-alignment=\"center\" data-color-scheme=\"light\" data-x-pos=\"left\" data-y-pos=\"middle\" ><div class=\"slide-bg-wrap\"><div class=\"image-bg\" style=\"background-image: url(https:\/\/www.cascinabricchetto.it\/wp-content\/uploads\/2024\/06\/camoLarge1.jpg);\"> &nbsp; <\/div><\/div><div class=\"video-texture \"> <span class=\"ie-fix\"><\/span> <\/div><\/div> <!--\/swiper-slide--><div class=\"swiper-slide\" data-desktop-content-width=\"auto\" data-tablet-content-width=\"auto\" data-bg-alignment=\"center\" data-color-scheme=\"light\" data-x-pos=\"left\" data-y-pos=\"middle\" ><div class=\"slide-bg-wrap\"><div class=\"image-bg\" style=\"background-image: url(https:\/\/www.cascinabricchetto.it\/wp-content\/uploads\/2023\/11\/5aafd44aa0ff89e9ea697613abb6efa2.jpg);\"> &nbsp; <\/div><\/div><div class=\"video-texture \"> <span class=\"ie-fix\"><\/span> <\/div><\/div> <!--\/swiper-slide--><div class=\"swiper-slide\" data-desktop-content-width=\"auto\" data-tablet-content-width=\"auto\" data-bg-alignment=\"center\" data-color-scheme=\"light\" data-x-pos=\"left\" data-y-pos=\"middle\" ><div class=\"slide-bg-wrap\"><div class=\"image-bg\" style=\"background-image: url(https:\/\/www.cascinabricchetto.it\/wp-content\/uploads\/2023\/11\/camo2d2.jpg);\"> &nbsp; <\/div><\/div><div class=\"video-texture \"> <span class=\"ie-fix\"><\/span> <\/div><\/div> <!--\/swiper-slide--><\/div><div class=\"container normal-container slider-pagination-wrap\"><div class=\"slider-pagination\"><\/div><\/div><div class=\"nectar-slider-loading \"> <span class=\"loading-icon none\">   <\/span> <\/div> <\/div> \n\t\t\t\t\t\n\t\t\t\t\t<\/div>\n","protected":false},"excerpt":{"rendered":"<p>Museo al cielo aperto (Freilichtmuseum) Recycling-Kunst aus Dingen unserer Vergangenheit Camo ist ein kleines Dorf auf einem H\u00fcgel hoch \u00fcber dem Belbo-Tal. Es z\u00e4hlt knapp \u00fcber zweihundert Seelen. Die G\u00e4ste&#8230;<\/p>\n","protected":false},"author":1,"featured_media":0,"parent":2652,"menu_order":0,"comment_status":"open","ping_status":"open","template":"","meta":{"footnotes":""},"class_list":["post-2728","page","type-page","status-publish"],"yoast_head":"<!-- This site is optimized with the Yoast SEO plugin v23.9 - https:\/\/yoast.com\/wordpress\/plugins\/seo\/ -->\n<title>Kunst in den Langhe - Cascina Bricchetto<\/title>\n<meta name=\"robots\" content=\"index, follow, max-snippet:-1, max-image-preview:large, max-video-preview:-1\" \/>\n<link rel=\"canonical\" href=\"https:\/\/www.cascinabricchetto.it\/de\/langhe-piemont-wo-wir-sind\/kunst-in-den-langhe\/\" \/>\n<meta property=\"og:locale\" content=\"de_DE\" \/>\n<meta property=\"og:type\" content=\"article\" \/>\n<meta property=\"og:title\" content=\"Kunst in den Langhe - Cascina Bricchetto\" \/>\n<meta property=\"og:description\" content=\"Museo al cielo aperto (Freilichtmuseum) Recycling-Kunst aus Dingen unserer Vergangenheit Camo ist ein kleines Dorf auf einem H\u00fcgel hoch \u00fcber dem Belbo-Tal. Es z\u00e4hlt knapp \u00fcber zweihundert Seelen. Die G\u00e4ste...\" \/>\n<meta property=\"og:url\" content=\"https:\/\/www.cascinabricchetto.it\/de\/langhe-piemont-wo-wir-sind\/kunst-in-den-langhe\/\" \/>\n<meta property=\"og:site_name\" content=\"Cascina Bricchetto\" \/>\n<meta property=\"article:modified_time\" content=\"2024-06-02T11:51:20+00:00\" \/>\n<meta name=\"twitter:card\" content=\"summary_large_image\" \/>\n<meta name=\"twitter:label1\" content=\"Gesch\u00e4tzte Lesezeit\" \/>\n\t<meta name=\"twitter:data1\" content=\"1\u00a0Minute\" \/>\n<script type=\"application\/ld+json\" class=\"yoast-schema-graph\">{\"@context\":\"https:\/\/schema.org\",\"@graph\":[{\"@type\":\"WebPage\",\"@id\":\"https:\/\/www.cascinabricchetto.it\/de\/langhe-piemont-wo-wir-sind\/kunst-in-den-langhe\/\",\"url\":\"https:\/\/www.cascinabricchetto.it\/de\/langhe-piemont-wo-wir-sind\/kunst-in-den-langhe\/\",\"name\":\"Kunst in den Langhe - Cascina Bricchetto\",\"isPartOf\":{\"@id\":\"https:\/\/www.cascinabricchetto.it\/de\/#website\"},\"datePublished\":\"2014-08-23T11:07:50+00:00\",\"dateModified\":\"2024-06-02T11:51:20+00:00\",\"breadcrumb\":{\"@id\":\"https:\/\/www.cascinabricchetto.it\/de\/langhe-piemont-wo-wir-sind\/kunst-in-den-langhe\/#breadcrumb\"},\"inLanguage\":\"de\",\"potentialAction\":[{\"@type\":\"ReadAction\",\"target\":[\"https:\/\/www.cascinabricchetto.it\/de\/langhe-piemont-wo-wir-sind\/kunst-in-den-langhe\/\"]}]},{\"@type\":\"BreadcrumbList\",\"@id\":\"https:\/\/www.cascinabricchetto.it\/de\/langhe-piemont-wo-wir-sind\/kunst-in-den-langhe\/#breadcrumb\",\"itemListElement\":[{\"@type\":\"ListItem\",\"position\":1,\"name\":\"Home\",\"item\":\"https:\/\/www.cascinabricchetto.it\/de\/\"},{\"@type\":\"ListItem\",\"position\":2,\"name\":\"Langhe, wo wir sind\",\"item\":\"https:\/\/www.cascinabricchetto.it\/de\/langhe-piedmont-where-we-are\/\"},{\"@type\":\"ListItem\",\"position\":3,\"name\":\"Kunst in den Langhe\"}]},{\"@type\":\"WebSite\",\"@id\":\"https:\/\/www.cascinabricchetto.it\/de\/#website\",\"url\":\"https:\/\/www.cascinabricchetto.it\/de\/\",\"name\":\"Cascina Bricchetto\",\"description\":\"\",\"potentialAction\":[{\"@type\":\"SearchAction\",\"target\":{\"@type\":\"EntryPoint\",\"urlTemplate\":\"https:\/\/www.cascinabricchetto.it\/de\/?s={search_term_string}\"},\"query-input\":{\"@type\":\"PropertyValueSpecification\",\"valueRequired\":true,\"valueName\":\"search_term_string\"}}],\"inLanguage\":\"de\"}]}<\/script>\n<!-- \/ Yoast SEO plugin. -->","yoast_head_json":{"title":"Kunst in den Langhe - Cascina Bricchetto","robots":{"index":"index","follow":"follow","max-snippet":"max-snippet:-1","max-image-preview":"max-image-preview:large","max-video-preview":"max-video-preview:-1"},"canonical":"https:\/\/www.cascinabricchetto.it\/de\/langhe-piemont-wo-wir-sind\/kunst-in-den-langhe\/","og_locale":"de_DE","og_type":"article","og_title":"Kunst in den Langhe - Cascina Bricchetto","og_description":"Museo al cielo aperto (Freilichtmuseum) Recycling-Kunst aus Dingen unserer Vergangenheit Camo ist ein kleines Dorf auf einem H\u00fcgel hoch \u00fcber dem Belbo-Tal. Es z\u00e4hlt knapp \u00fcber zweihundert Seelen. Die G\u00e4ste...","og_url":"https:\/\/www.cascinabricchetto.it\/de\/langhe-piemont-wo-wir-sind\/kunst-in-den-langhe\/","og_site_name":"Cascina Bricchetto","article_modified_time":"2024-06-02T11:51:20+00:00","twitter_card":"summary_large_image","twitter_misc":{"Gesch\u00e4tzte Lesezeit":"1\u00a0Minute"},"schema":{"@context":"https:\/\/schema.org","@graph":[{"@type":"WebPage","@id":"https:\/\/www.cascinabricchetto.it\/de\/langhe-piemont-wo-wir-sind\/kunst-in-den-langhe\/","url":"https:\/\/www.cascinabricchetto.it\/de\/langhe-piemont-wo-wir-sind\/kunst-in-den-langhe\/","name":"Kunst in den Langhe - Cascina Bricchetto","isPartOf":{"@id":"https:\/\/www.cascinabricchetto.it\/de\/#website"},"datePublished":"2014-08-23T11:07:50+00:00","dateModified":"2024-06-02T11:51:20+00:00","breadcrumb":{"@id":"https:\/\/www.cascinabricchetto.it\/de\/langhe-piemont-wo-wir-sind\/kunst-in-den-langhe\/#breadcrumb"},"inLanguage":"de","potentialAction":[{"@type":"ReadAction","target":["https:\/\/www.cascinabricchetto.it\/de\/langhe-piemont-wo-wir-sind\/kunst-in-den-langhe\/"]}]},{"@type":"BreadcrumbList","@id":"https:\/\/www.cascinabricchetto.it\/de\/langhe-piemont-wo-wir-sind\/kunst-in-den-langhe\/#breadcrumb","itemListElement":[{"@type":"ListItem","position":1,"name":"Home","item":"https:\/\/www.cascinabricchetto.it\/de\/"},{"@type":"ListItem","position":2,"name":"Langhe, wo wir sind","item":"https:\/\/www.cascinabricchetto.it\/de\/langhe-piedmont-where-we-are\/"},{"@type":"ListItem","position":3,"name":"Kunst in den Langhe"}]},{"@type":"WebSite","@id":"https:\/\/www.cascinabricchetto.it\/de\/#website","url":"https:\/\/www.cascinabricchetto.it\/de\/","name":"Cascina Bricchetto","description":"","potentialAction":[{"@type":"SearchAction","target":{"@type":"EntryPoint","urlTemplate":"https:\/\/www.cascinabricchetto.it\/de\/?s={search_term_string}"},"query-input":{"@type":"PropertyValueSpecification","valueRequired":true,"valueName":"search_term_string"}}],"inLanguage":"de"}]}},"_links":{"self":[{"href":"https:\/\/www.cascinabricchetto.it\/de\/wp-json\/wp\/v2\/pages\/2728","targetHints":{"allow":["GET"]}}],"collection":[{"href":"https:\/\/www.cascinabricchetto.it\/de\/wp-json\/wp\/v2\/pages"}],"about":[{"href":"https:\/\/www.cascinabricchetto.it\/de\/wp-json\/wp\/v2\/types\/page"}],"author":[{"embeddable":true,"href":"https:\/\/www.cascinabricchetto.it\/de\/wp-json\/wp\/v2\/users\/1"}],"replies":[{"embeddable":true,"href":"https:\/\/www.cascinabricchetto.it\/de\/wp-json\/wp\/v2\/comments?post=2728"}],"version-history":[{"count":3,"href":"https:\/\/www.cascinabricchetto.it\/de\/wp-json\/wp\/v2\/pages\/2728\/revisions"}],"predecessor-version":[{"id":27179,"href":"https:\/\/www.cascinabricchetto.it\/de\/wp-json\/wp\/v2\/pages\/2728\/revisions\/27179"}],"up":[{"embeddable":true,"href":"https:\/\/www.cascinabricchetto.it\/de\/wp-json\/wp\/v2\/pages\/2652"}],"wp:attachment":[{"href":"https:\/\/www.cascinabricchetto.it\/de\/wp-json\/wp\/v2\/media?parent=2728"}],"curies":[{"name":"wp","href":"https:\/\/api.w.org\/{rel}","templated":true}]}}