{"id":2658,"date":"2014-04-23T11:47:40","date_gmt":"2014-04-23T09:47:40","guid":{"rendered":"http:\/\/www.cascinabricchetto.it\/?page_id=2658"},"modified":"2024-01-07T23:17:33","modified_gmt":"2024-01-07T22:17:33","slug":"sehenswurdigkeiten-und-ausfluge","status":"publish","type":"page","link":"https:\/\/www.cascinabricchetto.it\/de\/langhe-piemont-wo-wir-sind\/sehenswurdigkeiten-und-ausfluge\/","title":{"rendered":"Sehensw\u00fcrdigkeiten und Ausfl\u00fcge"},"content":{"rendered":"<p>Die <strong>Langhe<\/strong> sind ein geschichtstr\u00e4chtiges, kulturreiches Gebiet mit einer interessanten Architektur, die vom 9. Jahrhundert bis heute reicht. In jeder gr\u00f6\u00dferen und kleineren Stadt gibt es Museen und die faszinierenden, intakten Altst\u00e4dte kleiner Zentren wie Alba, Bra und Cherasco sind absolut sehenswert.<\/p>\n<p>Der gr\u00f6\u00dfte Teil des Territoriums besteht aus H\u00fcgeln. Oft sind sie von alten Burgen dominiert, die etwa ab 1200 gebaut wurden. Einige vor allem zur Verteidigung (Serralunga d\u2019Alba), aber die meisten waren seit dem Mittelalter Verwaltungssitz und Wohnort des Feudalherrn oder, in neuerer Zeit, Sommersitze der K\u00f6nigsfamilie von Savoyen.<\/p>\n<p>Die Burgen und Schl\u00f6sser k\u00f6nnen alle ganz oder teilweise (wenn sie noch in Privatbesitz sind) besichtigt werden und beherbergen oft Museen, Weinhandlungen und sind Austragungsort von Veranstaltungen oder speziellen Anl\u00e4ssen. Die wichtigsten sind: Castello reale di Govone, Castello dei marchesi Falletti in Barolo, Castello dei conti Benso di Cavour in Grinzane Cavour, Castello dei conti Alfieri prima e successivamente dei reali Savoia in Magliano Alfieri, Castello dei marchesi Busca in Mango, Castello dei conti Beraudo in Pralormo, Castello dei conti Falletti in Serralunga d\u2019Alba.<\/p>\n<h4>Events, Veranstaltungen, Jahrm\u00e4rkte<\/h4>\n<p>In unserer Gegend finden jeden Monat, jede Woche und in der Hauptsaison auch jeden Tag sowohl kulturelle als auch kulinarische Events statt.<\/p>\n<p>Es werden auch viele Volksfeste gefeiert. Manche haben sich aus einem Jahr- oder einem Kr\u00e4mermarkt entwickelt und haben heute den Schwerpunkt \u201ctypische Spezialit\u00e4ten\u201d.<br \/>\nVor allem im Sommer werden in allen D\u00f6rfern Feste organisiert, die dem Wein und der regionalen K\u00fcche gewidmet sind.<br \/>\nDie Besucher haben die Qual der Wahl zwischen den vielen Pl\u00e4tzen und Stra\u00dfen, wo zahlreiche Gerichte und typische Weine angeboten werden; man kann auch einheimische Produkte kaufen wie z.B. K\u00e4sesorten, Salami, Haseln\u00fcsse, \u00a0Nougat und Schokolade \u2026<\/p>\n<p>Es ist kein Zufall, dass die Bewegung <strong>Slow Food<\/strong> genau in dieser Gegend und zwar in Bra entstand, wo sie jedes zweite Jahr die Veranstaltung <strong>Cheese<\/strong> organisiert und ihren Hauptsitz hat.<\/p>\n<p>In dieser Gegend wachsen die besten Weine des Piemonts, die bei allen Weinkennern ein Begriff sind; die regionalen Produkte und die K\u00fcchentradition allein sind eine Reise wert.<\/p>\n<h4>M\u00e4rkte<\/h4>\n<p>In dieser Region ist der Markt immer noch ein Ereignis, das alle Anwohner der Umgebung anzieht. Auf dem Markt werden nicht nur Landwirtschaftsprodukte gekauft und verkauft, sondern auch Immobilien, L\u00e4ndereien usw. Es ist ein wahres Vergn\u00fcgen, zwischen den bunten St\u00e4nden umherzuschlendern, sich umzuschauen und dabei neue Sachen zu entdecken; Kunsthandwerk, typische Produkte, Landwirtschaftsger\u00e4te.<br \/>\nMan sp\u00fcrt eine spezielle Atmosph\u00e4re, bei der die Fr\u00f6hlichkeit und Komplizenschaft von Verk\u00e4ufern und K\u00e4ufern dominiert. Besonders gro\u00df sind die M\u00e4rkte von Cuneo, Asti, Bra; in Alba ist am Samstagmorgen in der ganzen Altstadt Markt, mit speziellen Pl\u00e4tzen f\u00fcr biologische Produkte, landwirtschaftliches Zubeh\u00f6r, Kleider und Stoffe.<\/p>\n<p>Es bestehen Vereinbarungen mit Gasth\u00e4usern, Restaurants, renommierten Weinkellern, Konditoreien und kleinen Herstellern von typischen Produkten. Sie erlauben es unseren G\u00e4sten, verschiedene Produkte zu erm\u00e4\u00dfigten Preisen einzukaufen. Auf diese Weise lernt man vor allen Dingen die besten Erzeugnisse kennen, die das Land zu bieten hat.<\/p>\n","protected":false},"excerpt":{"rendered":"<p>Die Langhe sind ein geschichtstr\u00e4chtiges, kulturreiches Gebiet mit einer interessanten Architektur, die vom 9. Jahrhundert bis heute reicht. In jeder gr\u00f6\u00dferen und kleineren Stadt gibt es Museen und die faszinierenden,&#8230;<\/p>\n","protected":false},"author":1,"featured_media":24058,"parent":2652,"menu_order":0,"comment_status":"closed","ping_status":"closed","template":"","meta":{"footnotes":""},"class_list":["post-2658","page","type-page","status-publish","has-post-thumbnail"],"yoast_head":"<!-- This site is optimized with the Yoast SEO plugin v23.9 - https:\/\/yoast.com\/wordpress\/plugins\/seo\/ -->\n<title>Sehensw\u00fcrdigkeiten und Ausfl\u00fcge - Cascina Bricchetto<\/title>\n<meta name=\"robots\" content=\"index, follow, max-snippet:-1, max-image-preview:large, max-video-preview:-1\" \/>\n<link rel=\"canonical\" href=\"https:\/\/www.cascinabricchetto.it\/de\/langhe-piemont-wo-wir-sind\/sehenswurdigkeiten-und-ausfluge\/\" \/>\n<meta property=\"og:locale\" content=\"de_DE\" \/>\n<meta property=\"og:type\" content=\"article\" \/>\n<meta property=\"og:title\" content=\"Sehensw\u00fcrdigkeiten und Ausfl\u00fcge - Cascina Bricchetto\" \/>\n<meta property=\"og:description\" content=\"Die Langhe sind ein geschichtstr\u00e4chtiges, kulturreiches Gebiet mit einer interessanten Architektur, die vom 9. Jahrhundert bis heute reicht. In jeder gr\u00f6\u00dferen und kleineren Stadt gibt es Museen und die faszinierenden,...\" \/>\n<meta property=\"og:url\" content=\"https:\/\/www.cascinabricchetto.it\/de\/langhe-piemont-wo-wir-sind\/sehenswurdigkeiten-und-ausfluge\/\" \/>\n<meta property=\"og:site_name\" content=\"Cascina Bricchetto\" \/>\n<meta property=\"article:modified_time\" content=\"2024-01-07T22:17:33+00:00\" \/>\n<meta property=\"og:image\" content=\"https:\/\/www.cascinabricchetto.it\/wp-content\/uploads\/2023\/11\/5630457041_28fed6775e_o-1.jpg\" \/>\n\t<meta property=\"og:image:width\" content=\"922\" \/>\n\t<meta property=\"og:image:height\" content=\"271\" \/>\n\t<meta property=\"og:image:type\" content=\"image\/jpeg\" \/>\n<meta name=\"twitter:card\" content=\"summary_large_image\" \/>\n<meta name=\"twitter:label1\" content=\"Gesch\u00e4tzte Lesezeit\" \/>\n\t<meta name=\"twitter:data1\" content=\"3\u00a0Minuten\" \/>\n<script type=\"application\/ld+json\" class=\"yoast-schema-graph\">{\"@context\":\"https:\/\/schema.org\",\"@graph\":[{\"@type\":\"WebPage\",\"@id\":\"https:\/\/www.cascinabricchetto.it\/de\/langhe-piemont-wo-wir-sind\/sehenswurdigkeiten-und-ausfluge\/\",\"url\":\"https:\/\/www.cascinabricchetto.it\/de\/langhe-piemont-wo-wir-sind\/sehenswurdigkeiten-und-ausfluge\/\",\"name\":\"Sehensw\u00fcrdigkeiten und Ausfl\u00fcge - Cascina Bricchetto\",\"isPartOf\":{\"@id\":\"https:\/\/www.cascinabricchetto.it\/de\/#website\"},\"primaryImageOfPage\":{\"@id\":\"https:\/\/www.cascinabricchetto.it\/de\/langhe-piemont-wo-wir-sind\/sehenswurdigkeiten-und-ausfluge\/#primaryimage\"},\"image\":{\"@id\":\"https:\/\/www.cascinabricchetto.it\/de\/langhe-piemont-wo-wir-sind\/sehenswurdigkeiten-und-ausfluge\/#primaryimage\"},\"thumbnailUrl\":\"https:\/\/www.cascinabricchetto.it\/wp-content\/uploads\/2023\/11\/5630457041_28fed6775e_o-1.jpg\",\"datePublished\":\"2014-04-23T09:47:40+00:00\",\"dateModified\":\"2024-01-07T22:17:33+00:00\",\"breadcrumb\":{\"@id\":\"https:\/\/www.cascinabricchetto.it\/de\/langhe-piemont-wo-wir-sind\/sehenswurdigkeiten-und-ausfluge\/#breadcrumb\"},\"inLanguage\":\"de\",\"potentialAction\":[{\"@type\":\"ReadAction\",\"target\":[\"https:\/\/www.cascinabricchetto.it\/de\/langhe-piemont-wo-wir-sind\/sehenswurdigkeiten-und-ausfluge\/\"]}]},{\"@type\":\"ImageObject\",\"inLanguage\":\"de\",\"@id\":\"https:\/\/www.cascinabricchetto.it\/de\/langhe-piemont-wo-wir-sind\/sehenswurdigkeiten-und-ausfluge\/#primaryimage\",\"url\":\"https:\/\/www.cascinabricchetto.it\/wp-content\/uploads\/2023\/11\/5630457041_28fed6775e_o-1.jpg\",\"contentUrl\":\"https:\/\/www.cascinabricchetto.it\/wp-content\/uploads\/2023\/11\/5630457041_28fed6775e_o-1.jpg\",\"width\":922,\"height\":271},{\"@type\":\"BreadcrumbList\",\"@id\":\"https:\/\/www.cascinabricchetto.it\/de\/langhe-piemont-wo-wir-sind\/sehenswurdigkeiten-und-ausfluge\/#breadcrumb\",\"itemListElement\":[{\"@type\":\"ListItem\",\"position\":1,\"name\":\"Home\",\"item\":\"https:\/\/www.cascinabricchetto.it\/de\/\"},{\"@type\":\"ListItem\",\"position\":2,\"name\":\"Langhe, wo wir sind\",\"item\":\"https:\/\/www.cascinabricchetto.it\/de\/langhe-piedmont-where-we-are\/\"},{\"@type\":\"ListItem\",\"position\":3,\"name\":\"Sehensw\u00fcrdigkeiten und Ausfl\u00fcge\"}]},{\"@type\":\"WebSite\",\"@id\":\"https:\/\/www.cascinabricchetto.it\/de\/#website\",\"url\":\"https:\/\/www.cascinabricchetto.it\/de\/\",\"name\":\"Cascina Bricchetto\",\"description\":\"\",\"potentialAction\":[{\"@type\":\"SearchAction\",\"target\":{\"@type\":\"EntryPoint\",\"urlTemplate\":\"https:\/\/www.cascinabricchetto.it\/de\/?s={search_term_string}\"},\"query-input\":{\"@type\":\"PropertyValueSpecification\",\"valueRequired\":true,\"valueName\":\"search_term_string\"}}],\"inLanguage\":\"de\"}]}<\/script>\n<!-- \/ Yoast SEO plugin. -->","yoast_head_json":{"title":"Sehensw\u00fcrdigkeiten und Ausfl\u00fcge - Cascina Bricchetto","robots":{"index":"index","follow":"follow","max-snippet":"max-snippet:-1","max-image-preview":"max-image-preview:large","max-video-preview":"max-video-preview:-1"},"canonical":"https:\/\/www.cascinabricchetto.it\/de\/langhe-piemont-wo-wir-sind\/sehenswurdigkeiten-und-ausfluge\/","og_locale":"de_DE","og_type":"article","og_title":"Sehensw\u00fcrdigkeiten und Ausfl\u00fcge - Cascina Bricchetto","og_description":"Die Langhe sind ein geschichtstr\u00e4chtiges, kulturreiches Gebiet mit einer interessanten Architektur, die vom 9. Jahrhundert bis heute reicht. In jeder gr\u00f6\u00dferen und kleineren Stadt gibt es Museen und die faszinierenden,...","og_url":"https:\/\/www.cascinabricchetto.it\/de\/langhe-piemont-wo-wir-sind\/sehenswurdigkeiten-und-ausfluge\/","og_site_name":"Cascina Bricchetto","article_modified_time":"2024-01-07T22:17:33+00:00","og_image":[{"width":922,"height":271,"url":"https:\/\/www.cascinabricchetto.it\/wp-content\/uploads\/2023\/11\/5630457041_28fed6775e_o-1.jpg","type":"image\/jpeg"}],"twitter_card":"summary_large_image","twitter_misc":{"Gesch\u00e4tzte Lesezeit":"3\u00a0Minuten"},"schema":{"@context":"https:\/\/schema.org","@graph":[{"@type":"WebPage","@id":"https:\/\/www.cascinabricchetto.it\/de\/langhe-piemont-wo-wir-sind\/sehenswurdigkeiten-und-ausfluge\/","url":"https:\/\/www.cascinabricchetto.it\/de\/langhe-piemont-wo-wir-sind\/sehenswurdigkeiten-und-ausfluge\/","name":"Sehensw\u00fcrdigkeiten und Ausfl\u00fcge - Cascina Bricchetto","isPartOf":{"@id":"https:\/\/www.cascinabricchetto.it\/de\/#website"},"primaryImageOfPage":{"@id":"https:\/\/www.cascinabricchetto.it\/de\/langhe-piemont-wo-wir-sind\/sehenswurdigkeiten-und-ausfluge\/#primaryimage"},"image":{"@id":"https:\/\/www.cascinabricchetto.it\/de\/langhe-piemont-wo-wir-sind\/sehenswurdigkeiten-und-ausfluge\/#primaryimage"},"thumbnailUrl":"https:\/\/www.cascinabricchetto.it\/wp-content\/uploads\/2023\/11\/5630457041_28fed6775e_o-1.jpg","datePublished":"2014-04-23T09:47:40+00:00","dateModified":"2024-01-07T22:17:33+00:00","breadcrumb":{"@id":"https:\/\/www.cascinabricchetto.it\/de\/langhe-piemont-wo-wir-sind\/sehenswurdigkeiten-und-ausfluge\/#breadcrumb"},"inLanguage":"de","potentialAction":[{"@type":"ReadAction","target":["https:\/\/www.cascinabricchetto.it\/de\/langhe-piemont-wo-wir-sind\/sehenswurdigkeiten-und-ausfluge\/"]}]},{"@type":"ImageObject","inLanguage":"de","@id":"https:\/\/www.cascinabricchetto.it\/de\/langhe-piemont-wo-wir-sind\/sehenswurdigkeiten-und-ausfluge\/#primaryimage","url":"https:\/\/www.cascinabricchetto.it\/wp-content\/uploads\/2023\/11\/5630457041_28fed6775e_o-1.jpg","contentUrl":"https:\/\/www.cascinabricchetto.it\/wp-content\/uploads\/2023\/11\/5630457041_28fed6775e_o-1.jpg","width":922,"height":271},{"@type":"BreadcrumbList","@id":"https:\/\/www.cascinabricchetto.it\/de\/langhe-piemont-wo-wir-sind\/sehenswurdigkeiten-und-ausfluge\/#breadcrumb","itemListElement":[{"@type":"ListItem","position":1,"name":"Home","item":"https:\/\/www.cascinabricchetto.it\/de\/"},{"@type":"ListItem","position":2,"name":"Langhe, wo wir sind","item":"https:\/\/www.cascinabricchetto.it\/de\/langhe-piedmont-where-we-are\/"},{"@type":"ListItem","position":3,"name":"Sehensw\u00fcrdigkeiten und Ausfl\u00fcge"}]},{"@type":"WebSite","@id":"https:\/\/www.cascinabricchetto.it\/de\/#website","url":"https:\/\/www.cascinabricchetto.it\/de\/","name":"Cascina Bricchetto","description":"","potentialAction":[{"@type":"SearchAction","target":{"@type":"EntryPoint","urlTemplate":"https:\/\/www.cascinabricchetto.it\/de\/?s={search_term_string}"},"query-input":{"@type":"PropertyValueSpecification","valueRequired":true,"valueName":"search_term_string"}}],"inLanguage":"de"}]}},"_links":{"self":[{"href":"https:\/\/www.cascinabricchetto.it\/de\/wp-json\/wp\/v2\/pages\/2658","targetHints":{"allow":["GET"]}}],"collection":[{"href":"https:\/\/www.cascinabricchetto.it\/de\/wp-json\/wp\/v2\/pages"}],"about":[{"href":"https:\/\/www.cascinabricchetto.it\/de\/wp-json\/wp\/v2\/types\/page"}],"author":[{"embeddable":true,"href":"https:\/\/www.cascinabricchetto.it\/de\/wp-json\/wp\/v2\/users\/1"}],"replies":[{"embeddable":true,"href":"https:\/\/www.cascinabricchetto.it\/de\/wp-json\/wp\/v2\/comments?post=2658"}],"version-history":[{"count":1,"href":"https:\/\/www.cascinabricchetto.it\/de\/wp-json\/wp\/v2\/pages\/2658\/revisions"}],"predecessor-version":[{"id":26775,"href":"https:\/\/www.cascinabricchetto.it\/de\/wp-json\/wp\/v2\/pages\/2658\/revisions\/26775"}],"up":[{"embeddable":true,"href":"https:\/\/www.cascinabricchetto.it\/de\/wp-json\/wp\/v2\/pages\/2652"}],"wp:featuredmedia":[{"embeddable":true,"href":"https:\/\/www.cascinabricchetto.it\/de\/wp-json\/wp\/v2\/media\/24058"}],"wp:attachment":[{"href":"https:\/\/www.cascinabricchetto.it\/de\/wp-json\/wp\/v2\/media?parent=2658"}],"curies":[{"name":"wp","href":"https:\/\/api.w.org\/{rel}","templated":true}]}}