{"id":2654,"date":"2014-04-23T12:32:20","date_gmt":"2014-04-23T10:32:20","guid":{"rendered":"http:\/\/www.cascinabricchetto.it\/?page_id=2654"},"modified":"2024-01-07T23:17:39","modified_gmt":"2024-01-07T22:17:39","slug":"ausfluge-und-sport","status":"publish","type":"page","link":"https:\/\/www.cascinabricchetto.it\/de\/langhe-piemont-wo-wir-sind\/ausfluge-und-sport\/","title":{"rendered":"Ausfl\u00fcge und Sport"},"content":{"rendered":"<h4>Turin<\/h4>\n<p>Ein Tag in der ersten Hauptstadt Italiens (ca. 60 km).<br \/>\nEin Besuch des ersten Parlamentssitzes und der Museen, besonders des neu gestalteten \u00c4gyptischen Museums.<br \/>\nEin Spaziergang zur Besichtigung der Pl\u00e4tze, Stra\u00dfen und wundervollen Stadtpalais, mit Aufenthalten in historischen Caf\u00e9s, um Neues zu entdecken und zum Beispiel eine Zabaione zu probieren.<\/p>\n<h4>Thermalb\u00e4der<\/h4>\n<p>Das am n\u00e4chsten gelegene Thermalbad befindet sich in Agliano, etwa 20 km entfernt. Etwas weiter weg liegt das Thermalbad von Valdieri; beide sind ideal, um angenehme, gesunde Momente zu genie\u00dfen.<\/p>\n<h4>Golf<\/h4>\n<p>Golf club Asti &#8211; frazione Mombarone &#8211; Asti, www.golffeudoasti.it<br \/>\nGolf club Cherasco &#8211; Cherasco, www.golfcherasco.com<br \/>\nGagliassi Golf club delle Langhe &#8211; Monforte d&#8217;Alba, www.golfmonforte.it<\/p>\n<h4>Reiten<\/h4>\n<p>IppoAlba &#8211; Loc. San Cassiano &#8211; Alba, Tel. 339\/6073620 &#8211; 333\/6315186<br \/>\nCentro Ippico San Bovo &#8211; Loc.San Bovo &#8211; Castino, www.sanbovo.it<br \/>\nCircolo Ippico Elia &#8211; Roddi, Tel. 0173\/615094 &#8211; Fax 0173\/615481<\/p>\n<p><strong>Giovanna Oliveri organisiert gern Verkostungen unserer hervorragenden Weine in Weinkellern, Degustationen bei kleinen K\u00e4se- und Salamiproduzenten und von typischem Geb\u00e4ck.<\/strong><\/p>\n","protected":false},"excerpt":{"rendered":"<p>Turin Ein Tag in der ersten Hauptstadt Italiens (ca. 60 km). Ein Besuch des ersten Parlamentssitzes und der Museen, besonders des neu gestalteten \u00c4gyptischen Museums. Ein Spaziergang zur Besichtigung der&#8230;<\/p>\n","protected":false},"author":1,"featured_media":23794,"parent":2652,"menu_order":0,"comment_status":"closed","ping_status":"closed","template":"","meta":{"footnotes":""},"class_list":["post-2654","page","type-page","status-publish","has-post-thumbnail"],"yoast_head":"<!-- This site is optimized with the Yoast SEO plugin v23.9 - https:\/\/yoast.com\/wordpress\/plugins\/seo\/ -->\n<title>Ausfl\u00fcge und Sport - Cascina Bricchetto<\/title>\n<meta name=\"robots\" content=\"index, follow, max-snippet:-1, max-image-preview:large, max-video-preview:-1\" \/>\n<link rel=\"canonical\" href=\"https:\/\/www.cascinabricchetto.it\/de\/langhe-piemont-wo-wir-sind\/ausfluge-und-sport\/\" \/>\n<meta property=\"og:locale\" content=\"de_DE\" \/>\n<meta property=\"og:type\" content=\"article\" \/>\n<meta property=\"og:title\" content=\"Ausfl\u00fcge und Sport - Cascina Bricchetto\" \/>\n<meta property=\"og:description\" content=\"Turin Ein Tag in der ersten Hauptstadt Italiens (ca. 60 km). Ein Besuch des ersten Parlamentssitzes und der Museen, besonders des neu gestalteten \u00c4gyptischen Museums. Ein Spaziergang zur Besichtigung der...\" \/>\n<meta property=\"og:url\" content=\"https:\/\/www.cascinabricchetto.it\/de\/langhe-piemont-wo-wir-sind\/ausfluge-und-sport\/\" \/>\n<meta property=\"og:site_name\" content=\"Cascina Bricchetto\" \/>\n<meta property=\"article:modified_time\" content=\"2024-01-07T22:17:39+00:00\" \/>\n<meta property=\"og:image\" content=\"https:\/\/www.cascinabricchetto.it\/wp-content\/uploads\/2023\/11\/2202125737_4cfaaffc0a_o.jpg\" \/>\n\t<meta property=\"og:image:width\" content=\"1280\" \/>\n\t<meta property=\"og:image:height\" content=\"631\" \/>\n\t<meta property=\"og:image:type\" content=\"image\/jpeg\" \/>\n<meta name=\"twitter:card\" content=\"summary_large_image\" \/>\n<meta name=\"twitter:label1\" content=\"Gesch\u00e4tzte Lesezeit\" \/>\n\t<meta name=\"twitter:data1\" content=\"1\u00a0Minute\" \/>\n<script type=\"application\/ld+json\" class=\"yoast-schema-graph\">{\"@context\":\"https:\/\/schema.org\",\"@graph\":[{\"@type\":\"WebPage\",\"@id\":\"https:\/\/www.cascinabricchetto.it\/de\/langhe-piemont-wo-wir-sind\/ausfluge-und-sport\/\",\"url\":\"https:\/\/www.cascinabricchetto.it\/de\/langhe-piemont-wo-wir-sind\/ausfluge-und-sport\/\",\"name\":\"Ausfl\u00fcge und Sport - Cascina Bricchetto\",\"isPartOf\":{\"@id\":\"https:\/\/www.cascinabricchetto.it\/de\/#website\"},\"primaryImageOfPage\":{\"@id\":\"https:\/\/www.cascinabricchetto.it\/de\/langhe-piemont-wo-wir-sind\/ausfluge-und-sport\/#primaryimage\"},\"image\":{\"@id\":\"https:\/\/www.cascinabricchetto.it\/de\/langhe-piemont-wo-wir-sind\/ausfluge-und-sport\/#primaryimage\"},\"thumbnailUrl\":\"https:\/\/www.cascinabricchetto.it\/wp-content\/uploads\/2023\/11\/2202125737_4cfaaffc0a_o.jpg\",\"datePublished\":\"2014-04-23T10:32:20+00:00\",\"dateModified\":\"2024-01-07T22:17:39+00:00\",\"breadcrumb\":{\"@id\":\"https:\/\/www.cascinabricchetto.it\/de\/langhe-piemont-wo-wir-sind\/ausfluge-und-sport\/#breadcrumb\"},\"inLanguage\":\"de\",\"potentialAction\":[{\"@type\":\"ReadAction\",\"target\":[\"https:\/\/www.cascinabricchetto.it\/de\/langhe-piemont-wo-wir-sind\/ausfluge-und-sport\/\"]}]},{\"@type\":\"ImageObject\",\"inLanguage\":\"de\",\"@id\":\"https:\/\/www.cascinabricchetto.it\/de\/langhe-piemont-wo-wir-sind\/ausfluge-und-sport\/#primaryimage\",\"url\":\"https:\/\/www.cascinabricchetto.it\/wp-content\/uploads\/2023\/11\/2202125737_4cfaaffc0a_o.jpg\",\"contentUrl\":\"https:\/\/www.cascinabricchetto.it\/wp-content\/uploads\/2023\/11\/2202125737_4cfaaffc0a_o.jpg\",\"width\":1280,\"height\":631},{\"@type\":\"BreadcrumbList\",\"@id\":\"https:\/\/www.cascinabricchetto.it\/de\/langhe-piemont-wo-wir-sind\/ausfluge-und-sport\/#breadcrumb\",\"itemListElement\":[{\"@type\":\"ListItem\",\"position\":1,\"name\":\"Home\",\"item\":\"https:\/\/www.cascinabricchetto.it\/de\/\"},{\"@type\":\"ListItem\",\"position\":2,\"name\":\"Langhe, wo wir sind\",\"item\":\"https:\/\/www.cascinabricchetto.it\/de\/langhe-piedmont-where-we-are\/\"},{\"@type\":\"ListItem\",\"position\":3,\"name\":\"Ausfl\u00fcge und Sport\"}]},{\"@type\":\"WebSite\",\"@id\":\"https:\/\/www.cascinabricchetto.it\/de\/#website\",\"url\":\"https:\/\/www.cascinabricchetto.it\/de\/\",\"name\":\"Cascina Bricchetto\",\"description\":\"\",\"potentialAction\":[{\"@type\":\"SearchAction\",\"target\":{\"@type\":\"EntryPoint\",\"urlTemplate\":\"https:\/\/www.cascinabricchetto.it\/de\/?s={search_term_string}\"},\"query-input\":{\"@type\":\"PropertyValueSpecification\",\"valueRequired\":true,\"valueName\":\"search_term_string\"}}],\"inLanguage\":\"de\"}]}<\/script>\n<!-- \/ Yoast SEO plugin. -->","yoast_head_json":{"title":"Ausfl\u00fcge und Sport - Cascina Bricchetto","robots":{"index":"index","follow":"follow","max-snippet":"max-snippet:-1","max-image-preview":"max-image-preview:large","max-video-preview":"max-video-preview:-1"},"canonical":"https:\/\/www.cascinabricchetto.it\/de\/langhe-piemont-wo-wir-sind\/ausfluge-und-sport\/","og_locale":"de_DE","og_type":"article","og_title":"Ausfl\u00fcge und Sport - Cascina Bricchetto","og_description":"Turin Ein Tag in der ersten Hauptstadt Italiens (ca. 60 km). Ein Besuch des ersten Parlamentssitzes und der Museen, besonders des neu gestalteten \u00c4gyptischen Museums. Ein Spaziergang zur Besichtigung der...","og_url":"https:\/\/www.cascinabricchetto.it\/de\/langhe-piemont-wo-wir-sind\/ausfluge-und-sport\/","og_site_name":"Cascina Bricchetto","article_modified_time":"2024-01-07T22:17:39+00:00","og_image":[{"width":1280,"height":631,"url":"https:\/\/www.cascinabricchetto.it\/wp-content\/uploads\/2023\/11\/2202125737_4cfaaffc0a_o.jpg","type":"image\/jpeg"}],"twitter_card":"summary_large_image","twitter_misc":{"Gesch\u00e4tzte Lesezeit":"1\u00a0Minute"},"schema":{"@context":"https:\/\/schema.org","@graph":[{"@type":"WebPage","@id":"https:\/\/www.cascinabricchetto.it\/de\/langhe-piemont-wo-wir-sind\/ausfluge-und-sport\/","url":"https:\/\/www.cascinabricchetto.it\/de\/langhe-piemont-wo-wir-sind\/ausfluge-und-sport\/","name":"Ausfl\u00fcge und Sport - Cascina Bricchetto","isPartOf":{"@id":"https:\/\/www.cascinabricchetto.it\/de\/#website"},"primaryImageOfPage":{"@id":"https:\/\/www.cascinabricchetto.it\/de\/langhe-piemont-wo-wir-sind\/ausfluge-und-sport\/#primaryimage"},"image":{"@id":"https:\/\/www.cascinabricchetto.it\/de\/langhe-piemont-wo-wir-sind\/ausfluge-und-sport\/#primaryimage"},"thumbnailUrl":"https:\/\/www.cascinabricchetto.it\/wp-content\/uploads\/2023\/11\/2202125737_4cfaaffc0a_o.jpg","datePublished":"2014-04-23T10:32:20+00:00","dateModified":"2024-01-07T22:17:39+00:00","breadcrumb":{"@id":"https:\/\/www.cascinabricchetto.it\/de\/langhe-piemont-wo-wir-sind\/ausfluge-und-sport\/#breadcrumb"},"inLanguage":"de","potentialAction":[{"@type":"ReadAction","target":["https:\/\/www.cascinabricchetto.it\/de\/langhe-piemont-wo-wir-sind\/ausfluge-und-sport\/"]}]},{"@type":"ImageObject","inLanguage":"de","@id":"https:\/\/www.cascinabricchetto.it\/de\/langhe-piemont-wo-wir-sind\/ausfluge-und-sport\/#primaryimage","url":"https:\/\/www.cascinabricchetto.it\/wp-content\/uploads\/2023\/11\/2202125737_4cfaaffc0a_o.jpg","contentUrl":"https:\/\/www.cascinabricchetto.it\/wp-content\/uploads\/2023\/11\/2202125737_4cfaaffc0a_o.jpg","width":1280,"height":631},{"@type":"BreadcrumbList","@id":"https:\/\/www.cascinabricchetto.it\/de\/langhe-piemont-wo-wir-sind\/ausfluge-und-sport\/#breadcrumb","itemListElement":[{"@type":"ListItem","position":1,"name":"Home","item":"https:\/\/www.cascinabricchetto.it\/de\/"},{"@type":"ListItem","position":2,"name":"Langhe, wo wir sind","item":"https:\/\/www.cascinabricchetto.it\/de\/langhe-piedmont-where-we-are\/"},{"@type":"ListItem","position":3,"name":"Ausfl\u00fcge und Sport"}]},{"@type":"WebSite","@id":"https:\/\/www.cascinabricchetto.it\/de\/#website","url":"https:\/\/www.cascinabricchetto.it\/de\/","name":"Cascina Bricchetto","description":"","potentialAction":[{"@type":"SearchAction","target":{"@type":"EntryPoint","urlTemplate":"https:\/\/www.cascinabricchetto.it\/de\/?s={search_term_string}"},"query-input":{"@type":"PropertyValueSpecification","valueRequired":true,"valueName":"search_term_string"}}],"inLanguage":"de"}]}},"_links":{"self":[{"href":"https:\/\/www.cascinabricchetto.it\/de\/wp-json\/wp\/v2\/pages\/2654","targetHints":{"allow":["GET"]}}],"collection":[{"href":"https:\/\/www.cascinabricchetto.it\/de\/wp-json\/wp\/v2\/pages"}],"about":[{"href":"https:\/\/www.cascinabricchetto.it\/de\/wp-json\/wp\/v2\/types\/page"}],"author":[{"embeddable":true,"href":"https:\/\/www.cascinabricchetto.it\/de\/wp-json\/wp\/v2\/users\/1"}],"replies":[{"embeddable":true,"href":"https:\/\/www.cascinabricchetto.it\/de\/wp-json\/wp\/v2\/comments?post=2654"}],"version-history":[{"count":1,"href":"https:\/\/www.cascinabricchetto.it\/de\/wp-json\/wp\/v2\/pages\/2654\/revisions"}],"predecessor-version":[{"id":26779,"href":"https:\/\/www.cascinabricchetto.it\/de\/wp-json\/wp\/v2\/pages\/2654\/revisions\/26779"}],"up":[{"embeddable":true,"href":"https:\/\/www.cascinabricchetto.it\/de\/wp-json\/wp\/v2\/pages\/2652"}],"wp:featuredmedia":[{"embeddable":true,"href":"https:\/\/www.cascinabricchetto.it\/de\/wp-json\/wp\/v2\/media\/23794"}],"wp:attachment":[{"href":"https:\/\/www.cascinabricchetto.it\/de\/wp-json\/wp\/v2\/media?parent=2654"}],"curies":[{"name":"wp","href":"https:\/\/api.w.org\/{rel}","templated":true}]}}