{"id":2652,"date":"2014-05-16T14:39:16","date_gmt":"2014-05-16T12:39:16","guid":{"rendered":"http:\/\/www.cascinabricchetto.it\/?page_id=2652"},"modified":"2014-05-16T14:39:16","modified_gmt":"2014-05-16T12:39:16","slug":"langhe-piemont-wo-wir-sind","status":"publish","type":"page","link":"https:\/\/www.cascinabricchetto.it\/de\/langhe-piemont-wo-wir-sind\/","title":{"rendered":"Langhe, wo wir sind"},"content":{"rendered":"<blockquote><p>Ein einzigartiges Gebiet, Sch\u00f6nheit und Ruhe, Geschichte und Kultur, Architektur und Traditionen, herrliches Essen und Trinken (Barolo und wei\u00dfe Tr\u00fcffel) und vieles mehr&#8230;<\/p><\/blockquote>\n<p>Die Gemeinde von <strong>Trezzo Tinella<\/strong> dehnt sich \u00fcber 10 km\u00b2 aus, sie hat etwa 350 Einwohner, die verstreut in Geh\u00f6ften und Ortsteilen inmitten der Weinberge und Haselnussplantagen wohnen. Letztere geh\u00f6ren zu den wichtigsten Einkommensquellen der \u00f6rtlichen Wirtschaft.<\/p>\n<p>Die Einwohner lieben ihr Land und sind ihren Traditionen treu. Besondere Br\u00e4uche sind:<\/p>\n<ul>\n<li>Die Fronleichnamsprozession, f\u00fcr die man die Hausfassaden mit antiken, bestickten oder geh\u00e4kelten Laken und Decken beh\u00e4ngt. Sie schlie\u00dft mit einem reichhaltigen Imbiss, den die Frauen des Dorfes zubereiten;<\/li>\n<li>Die Krippe aus Steinh\u00e4usern und eine Rekonstruktion des historischem Zentrums, ebenfalls aus Stein;<\/li>\n<li>Die Festveranstaltungen der Ortsteile die im Sommer im Freien ausgetragen werden, wobei Religion und Gastronomie immer zusammen geh\u00f6ren&#8230;<\/li>\n<li>Die \u201eMasche\u201c, eine echte Rarit\u00e4t!<\/li>\n<\/ul>\n<p>Ein etwa drei Kilometer langer Spaziergang (zu Fu\u00df oder mit dem Auto) f\u00fchrt zu den in den B\u00fcchern von Beppe Fenoglio beschriebenen Geh\u00f6ften (Il partigiano Johnny, La Malora). Auf der anderen Seite des H\u00fcgels, am Heimatort von Cesare Pavese (Santo Stefano Belbo) findet man dessen Geburtshaus und das &#8222;Studienzentrum&#8220;.<\/p>\n<p><strong>Die Stadt Alba<\/strong> mit ihren mittelalterlichen T\u00fcrmen, den antiken Bogeng\u00e4ngen und Museen liegt etwa 10 km entfernt. In der als &#8222;Hauptstadt&#8220; der Langhe geltenden Stadt finden verschiedene wichtige Veranstaltungen statt, zum Beispiel:<\/p>\n<ul>\n<li>\u201eVinum\u201c &#8211; Pr\u00e4sentation und Degustation der einheimischen Weine, mit typischen Spezialit\u00e4ten (Fr\u00fchjahr)<\/li>\n<li>Die Verkaufsausstellung f\u00fcr wei\u00dfen Tr\u00fcffels aus den Langhe und aus dem Roero, begleitet von einer Reihe von kulturellen und gastronomischen Veranstaltungen. Kr\u00f6nender Abschluss ist die Wohlt\u00e4tigkeitsauktion im Schlo\u00df von Grinzane Cavour, bei der der \u201eRiesen-Tr\u00fcffel\u201c versteigert wird. Daran nehmen die ber\u00fchmtesten Gastronomen der Welt teil (Herbst).<\/li>\n<\/ul>\n\n","protected":false},"excerpt":{"rendered":"<p>Ein einzigartiges Gebiet, Sch\u00f6nheit und Ruhe, Geschichte und Kultur, Architektur und Traditionen, herrliches Essen und Trinken (Barolo und wei\u00dfe Tr\u00fcffel) und vieles mehr&#8230; Die Gemeinde von Trezzo Tinella dehnt sich&#8230;<\/p>\n","protected":false},"author":1,"featured_media":26334,"parent":0,"menu_order":0,"comment_status":"closed","ping_status":"closed","template":"","meta":{"footnotes":""},"class_list":["post-2652","page","type-page","status-publish","has-post-thumbnail"],"yoast_head":"<!-- This site is optimized with the Yoast SEO plugin v23.9 - https:\/\/yoast.com\/wordpress\/plugins\/seo\/ -->\n<title>Langhe, wo wir sind - Cascina Bricchetto<\/title>\n<meta name=\"robots\" content=\"index, follow, max-snippet:-1, max-image-preview:large, max-video-preview:-1\" \/>\n<link rel=\"canonical\" href=\"https:\/\/www.cascinabricchetto.it\/de\/langhe-piemont-wo-wir-sind\/\" \/>\n<meta property=\"og:locale\" content=\"de_DE\" \/>\n<meta property=\"og:type\" content=\"article\" \/>\n<meta property=\"og:title\" content=\"Langhe, wo wir sind - Cascina Bricchetto\" \/>\n<meta property=\"og:description\" content=\"Ein einzigartiges Gebiet, Sch\u00f6nheit und Ruhe, Geschichte und Kultur, Architektur und Traditionen, herrliches Essen und Trinken (Barolo und wei\u00dfe Tr\u00fcffel) und vieles mehr&#8230; Die Gemeinde von Trezzo Tinella dehnt sich...\" \/>\n<meta property=\"og:url\" content=\"https:\/\/www.cascinabricchetto.it\/de\/langhe-piemont-wo-wir-sind\/\" \/>\n<meta property=\"og:site_name\" content=\"Cascina Bricchetto\" \/>\n<meta property=\"og:image\" content=\"https:\/\/www.cascinabricchetto.it\/wp-content\/uploads\/2023\/11\/Screen-Shot-2015-01-28-at-01.08.591.png\" \/>\n\t<meta property=\"og:image:width\" content=\"1024\" \/>\n\t<meta property=\"og:image:height\" content=\"409\" \/>\n\t<meta property=\"og:image:type\" content=\"image\/png\" \/>\n<meta name=\"twitter:card\" content=\"summary_large_image\" \/>\n<meta name=\"twitter:label1\" content=\"Gesch\u00e4tzte Lesezeit\" \/>\n\t<meta name=\"twitter:data1\" content=\"2\u00a0Minuten\" \/>\n<script type=\"application\/ld+json\" class=\"yoast-schema-graph\">{\"@context\":\"https:\/\/schema.org\",\"@graph\":[{\"@type\":\"WebPage\",\"@id\":\"https:\/\/www.cascinabricchetto.it\/de\/langhe-piemont-wo-wir-sind\/\",\"url\":\"https:\/\/www.cascinabricchetto.it\/de\/langhe-piemont-wo-wir-sind\/\",\"name\":\"Langhe, wo wir sind - Cascina Bricchetto\",\"isPartOf\":{\"@id\":\"https:\/\/www.cascinabricchetto.it\/de\/#website\"},\"primaryImageOfPage\":{\"@id\":\"https:\/\/www.cascinabricchetto.it\/de\/langhe-piemont-wo-wir-sind\/#primaryimage\"},\"image\":{\"@id\":\"https:\/\/www.cascinabricchetto.it\/de\/langhe-piemont-wo-wir-sind\/#primaryimage\"},\"thumbnailUrl\":\"https:\/\/www.cascinabricchetto.it\/wp-content\/uploads\/2023\/11\/Screen-Shot-2015-01-28-at-01.08.591.png\",\"datePublished\":\"2014-05-16T12:39:16+00:00\",\"dateModified\":\"2014-05-16T12:39:16+00:00\",\"breadcrumb\":{\"@id\":\"https:\/\/www.cascinabricchetto.it\/de\/langhe-piemont-wo-wir-sind\/#breadcrumb\"},\"inLanguage\":\"de\",\"potentialAction\":[{\"@type\":\"ReadAction\",\"target\":[\"https:\/\/www.cascinabricchetto.it\/de\/langhe-piemont-wo-wir-sind\/\"]}]},{\"@type\":\"ImageObject\",\"inLanguage\":\"de\",\"@id\":\"https:\/\/www.cascinabricchetto.it\/de\/langhe-piemont-wo-wir-sind\/#primaryimage\",\"url\":\"https:\/\/www.cascinabricchetto.it\/wp-content\/uploads\/2023\/11\/Screen-Shot-2015-01-28-at-01.08.591.png\",\"contentUrl\":\"https:\/\/www.cascinabricchetto.it\/wp-content\/uploads\/2023\/11\/Screen-Shot-2015-01-28-at-01.08.591.png\",\"width\":1024,\"height\":409},{\"@type\":\"BreadcrumbList\",\"@id\":\"https:\/\/www.cascinabricchetto.it\/de\/langhe-piemont-wo-wir-sind\/#breadcrumb\",\"itemListElement\":[{\"@type\":\"ListItem\",\"position\":1,\"name\":\"Home\",\"item\":\"https:\/\/www.cascinabricchetto.it\/de\/\"},{\"@type\":\"ListItem\",\"position\":2,\"name\":\"Langhe, wo wir sind\"}]},{\"@type\":\"WebSite\",\"@id\":\"https:\/\/www.cascinabricchetto.it\/de\/#website\",\"url\":\"https:\/\/www.cascinabricchetto.it\/de\/\",\"name\":\"Cascina Bricchetto\",\"description\":\"\",\"potentialAction\":[{\"@type\":\"SearchAction\",\"target\":{\"@type\":\"EntryPoint\",\"urlTemplate\":\"https:\/\/www.cascinabricchetto.it\/de\/?s={search_term_string}\"},\"query-input\":{\"@type\":\"PropertyValueSpecification\",\"valueRequired\":true,\"valueName\":\"search_term_string\"}}],\"inLanguage\":\"de\"}]}<\/script>\n<!-- \/ Yoast SEO plugin. -->","yoast_head_json":{"title":"Langhe, wo wir sind - Cascina Bricchetto","robots":{"index":"index","follow":"follow","max-snippet":"max-snippet:-1","max-image-preview":"max-image-preview:large","max-video-preview":"max-video-preview:-1"},"canonical":"https:\/\/www.cascinabricchetto.it\/de\/langhe-piemont-wo-wir-sind\/","og_locale":"de_DE","og_type":"article","og_title":"Langhe, wo wir sind - Cascina Bricchetto","og_description":"Ein einzigartiges Gebiet, Sch\u00f6nheit und Ruhe, Geschichte und Kultur, Architektur und Traditionen, herrliches Essen und Trinken (Barolo und wei\u00dfe Tr\u00fcffel) und vieles mehr&#8230; Die Gemeinde von Trezzo Tinella dehnt sich...","og_url":"https:\/\/www.cascinabricchetto.it\/de\/langhe-piemont-wo-wir-sind\/","og_site_name":"Cascina Bricchetto","og_image":[{"width":1024,"height":409,"url":"https:\/\/www.cascinabricchetto.it\/wp-content\/uploads\/2023\/11\/Screen-Shot-2015-01-28-at-01.08.591.png","type":"image\/png"}],"twitter_card":"summary_large_image","twitter_misc":{"Gesch\u00e4tzte Lesezeit":"2\u00a0Minuten"},"schema":{"@context":"https:\/\/schema.org","@graph":[{"@type":"WebPage","@id":"https:\/\/www.cascinabricchetto.it\/de\/langhe-piemont-wo-wir-sind\/","url":"https:\/\/www.cascinabricchetto.it\/de\/langhe-piemont-wo-wir-sind\/","name":"Langhe, wo wir sind - Cascina Bricchetto","isPartOf":{"@id":"https:\/\/www.cascinabricchetto.it\/de\/#website"},"primaryImageOfPage":{"@id":"https:\/\/www.cascinabricchetto.it\/de\/langhe-piemont-wo-wir-sind\/#primaryimage"},"image":{"@id":"https:\/\/www.cascinabricchetto.it\/de\/langhe-piemont-wo-wir-sind\/#primaryimage"},"thumbnailUrl":"https:\/\/www.cascinabricchetto.it\/wp-content\/uploads\/2023\/11\/Screen-Shot-2015-01-28-at-01.08.591.png","datePublished":"2014-05-16T12:39:16+00:00","dateModified":"2014-05-16T12:39:16+00:00","breadcrumb":{"@id":"https:\/\/www.cascinabricchetto.it\/de\/langhe-piemont-wo-wir-sind\/#breadcrumb"},"inLanguage":"de","potentialAction":[{"@type":"ReadAction","target":["https:\/\/www.cascinabricchetto.it\/de\/langhe-piemont-wo-wir-sind\/"]}]},{"@type":"ImageObject","inLanguage":"de","@id":"https:\/\/www.cascinabricchetto.it\/de\/langhe-piemont-wo-wir-sind\/#primaryimage","url":"https:\/\/www.cascinabricchetto.it\/wp-content\/uploads\/2023\/11\/Screen-Shot-2015-01-28-at-01.08.591.png","contentUrl":"https:\/\/www.cascinabricchetto.it\/wp-content\/uploads\/2023\/11\/Screen-Shot-2015-01-28-at-01.08.591.png","width":1024,"height":409},{"@type":"BreadcrumbList","@id":"https:\/\/www.cascinabricchetto.it\/de\/langhe-piemont-wo-wir-sind\/#breadcrumb","itemListElement":[{"@type":"ListItem","position":1,"name":"Home","item":"https:\/\/www.cascinabricchetto.it\/de\/"},{"@type":"ListItem","position":2,"name":"Langhe, wo wir sind"}]},{"@type":"WebSite","@id":"https:\/\/www.cascinabricchetto.it\/de\/#website","url":"https:\/\/www.cascinabricchetto.it\/de\/","name":"Cascina Bricchetto","description":"","potentialAction":[{"@type":"SearchAction","target":{"@type":"EntryPoint","urlTemplate":"https:\/\/www.cascinabricchetto.it\/de\/?s={search_term_string}"},"query-input":{"@type":"PropertyValueSpecification","valueRequired":true,"valueName":"search_term_string"}}],"inLanguage":"de"}]}},"_links":{"self":[{"href":"https:\/\/www.cascinabricchetto.it\/de\/wp-json\/wp\/v2\/pages\/2652","targetHints":{"allow":["GET"]}}],"collection":[{"href":"https:\/\/www.cascinabricchetto.it\/de\/wp-json\/wp\/v2\/pages"}],"about":[{"href":"https:\/\/www.cascinabricchetto.it\/de\/wp-json\/wp\/v2\/types\/page"}],"author":[{"embeddable":true,"href":"https:\/\/www.cascinabricchetto.it\/de\/wp-json\/wp\/v2\/users\/1"}],"replies":[{"embeddable":true,"href":"https:\/\/www.cascinabricchetto.it\/de\/wp-json\/wp\/v2\/comments?post=2652"}],"version-history":[{"count":0,"href":"https:\/\/www.cascinabricchetto.it\/de\/wp-json\/wp\/v2\/pages\/2652\/revisions"}],"wp:featuredmedia":[{"embeddable":true,"href":"https:\/\/www.cascinabricchetto.it\/de\/wp-json\/wp\/v2\/media\/26334"}],"wp:attachment":[{"href":"https:\/\/www.cascinabricchetto.it\/de\/wp-json\/wp\/v2\/media?parent=2652"}],"curies":[{"name":"wp","href":"https:\/\/api.w.org\/{rel}","templated":true}]}}