{"id":2650,"date":"2014-04-14T16:18:10","date_gmt":"2014-04-14T14:18:10","guid":{"rendered":"http:\/\/www.cascinabricchetto.it\/?page_id=2650"},"modified":"2025-05-20T15:26:10","modified_gmt":"2025-05-20T13:26:10","slug":"der-bauernhof","status":"publish","type":"page","link":"https:\/\/www.cascinabricchetto.it\/de\/der-bauernhof\/","title":{"rendered":"La cascina"},"content":{"rendered":"[vc_row type=&#8220;in_container&#8220; full_screen_row_position=&#8220;middle&#8220; column_margin=&#8220;default&#8220; column_direction=&#8220;default&#8220; column_direction_tablet=&#8220;default&#8220; column_direction_phone=&#8220;default&#8220; scene_position=&#8220;center&#8220; text_color=&#8220;dark&#8220; text_align=&#8220;left&#8220; row_border_radius=&#8220;none&#8220; row_border_radius_applies=&#8220;bg&#8220; overflow=&#8220;visible&#8220; overlay_strength=&#8220;0.3&#8243; gradient_direction=&#8220;left_to_right&#8220; shape_divider_position=&#8220;bottom&#8220; bg_image_animation=&#8220;none&#8220;][vc_column column_padding=&#8220;no-extra-padding&#8220; column_padding_tablet=&#8220;inherit&#8220; column_padding_phone=&#8220;inherit&#8220; column_padding_position=&#8220;all&#8220; column_element_direction_desktop=&#8220;default&#8220; column_element_spacing=&#8220;default&#8220; desktop_text_alignment=&#8220;default&#8220; tablet_text_alignment=&#8220;default&#8220; phone_text_alignment=&#8220;default&#8220; background_color_opacity=&#8220;1&#8243; background_hover_color_opacity=&#8220;1&#8243; column_backdrop_filter=&#8220;none&#8220; column_shadow=&#8220;none&#8220; column_border_radius=&#8220;none&#8220; column_link_target=&#8220;_self&#8220; column_position=&#8220;default&#8220; gradient_direction=&#8220;left_to_right&#8220; overlay_strength=&#8220;0.3&#8243; width=&#8220;1\/1&#8243; tablet_width_inherit=&#8220;default&#8220; animation_type=&#8220;default&#8220; bg_image_animation=&#8220;none&#8220; border_type=&#8220;simple&#8220; column_border_width=&#8220;none&#8220; column_border_style=&#8220;solid&#8220;][vc_column_text]\r\n<p>Die Cascina (italienisches Wort f\u00fcr Bauernhof) liegt in der Gemeinde von Trezzo Tinella (Cn), etwa<br \/>zehn Kilometer von Alba und 3 Kilometer von Barbaresco entfernt. Sie ist aus dem Stein der Langa<br \/>gebaut und wahrscheinlich die \u00e4lteste in der Gemeinde (etwa um 1700 erbaut), warm im Winter<br \/>und k\u00fchl im Sommer. Sie steht auf einer H\u00fcgelkuppe, von Reben und Baumbestand umgeben, in<br \/>einer H\u00f6he von etwa 550 m und bietet 2 Ferienh\u00e4user, die aus dem zentralen Bau des alten<br \/>Bauernhofs gewonnen wurden. Die beiden Ferienh\u00e4user entsprechen einem hohen<br \/>Qualit\u00e4tsstandard, der von der Italienischen Handelskammer mit der Auszeichnung &#8222;Ospitalit\u00e0<br \/>Italiana&#8220; zertifiziert worden ist.<br \/>Den G\u00e4sten stehen die umliegenden Wiesen mit einheimischen B\u00e4umen wie Hainbuche,<br \/>Goldregen, Mispel, schwarzer und wei\u00dfer Ahorn, sowie eine Pergola zur Verf\u00fcgung. Nach<br \/>Absprache sind Fr\u00fcchte und Gem\u00fcse aus eigenem Anbau erh\u00e4ltlich.<\/p>\r\n\r\n<div class=\"wp-block-image\">\r\n<figure class=\"aligncenter is-resized\"><img loading=\"lazy\" decoding=\"async\" width=\"1500\" height=\"594\" class=\"wp-image-26797\" style=\"width: 1500px;\" src=\"https:\/\/www.cascinabricchetto.it\/wp-content\/uploads\/2024\/01\/cascina-langhe.jpg\" alt=\"\" srcset=\"https:\/\/www.cascinabricchetto.it\/wp-content\/uploads\/2024\/01\/cascina-langhe.jpg 960w, https:\/\/www.cascinabricchetto.it\/wp-content\/uploads\/2024\/01\/cascina-langhe-300x119.jpg 300w, https:\/\/www.cascinabricchetto.it\/wp-content\/uploads\/2024\/01\/cascina-langhe-768x304.jpg 768w\" sizes=\"auto, (max-width: 1500px) 100vw, 1500px\" \/><\/figure><\/div>\r\n<p>Der traditionelle \u201ePortikus\u201c aus dem Stein der Langa besteht aus zwei gro\u00dfen, \u00fcberdachten Terrassen. Die eine ist nach S\u00fcden mit herrlicher Aussicht auf die Seealpen und die Cottischen Alpen ausgerichtet, die andere nach Norden mit Blick auf die H\u00fcgel bis zum Massiv des Monte Rosa. Die Terrassen sind mit Tischen, St\u00fchlen, Sesseln und einem Barbecue ausgestattet. Vor dem Portikus steht eine Wiese zum Sonnenbaden zur Verf\u00fcgung und f\u00fcr unsere kleinen G\u00e4ste gibt es einen Sandkasten, viele Spielsachen, Schaukeln und ein Planschbecken.<\/p>\r\n\r\n<p>Der <strong>traditionelle \u201ePortikus\u201c aus Langa-Stein<\/strong> besteht aus zwei gro\u00dfen, gedeckten Terrassen; die eine liegt nach S\u00fcden mit herrlicher Aussicht auf die Meeralpen und die Cottischen Alpen, die andere nach Norden mit Blick auf die H\u00fcgel bis zum Monte Rosa-Massiv. Die Terrassen sind mit Tischen, St\u00fchlen, Sesseln und Grill eingerichtet; in der Mitte befindet sich ein Parkplatz. Vor dem Portikus steht eine Wiese zum Sonnenbaden zur Verf\u00fcgung; f\u00fcr unsere kleinen G\u00e4ste gibt es einen Sandkasten, viele Spielsachen, Schaukeln und ein Planschbecken. In der Mitte befindet sich ein Parkplatz. <\/p>\r\n<p>Das Panorama ist au\u00dfergew\u00f6hnlich, man blickt \u00fcber ein Meer an H\u00fcgeln, das vom Monviso und vom Monte Rosa-Massiv \u00fcberragt wird. Die H\u00fcgel sind mit Reben und Haselnussstr\u00e4uchern bepflanzt, ebenso sind W\u00e4lder und Felder zu sehen. Die nat\u00fcrliche Sch\u00f6nheit des Gebietes wird durch das Ergebnis der konstanten und m\u00fchsamen Arbeit des Menschen hervorgehoben. <\/p>\r\n<p>Die Cascina Bricchetto liegt mitten im Gebiet der \u201eromantischen Wege der Langhe und des Roero\u201c,<br \/>\r\ndie G\u00e4ste k\u00f6nnen fantastische Spazierg\u00e4nge machen, auf Wunsch auch unter kundiger F\u00fchrung,<br \/>\r\nzum Beispiel mit Experten der heimischen Flora und Fauna.\r\n<\/p>\r\n\r\n\r\n<figure class=\"wp-block-video aligncenter\"><video src=\"https:\/\/www.cascinabricchetto.it\/wp-content\/uploads\/2023\/08\/fromTheTopHome.webm\" controls=\"controls\" width=\"300\" height=\"150\"><\/video><\/figure>\r\n\r\n<p>&nbsp;<\/p>\r\n[\/vc_column_text][\/vc_column][\/vc_row]\r\n","protected":false},"excerpt":{"rendered":"<p>[vc_row type=&#8220;in_container&#8220; full_screen_row_position=&#8220;middle&#8220; column_margin=&#8220;default&#8220; column_direction=&#8220;default&#8220; column_direction_tablet=&#8220;default&#8220; column_direction_phone=&#8220;default&#8220; scene_position=&#8220;center&#8220; text_color=&#8220;dark&#8220; text_align=&#8220;left&#8220; row_border_radius=&#8220;none&#8220; row_border_radius_applies=&#8220;bg&#8220; overflow=&#8220;visible&#8220; overlay_strength=&#8220;0.3&#8243; gradient_direction=&#8220;left_to_right&#8220; shape_divider_position=&#8220;bottom&#8220; bg_image_animation=&#8220;none&#8220;][vc_column column_padding=&#8220;no-extra-padding&#8220; column_padding_tablet=&#8220;inherit&#8220; column_padding_phone=&#8220;inherit&#8220; column_padding_position=&#8220;all&#8220; column_element_direction_desktop=&#8220;default&#8220; column_element_spacing=&#8220;default&#8220; desktop_text_alignment=&#8220;default&#8220; tablet_text_alignment=&#8220;default&#8220; phone_text_alignment=&#8220;default&#8220; background_color_opacity=&#8220;1&#8243; background_hover_color_opacity=&#8220;1&#8243; column_backdrop_filter=&#8220;none&#8220; column_shadow=&#8220;none&#8220;&#8230;<\/p>\n","protected":false},"author":1,"featured_media":26370,"parent":0,"menu_order":0,"comment_status":"closed","ping_status":"closed","template":"","meta":{"footnotes":""},"class_list":["post-2650","page","type-page","status-publish","has-post-thumbnail"],"yoast_head":"<!-- This site is optimized with the Yoast SEO plugin v23.9 - https:\/\/yoast.com\/wordpress\/plugins\/seo\/ -->\n<title>La cascina - Cascina Bricchetto<\/title>\n<meta name=\"robots\" content=\"index, follow, max-snippet:-1, max-image-preview:large, max-video-preview:-1\" \/>\n<link rel=\"canonical\" href=\"https:\/\/www.cascinabricchetto.it\/de\/der-bauernhof\/\" \/>\n<meta property=\"og:locale\" content=\"de_DE\" \/>\n<meta property=\"og:type\" content=\"article\" \/>\n<meta property=\"og:title\" content=\"La cascina - Cascina Bricchetto\" \/>\n<meta property=\"og:description\" content=\"[vc_row type=&#8220;in_container&#8220; full_screen_row_position=&#8220;middle&#8220; column_margin=&#8220;default&#8220; column_direction=&#8220;default&#8220; column_direction_tablet=&#8220;default&#8220; column_direction_phone=&#8220;default&#8220; scene_position=&#8220;center&#8220; text_color=&#8220;dark&#8220; text_align=&#8220;left&#8220; row_border_radius=&#8220;none&#8220; row_border_radius_applies=&#8220;bg&#8220; overflow=&#8220;visible&#8220; overlay_strength=&#8220;0.3&#8243; gradient_direction=&#8220;left_to_right&#8220; shape_divider_position=&#8220;bottom&#8220; bg_image_animation=&#8220;none&#8220;][vc_column column_padding=&#8220;no-extra-padding&#8220; column_padding_tablet=&#8220;inherit&#8220; column_padding_phone=&#8220;inherit&#8220; column_padding_position=&#8220;all&#8220; column_element_direction_desktop=&#8220;default&#8220; column_element_spacing=&#8220;default&#8220; desktop_text_alignment=&#8220;default&#8220; tablet_text_alignment=&#8220;default&#8220; phone_text_alignment=&#8220;default&#8220; background_color_opacity=&#8220;1&#8243; background_hover_color_opacity=&#8220;1&#8243; column_backdrop_filter=&#8220;none&#8220; column_shadow=&#8220;none&#8220;...\" \/>\n<meta property=\"og:url\" content=\"https:\/\/www.cascinabricchetto.it\/de\/der-bauernhof\/\" \/>\n<meta property=\"og:site_name\" content=\"Cascina Bricchetto\" \/>\n<meta property=\"article:modified_time\" content=\"2025-05-20T13:26:10+00:00\" \/>\n<meta property=\"og:image\" content=\"https:\/\/www.cascinabricchetto.it\/wp-content\/uploads\/2023\/11\/slide-new1.jpg\" \/>\n\t<meta property=\"og:image:width\" content=\"1440\" \/>\n\t<meta property=\"og:image:height\" content=\"500\" \/>\n\t<meta property=\"og:image:type\" content=\"image\/jpeg\" \/>\n<meta name=\"twitter:card\" content=\"summary_large_image\" \/>\n<meta name=\"twitter:label1\" content=\"Gesch\u00e4tzte Lesezeit\" \/>\n\t<meta name=\"twitter:data1\" content=\"3\u00a0Minuten\" \/>\n<script type=\"application\/ld+json\" class=\"yoast-schema-graph\">{\"@context\":\"https:\/\/schema.org\",\"@graph\":[{\"@type\":\"WebPage\",\"@id\":\"https:\/\/www.cascinabricchetto.it\/de\/der-bauernhof\/\",\"url\":\"https:\/\/www.cascinabricchetto.it\/de\/der-bauernhof\/\",\"name\":\"La cascina - Cascina Bricchetto\",\"isPartOf\":{\"@id\":\"https:\/\/www.cascinabricchetto.it\/de\/#website\"},\"primaryImageOfPage\":{\"@id\":\"https:\/\/www.cascinabricchetto.it\/de\/der-bauernhof\/#primaryimage\"},\"image\":{\"@id\":\"https:\/\/www.cascinabricchetto.it\/de\/der-bauernhof\/#primaryimage\"},\"thumbnailUrl\":\"https:\/\/www.cascinabricchetto.it\/wp-content\/uploads\/2023\/11\/slide-new1.jpg\",\"datePublished\":\"2014-04-14T14:18:10+00:00\",\"dateModified\":\"2025-05-20T13:26:10+00:00\",\"breadcrumb\":{\"@id\":\"https:\/\/www.cascinabricchetto.it\/de\/der-bauernhof\/#breadcrumb\"},\"inLanguage\":\"de\",\"potentialAction\":[{\"@type\":\"ReadAction\",\"target\":[\"https:\/\/www.cascinabricchetto.it\/de\/der-bauernhof\/\"]}]},{\"@type\":\"ImageObject\",\"inLanguage\":\"de\",\"@id\":\"https:\/\/www.cascinabricchetto.it\/de\/der-bauernhof\/#primaryimage\",\"url\":\"https:\/\/www.cascinabricchetto.it\/wp-content\/uploads\/2023\/11\/slide-new1.jpg\",\"contentUrl\":\"https:\/\/www.cascinabricchetto.it\/wp-content\/uploads\/2023\/11\/slide-new1.jpg\",\"width\":1440,\"height\":500},{\"@type\":\"BreadcrumbList\",\"@id\":\"https:\/\/www.cascinabricchetto.it\/de\/der-bauernhof\/#breadcrumb\",\"itemListElement\":[{\"@type\":\"ListItem\",\"position\":1,\"name\":\"Home\",\"item\":\"https:\/\/www.cascinabricchetto.it\/de\/\"},{\"@type\":\"ListItem\",\"position\":2,\"name\":\"La cascina\"}]},{\"@type\":\"WebSite\",\"@id\":\"https:\/\/www.cascinabricchetto.it\/de\/#website\",\"url\":\"https:\/\/www.cascinabricchetto.it\/de\/\",\"name\":\"Cascina Bricchetto\",\"description\":\"\",\"potentialAction\":[{\"@type\":\"SearchAction\",\"target\":{\"@type\":\"EntryPoint\",\"urlTemplate\":\"https:\/\/www.cascinabricchetto.it\/de\/?s={search_term_string}\"},\"query-input\":{\"@type\":\"PropertyValueSpecification\",\"valueRequired\":true,\"valueName\":\"search_term_string\"}}],\"inLanguage\":\"de\"}]}<\/script>\n<!-- \/ Yoast SEO plugin. -->","yoast_head_json":{"title":"La cascina - Cascina Bricchetto","robots":{"index":"index","follow":"follow","max-snippet":"max-snippet:-1","max-image-preview":"max-image-preview:large","max-video-preview":"max-video-preview:-1"},"canonical":"https:\/\/www.cascinabricchetto.it\/de\/der-bauernhof\/","og_locale":"de_DE","og_type":"article","og_title":"La cascina - Cascina Bricchetto","og_description":"[vc_row type=&#8220;in_container&#8220; full_screen_row_position=&#8220;middle&#8220; column_margin=&#8220;default&#8220; column_direction=&#8220;default&#8220; column_direction_tablet=&#8220;default&#8220; column_direction_phone=&#8220;default&#8220; scene_position=&#8220;center&#8220; text_color=&#8220;dark&#8220; text_align=&#8220;left&#8220; row_border_radius=&#8220;none&#8220; row_border_radius_applies=&#8220;bg&#8220; overflow=&#8220;visible&#8220; overlay_strength=&#8220;0.3&#8243; gradient_direction=&#8220;left_to_right&#8220; shape_divider_position=&#8220;bottom&#8220; bg_image_animation=&#8220;none&#8220;][vc_column column_padding=&#8220;no-extra-padding&#8220; column_padding_tablet=&#8220;inherit&#8220; column_padding_phone=&#8220;inherit&#8220; column_padding_position=&#8220;all&#8220; column_element_direction_desktop=&#8220;default&#8220; column_element_spacing=&#8220;default&#8220; desktop_text_alignment=&#8220;default&#8220; tablet_text_alignment=&#8220;default&#8220; phone_text_alignment=&#8220;default&#8220; background_color_opacity=&#8220;1&#8243; background_hover_color_opacity=&#8220;1&#8243; column_backdrop_filter=&#8220;none&#8220; column_shadow=&#8220;none&#8220;...","og_url":"https:\/\/www.cascinabricchetto.it\/de\/der-bauernhof\/","og_site_name":"Cascina Bricchetto","article_modified_time":"2025-05-20T13:26:10+00:00","og_image":[{"width":1440,"height":500,"url":"https:\/\/www.cascinabricchetto.it\/wp-content\/uploads\/2023\/11\/slide-new1.jpg","type":"image\/jpeg"}],"twitter_card":"summary_large_image","twitter_misc":{"Gesch\u00e4tzte Lesezeit":"3\u00a0Minuten"},"schema":{"@context":"https:\/\/schema.org","@graph":[{"@type":"WebPage","@id":"https:\/\/www.cascinabricchetto.it\/de\/der-bauernhof\/","url":"https:\/\/www.cascinabricchetto.it\/de\/der-bauernhof\/","name":"La cascina - Cascina Bricchetto","isPartOf":{"@id":"https:\/\/www.cascinabricchetto.it\/de\/#website"},"primaryImageOfPage":{"@id":"https:\/\/www.cascinabricchetto.it\/de\/der-bauernhof\/#primaryimage"},"image":{"@id":"https:\/\/www.cascinabricchetto.it\/de\/der-bauernhof\/#primaryimage"},"thumbnailUrl":"https:\/\/www.cascinabricchetto.it\/wp-content\/uploads\/2023\/11\/slide-new1.jpg","datePublished":"2014-04-14T14:18:10+00:00","dateModified":"2025-05-20T13:26:10+00:00","breadcrumb":{"@id":"https:\/\/www.cascinabricchetto.it\/de\/der-bauernhof\/#breadcrumb"},"inLanguage":"de","potentialAction":[{"@type":"ReadAction","target":["https:\/\/www.cascinabricchetto.it\/de\/der-bauernhof\/"]}]},{"@type":"ImageObject","inLanguage":"de","@id":"https:\/\/www.cascinabricchetto.it\/de\/der-bauernhof\/#primaryimage","url":"https:\/\/www.cascinabricchetto.it\/wp-content\/uploads\/2023\/11\/slide-new1.jpg","contentUrl":"https:\/\/www.cascinabricchetto.it\/wp-content\/uploads\/2023\/11\/slide-new1.jpg","width":1440,"height":500},{"@type":"BreadcrumbList","@id":"https:\/\/www.cascinabricchetto.it\/de\/der-bauernhof\/#breadcrumb","itemListElement":[{"@type":"ListItem","position":1,"name":"Home","item":"https:\/\/www.cascinabricchetto.it\/de\/"},{"@type":"ListItem","position":2,"name":"La cascina"}]},{"@type":"WebSite","@id":"https:\/\/www.cascinabricchetto.it\/de\/#website","url":"https:\/\/www.cascinabricchetto.it\/de\/","name":"Cascina Bricchetto","description":"","potentialAction":[{"@type":"SearchAction","target":{"@type":"EntryPoint","urlTemplate":"https:\/\/www.cascinabricchetto.it\/de\/?s={search_term_string}"},"query-input":{"@type":"PropertyValueSpecification","valueRequired":true,"valueName":"search_term_string"}}],"inLanguage":"de"}]}},"_links":{"self":[{"href":"https:\/\/www.cascinabricchetto.it\/de\/wp-json\/wp\/v2\/pages\/2650","targetHints":{"allow":["GET"]}}],"collection":[{"href":"https:\/\/www.cascinabricchetto.it\/de\/wp-json\/wp\/v2\/pages"}],"about":[{"href":"https:\/\/www.cascinabricchetto.it\/de\/wp-json\/wp\/v2\/types\/page"}],"author":[{"embeddable":true,"href":"https:\/\/www.cascinabricchetto.it\/de\/wp-json\/wp\/v2\/users\/1"}],"replies":[{"embeddable":true,"href":"https:\/\/www.cascinabricchetto.it\/de\/wp-json\/wp\/v2\/comments?post=2650"}],"version-history":[{"count":9,"href":"https:\/\/www.cascinabricchetto.it\/de\/wp-json\/wp\/v2\/pages\/2650\/revisions"}],"predecessor-version":[{"id":30073,"href":"https:\/\/www.cascinabricchetto.it\/de\/wp-json\/wp\/v2\/pages\/2650\/revisions\/30073"}],"wp:featuredmedia":[{"embeddable":true,"href":"https:\/\/www.cascinabricchetto.it\/de\/wp-json\/wp\/v2\/media\/26370"}],"wp:attachment":[{"href":"https:\/\/www.cascinabricchetto.it\/de\/wp-json\/wp\/v2\/media?parent=2650"}],"curies":[{"name":"wp","href":"https:\/\/api.w.org\/{rel}","templated":true}]}}