{"id":2639,"date":"2013-06-09T20:17:17","date_gmt":"2013-06-09T18:17:17","guid":{"rendered":"http:\/\/www.cascinabricchetto.it\/?page_id=2639"},"modified":"2026-01-12T09:08:48","modified_gmt":"2026-01-12T08:08:48","slug":"hauser","status":"publish","type":"page","link":"https:\/\/www.cascinabricchetto.it\/de\/hauser\/","title":{"rendered":"H\u00e4user"},"content":{"rendered":"\n<h2 class=\"wp-block-heading\"><strong>Wohnungen<\/strong><\/h2>\n\n\n\n<p>Aufenthalt in der Cascina Bricchetto in zwei luxuri\u00f6sen <strong>Wohnungen<\/strong>:<\/p>\n\n\n\n<ul class=\"wp-block-list\">\n<li><strong><a href=\"https:\/\/www.cascinabricchetto.it\/de\/hauser\/haus-des-steinofens\/\">Haus des Steinofens<\/a>:\u00a0<\/strong>100 m\u00b2, 2\u00a0Schlafzimmer &#8211; 2 Badezimmer, Wohnzimmer, K\u00fcche.<\/li>\n\n\n\n<li><strong><a href=\"https:\/\/www.cascinabricchetto.it\/de\/hauser\/haus-der-weinlaube\/\">Haus der Weinlaube<\/a>:\u00a0<\/strong>150 m\u00b2, 3\u00a0Schlafzimmer &#8211; 3 Badezimmer, Wohnzimmer mit Wohnk\u00fcche.<\/li>\n<\/ul>\n\n\n\n<p><span class=\"HwtZe\" lang=\"de\"><span class=\"jCAhz ChMk0b\"><span class=\"ryNqvb\">Es besteht die M\u00f6glichkeit, beide H\u00e4user f\u00fcr gr\u00f6\u00dfere Gruppen von bis zu 14 Personen zu reservieren:<\/span><\/span><\/span><\/p>\n\n\n\n<ul class=\"wp-block-list\">\n<li><strong><a href=\"https:\/\/www.cascinabricchetto.it\/de\/hauser\/haus-des-steinofens\/\">Haus des Steinofens<\/a><\/strong>\u00a0+ <strong><a href=\"https:\/\/www.cascinabricchetto.it\/de\/hauser\/haus-der-weinlaube\/\">Haus der Weinlaube<\/a><\/strong>: 250 m\u00b2, 5 Schlafzimmer, 5 Badezimmer, <span class=\"HwtZe\" lang=\"de\"><span class=\"jCAhz ChMk0b\"><span class=\"ryNqvb\">2 K\u00fcchen<\/span><\/span><\/span>.<\/li>\n<\/ul>\n\n\n\n<p>Jede Wohnung ist <strong>vollkommen unabh\u00e4ngig,<\/strong> mit <strong>Balkon<\/strong>, <strong>Kamin<\/strong> undjedem Komfort ausgestattet.<\/p>\n\n\n\n<p>Die Wohnungen sind mit antiken und modernen M\u00f6beln eingerichtet.<\/p>\n\n\n\n<p><strong>Kostenloses WI-FI<\/strong>&nbsp;drinnen und im Freien.<\/p>\n\n\n\n<p>Bei den k\u00fcrzlich durchgef\u00fchrten Renovierungsarbeiten wurden die typischen Eigenheiten m\u00f6glichst erhalten, wie zum Beispiel die Deckenw\u00f6lbungen aus Sichtbackstein, und nat\u00fcrliche, lokale Materialien verwendet.<\/p>\n\n\n\n<p>Die Gemeinschaftsr\u00e4ume dienen dem gem\u00fctlichen Zusammensein, dem gemeinsamen Essen oder zum Verbringen eines gemeinsamen, fr\u00f6hlichen Abends vor dem Kaminfeuer.<\/p>\n\n\n\n<p>Auf Wunsch der G\u00e4ste ist ein ausgiebiges Fr\u00fchst\u00fcck erh\u00e4ltlich, mit nach alten Hausrezepten zubereiteten Kuchen und Marmeladen.<\/p>\n\n\n\n<h4 class=\"wp-block-heading\">In jeder Wohnung sind vorhanden:<\/h4>\n\n\n\n<ul class=\"wp-block-list\">\n<li>W\u00e4sche aus Naturfasern f\u00fcr die Wohnung und in anderen Fasern f\u00fcr drau\u00dfen.<\/li>\n\n\n\n<li>Waschmaschine, Geschirrsp\u00fcler, B\u00fcgeleisen und -brett.<\/li>\n\n\n\n<li>Vollst\u00e4ndig eingerichtete K\u00fcche mit K\u00fchlschrank und Tiefk\u00fchler, elegantem Geschirr, bunten Tischt\u00fcchern, Wasserkocher und Toaster.<\/li>\n\n\n\n<li>Seifen, Reinigungsmittel, Haartrockner<\/li>\n\n\n\n<li>Schwarztees, Aufgussgetr\u00e4nke, Kaffee, Zucker, Salz, Gew\u00fcrze und das N\u00f6tige zum Zubereiten von Nudeln oder Risotto.<\/li>\n\n\n\n<li>\u00a0Kelim-Teppiche, Bilder, Lampen, Kissen, B\u00fccher, bunte Tischt\u00fccher machen unsere Wohnungen gem\u00fctlich und gastfreundlich.<style>.embed-container { position: relative; padding-bottom: 56.25%; height: 0; overflow: hidden; max-width: 100%; height: auto; } .embed-container iframe, .embed-container object, .embed-container embed { position: absolute; top: 0; left: 0; width: 100%; height: 100%<\/style><\/li>\n<\/ul>\n\n\n\n<div class=\"embed-container\"><iframe src=\"\/\/player.vimeo.com\/video\/20564673?title=0&amp;byline=0&amp;portrait=0\" frameborder=\"0\" allowfullscreen=\"allowfullscreen\"><\/iframe><\/div>\n\n\n\n<div class=\"guesty-wrapper\">\n\n<div id=\"search-widget_IO312PWQ\"><script>!function(e,t,a,n,c,r){function s(t){e.console.log(\"[Guesty Embedded Widget]:\",t)}var i,d,l,o,y,m,g,h,p,u;n&&(i=n,d=t.getElementsByTagName(\"head\")[0],(l=t.createElement(\"link\")).rel=\"stylesheet\",l.type=\"text\/css\",l.href=i,l.media=\"all\",d.appendChild(l)),o=function(){try{e[a].create(r).catch(function(e){s(e.message)})}catch(e){s(e.message)}},h=!1,y=c,m=function(){h||this.readyState&&\"complete\"!=this.readyState||(h=!0,o())},(g=t.createElement(\"script\")).type=\"text\/javascript\",g.src=y,g.async=\"true\",g.onload=g.onreadystatechange=m,p=g,(u=t.getElementsByTagName(\"script\")[0]).parentNode.insertBefore(p,u)}(window,document,\"GuestySearchBarWidget\",\"https:\/\/s3.amazonaws.com\/guesty-frontend-production\/search-bar-production.css\",\"https:\/\/s3.amazonaws.com\/guesty-frontend-production\/search-bar-production.js\",{\"siteUrl\":\"stay.cascinabricchetto.it\",\"color\":\"#FFA700\"});<\/script><\/div>\n\n<\/div>\n","protected":false},"excerpt":{"rendered":"<p>Wohnungen Aufenthalt in der Cascina Bricchetto in zwei luxuri\u00f6sen Wohnungen: Es besteht die M\u00f6glichkeit, beide H\u00e4user f\u00fcr gr\u00f6\u00dfere Gruppen von bis zu 14 Personen zu reservieren: Jede Wohnung ist vollkommen&#8230;<\/p>\n","protected":false},"author":1,"featured_media":0,"parent":0,"menu_order":0,"comment_status":"closed","ping_status":"closed","template":"","meta":{"footnotes":""},"class_list":["post-2639","page","type-page","status-publish"],"yoast_head":"<!-- This site is optimized with the Yoast SEO plugin v23.9 - https:\/\/yoast.com\/wordpress\/plugins\/seo\/ -->\n<title>H\u00e4user - Cascina Bricchetto<\/title>\n<meta name=\"robots\" content=\"index, follow, max-snippet:-1, max-image-preview:large, max-video-preview:-1\" \/>\n<link rel=\"canonical\" href=\"https:\/\/www.cascinabricchetto.it\/de\/hauser\/\" \/>\n<meta property=\"og:locale\" content=\"de_DE\" \/>\n<meta property=\"og:type\" content=\"article\" \/>\n<meta property=\"og:title\" content=\"H\u00e4user - Cascina Bricchetto\" \/>\n<meta property=\"og:description\" content=\"Wohnungen Aufenthalt in der Cascina Bricchetto in zwei luxuri\u00f6sen Wohnungen: Es besteht die M\u00f6glichkeit, beide H\u00e4user f\u00fcr gr\u00f6\u00dfere Gruppen von bis zu 14 Personen zu reservieren: Jede Wohnung ist vollkommen...\" \/>\n<meta property=\"og:url\" content=\"https:\/\/www.cascinabricchetto.it\/de\/hauser\/\" \/>\n<meta property=\"og:site_name\" content=\"Cascina Bricchetto\" \/>\n<meta property=\"article:modified_time\" content=\"2026-01-12T08:08:48+00:00\" \/>\n<meta name=\"twitter:card\" content=\"summary_large_image\" \/>\n<meta name=\"twitter:label1\" content=\"Gesch\u00e4tzte Lesezeit\" \/>\n\t<meta name=\"twitter:data1\" content=\"1\u00a0Minute\" \/>\n<script type=\"application\/ld+json\" class=\"yoast-schema-graph\">{\"@context\":\"https:\/\/schema.org\",\"@graph\":[{\"@type\":\"WebPage\",\"@id\":\"https:\/\/www.cascinabricchetto.it\/de\/hauser\/\",\"url\":\"https:\/\/www.cascinabricchetto.it\/de\/hauser\/\",\"name\":\"H\u00e4user - Cascina Bricchetto\",\"isPartOf\":{\"@id\":\"https:\/\/www.cascinabricchetto.it\/de\/#website\"},\"datePublished\":\"2013-06-09T18:17:17+00:00\",\"dateModified\":\"2026-01-12T08:08:48+00:00\",\"breadcrumb\":{\"@id\":\"https:\/\/www.cascinabricchetto.it\/de\/hauser\/#breadcrumb\"},\"inLanguage\":\"de\",\"potentialAction\":[{\"@type\":\"ReadAction\",\"target\":[\"https:\/\/www.cascinabricchetto.it\/de\/hauser\/\"]}]},{\"@type\":\"BreadcrumbList\",\"@id\":\"https:\/\/www.cascinabricchetto.it\/de\/hauser\/#breadcrumb\",\"itemListElement\":[{\"@type\":\"ListItem\",\"position\":1,\"name\":\"Home\",\"item\":\"https:\/\/www.cascinabricchetto.it\/de\/\"},{\"@type\":\"ListItem\",\"position\":2,\"name\":\"H\u00e4user\"}]},{\"@type\":\"WebSite\",\"@id\":\"https:\/\/www.cascinabricchetto.it\/de\/#website\",\"url\":\"https:\/\/www.cascinabricchetto.it\/de\/\",\"name\":\"Cascina Bricchetto\",\"description\":\"\",\"potentialAction\":[{\"@type\":\"SearchAction\",\"target\":{\"@type\":\"EntryPoint\",\"urlTemplate\":\"https:\/\/www.cascinabricchetto.it\/de\/?s={search_term_string}\"},\"query-input\":{\"@type\":\"PropertyValueSpecification\",\"valueRequired\":true,\"valueName\":\"search_term_string\"}}],\"inLanguage\":\"de\"}]}<\/script>\n<!-- \/ Yoast SEO plugin. -->","yoast_head_json":{"title":"H\u00e4user - Cascina Bricchetto","robots":{"index":"index","follow":"follow","max-snippet":"max-snippet:-1","max-image-preview":"max-image-preview:large","max-video-preview":"max-video-preview:-1"},"canonical":"https:\/\/www.cascinabricchetto.it\/de\/hauser\/","og_locale":"de_DE","og_type":"article","og_title":"H\u00e4user - Cascina Bricchetto","og_description":"Wohnungen Aufenthalt in der Cascina Bricchetto in zwei luxuri\u00f6sen Wohnungen: Es besteht die M\u00f6glichkeit, beide H\u00e4user f\u00fcr gr\u00f6\u00dfere Gruppen von bis zu 14 Personen zu reservieren: Jede Wohnung ist vollkommen...","og_url":"https:\/\/www.cascinabricchetto.it\/de\/hauser\/","og_site_name":"Cascina Bricchetto","article_modified_time":"2026-01-12T08:08:48+00:00","twitter_card":"summary_large_image","twitter_misc":{"Gesch\u00e4tzte Lesezeit":"1\u00a0Minute"},"schema":{"@context":"https:\/\/schema.org","@graph":[{"@type":"WebPage","@id":"https:\/\/www.cascinabricchetto.it\/de\/hauser\/","url":"https:\/\/www.cascinabricchetto.it\/de\/hauser\/","name":"H\u00e4user - Cascina Bricchetto","isPartOf":{"@id":"https:\/\/www.cascinabricchetto.it\/de\/#website"},"datePublished":"2013-06-09T18:17:17+00:00","dateModified":"2026-01-12T08:08:48+00:00","breadcrumb":{"@id":"https:\/\/www.cascinabricchetto.it\/de\/hauser\/#breadcrumb"},"inLanguage":"de","potentialAction":[{"@type":"ReadAction","target":["https:\/\/www.cascinabricchetto.it\/de\/hauser\/"]}]},{"@type":"BreadcrumbList","@id":"https:\/\/www.cascinabricchetto.it\/de\/hauser\/#breadcrumb","itemListElement":[{"@type":"ListItem","position":1,"name":"Home","item":"https:\/\/www.cascinabricchetto.it\/de\/"},{"@type":"ListItem","position":2,"name":"H\u00e4user"}]},{"@type":"WebSite","@id":"https:\/\/www.cascinabricchetto.it\/de\/#website","url":"https:\/\/www.cascinabricchetto.it\/de\/","name":"Cascina Bricchetto","description":"","potentialAction":[{"@type":"SearchAction","target":{"@type":"EntryPoint","urlTemplate":"https:\/\/www.cascinabricchetto.it\/de\/?s={search_term_string}"},"query-input":{"@type":"PropertyValueSpecification","valueRequired":true,"valueName":"search_term_string"}}],"inLanguage":"de"}]}},"_links":{"self":[{"href":"https:\/\/www.cascinabricchetto.it\/de\/wp-json\/wp\/v2\/pages\/2639","targetHints":{"allow":["GET"]}}],"collection":[{"href":"https:\/\/www.cascinabricchetto.it\/de\/wp-json\/wp\/v2\/pages"}],"about":[{"href":"https:\/\/www.cascinabricchetto.it\/de\/wp-json\/wp\/v2\/types\/page"}],"author":[{"embeddable":true,"href":"https:\/\/www.cascinabricchetto.it\/de\/wp-json\/wp\/v2\/users\/1"}],"replies":[{"embeddable":true,"href":"https:\/\/www.cascinabricchetto.it\/de\/wp-json\/wp\/v2\/comments?post=2639"}],"version-history":[{"count":5,"href":"https:\/\/www.cascinabricchetto.it\/de\/wp-json\/wp\/v2\/pages\/2639\/revisions"}],"predecessor-version":[{"id":32989,"href":"https:\/\/www.cascinabricchetto.it\/de\/wp-json\/wp\/v2\/pages\/2639\/revisions\/32989"}],"wp:attachment":[{"href":"https:\/\/www.cascinabricchetto.it\/de\/wp-json\/wp\/v2\/media?parent=2639"}],"curies":[{"name":"wp","href":"https:\/\/api.w.org\/{rel}","templated":true}]}}